{"id":1267,"date":"2019-03-26T18:55:03","date_gmt":"2019-03-26T18:55:03","guid":{"rendered":"https:\/\/www.primefreight.com\/?page_id=1267"},"modified":"2019-03-26T18:55:42","modified_gmt":"2019-03-26T18:55:42","slug":"conditions-generales","status":"publish","type":"page","link":"https:\/\/www.primefreight.com\/fr\/conditions-generales\/","title":{"rendered":"Conditions g\u00e9n\u00e9rales d'utilisation"},"content":{"rendered":"<div class=\"wpb-content-wrapper\"><div class=\"vc_row wpb_row section vc_row-fluid vc_custom_1553626531122  grid_section mpc-row\" style=\" text-align:left;\"><div class=\"section_inner clearfix\"><div class=\"section_inner_margin clearfix\"><div class=\"wpb_column vc_column_container vc_col-sm-12 mpc-column\" data-column-id=\"mpc_column-1269e76d7a2b58d\"><div class=\"vc_column-inner\"><div class=\"wpb_wrapper\">\n\t<div class=\"wpb_text_column wpb_content_element\">\n\t\t<div class=\"wpb_wrapper\">\n\t\t\t<p>Derni\u00e8re mise \u00e0 jour : [wpautoterms last_updated_date]<\/p>\n<p>Veuillez lire attentivement les pr\u00e9sentes conditions d'utilisation (\"conditions\", \"conditions d'utilisation\") avant d'utiliser le site web [wpautoterms site_url] (le \"service\") exploit\u00e9 par [wpautoterms company_name] (\"nous\", \"nous\" ou \"notre\").<\/p>\n<p>L'acc\u00e8s au service et son utilisation sont subordonn\u00e9s \u00e0 l'acceptation et au respect des pr\u00e9sentes conditions. Ces conditions s'appliquent \u00e0 tous les visiteurs, utilisateurs et autres personnes qui acc\u00e8dent au service ou l'utilisent.<\/p>\n<p>En acc\u00e9dant au service ou en l'utilisant, vous acceptez d'\u00eatre li\u00e9 par les pr\u00e9sentes conditions. Si vous n'\u00eates pas d'accord avec une partie des conditions, vous ne pouvez pas acc\u00e9der au service.<\/p>\n<h2>Comptes<\/h2>\n<p>Lorsque vous cr\u00e9ez un compte chez nous, vous devez nous fournir des informations exactes, compl\u00e8tes et \u00e0 jour \u00e0 tout moment. Le non-respect de cette obligation constitue une violation des conditions, qui peut entra\u00eener la r\u00e9siliation imm\u00e9diate de votre compte sur notre service.<\/p>\n<p>Vous \u00eates responsable de la protection du mot de passe que vous utilisez pour acc\u00e9der au service et de toutes les activit\u00e9s ou actions effectu\u00e9es avec votre mot de passe, que celui-ci soit utilis\u00e9 dans le cadre de notre service ou d'un service tiers.<\/p>\n<p>Vous acceptez de ne pas divulguer votre mot de passe \u00e0 un tiers. Vous devez nous informer imm\u00e9diatement d\u00e8s que vous avez connaissance d'une violation de la s\u00e9curit\u00e9 ou d'une utilisation non autoris\u00e9e de votre compte.<\/p>\n<h2>Propri\u00e9t\u00e9 intellectuelle<\/h2>\n<p>Le service et son contenu original, ses caract\u00e9ristiques et ses fonctionnalit\u00e9s sont et resteront la propri\u00e9t\u00e9 exclusive de [wpautoterms company_name] et de ses conc\u00e9dants de licence.<\/p>\n<h2>Liens vers d'autres sites web<\/h2>\n<p>Notre service peut contenir des liens vers des sites web ou des services de tiers qui ne sont pas d\u00e9tenus ou contr\u00f4l\u00e9s par [wpautoterms company_name].<\/p>\n<p>[wpautoterms company_name] n'a aucun contr\u00f4le sur, et n'assume aucune responsabilit\u00e9 pour, le contenu, les politiques de confidentialit\u00e9, ou les pratiques de tout site web ou service tiers. Vous reconnaissez et acceptez en outre que [wpautoterms company_name] ne sera pas responsable, directement ou indirectement, de tout dommage ou perte caus\u00e9 ou suppos\u00e9 caus\u00e9 par ou en relation avec l'utilisation ou la confiance dans un tel contenu, des biens ou des services disponibles sur ou par l'interm\u00e9diaire de tels sites web ou services.<\/p>\n<p>Nous vous conseillons vivement de lire les conditions g\u00e9n\u00e9rales et les politiques de confidentialit\u00e9 de tous les sites web ou services de tiers que vous visitez.<\/p>\n<h2>Cessation d'activit\u00e9<\/h2>\n<p>Nous pouvons r\u00e9silier ou suspendre l'acc\u00e8s \u00e0 notre service imm\u00e9diatement, sans pr\u00e9avis ni responsabilit\u00e9, pour quelque raison que ce soit, y compris, mais sans s'y limiter, si vous enfreignez les conditions.<\/p>\n<p>Toutes les dispositions des conditions qui, de par leur nature, doivent survivre \u00e0 la r\u00e9siliation, y compris, sans s'y limiter, les dispositions relatives \u00e0 la propri\u00e9t\u00e9, les exclusions de garantie, l'indemnisation et les limitations de responsabilit\u00e9, resteront en vigueur.<\/p>\n<p>Nous pouvons r\u00e9silier ou suspendre votre compte imm\u00e9diatement, sans pr\u00e9avis ni responsabilit\u00e9, pour quelque raison que ce soit, y compris, mais sans s'y limiter, si vous ne respectez pas les conditions.<\/p>\n<p>En cas de r\u00e9siliation, votre droit d'utiliser le service cessera imm\u00e9diatement. Si vous souhaitez r\u00e9silier votre compte, vous pouvez simplement cesser d'utiliser le service.<\/p>\n<p>Toutes les dispositions des conditions qui, de par leur nature, doivent survivre \u00e0 la r\u00e9siliation, y compris, sans s'y limiter, les dispositions relatives \u00e0 la propri\u00e9t\u00e9, les exclusions de garantie, l'indemnisation et les limitations de responsabilit\u00e9, resteront en vigueur.<\/p>\n<h2>Clause de non-responsabilit\u00e9<\/h2>\n<p>Vous utilisez le service \u00e0 vos risques et p\u00e9rils. Le service est fourni \"EN L'\u00c9TAT\" et \"SELON LA DISPONIBILIT\u00c9\". Le service est fourni sans garantie d'aucune sorte, qu'elle soit expresse ou implicite, y compris, mais sans s'y limiter, les garanties implicites de qualit\u00e9 marchande, d'ad\u00e9quation \u00e0 un usage particulier, de non-contrefa\u00e7on ou d'ex\u00e9cution.<\/p>\n<h2>Droit applicable<\/h2>\n<p>Les pr\u00e9sentes conditions sont r\u00e9gies et interpr\u00e9t\u00e9es conform\u00e9ment aux lois du Canada, sans tenir compte des dispositions relatives aux conflits de lois.<\/p>\n<p>Le fait que nous ne fassions pas valoir un droit ou une disposition des pr\u00e9sentes conditions ne sera pas consid\u00e9r\u00e9 comme une renonciation \u00e0 ces droits. Si une disposition des pr\u00e9sentes conditions est jug\u00e9e invalide ou inapplicable par un tribunal, les autres dispositions des pr\u00e9sentes conditions resteront en vigueur. Les pr\u00e9sentes conditions constituent l'int\u00e9gralit\u00e9 de l'accord entre nous concernant notre service, et elles annulent et remplacent tout accord ant\u00e9rieur que nous pourrions avoir entre nous concernant le service.<\/p>\n<h2>Changements<\/h2>\n<p>Nous nous r\u00e9servons le droit, \u00e0 notre seule discr\u00e9tion, de modifier ou de remplacer ces conditions \u00e0 tout moment. Si une r\u00e9vision est importante, nous nous efforcerons de donner un pr\u00e9avis d'au moins 15 jours avant l'entr\u00e9e en vigueur des nouvelles conditions. Ce qui constitue un changement important sera d\u00e9termin\u00e9 \u00e0 notre seule discr\u00e9tion.<\/p>\n<p>En continuant \u00e0 acc\u00e9der \u00e0 notre service ou \u00e0 l'utiliser apr\u00e8s l'entr\u00e9e en vigueur de ces r\u00e9visions, vous acceptez d'\u00eatre li\u00e9 par les conditions r\u00e9vis\u00e9es. Si vous n'acceptez pas les nouvelles conditions, veuillez cesser d'utiliser le service.<\/p>\n<h2>Nous contacter<\/h2>\n<p>Si vous avez des questions concernant ces conditions, veuillez nous contacter.<\/p>\n\n\t\t<\/div>\n\t<\/div>\n<\/div><\/div><\/div><\/div><\/div><\/div>\n<\/div>","protected":false},"excerpt":{"rendered":"Derni\u00e8re mise \u00e0 jour : [wpautoterms last_updated_date] Veuillez lire attentivement les pr\u00e9sentes conditions d'utilisation (\"conditions\", \"conditions d'utilisation\") avant d'utiliser le site web [wpautoterms site_url] (le \"service\") exploit\u00e9 par [wpautoterms company_name] (\"nous\", \"nous\" ou \"notre\"). L'acc\u00e8s et l'utilisation du service sont subordonn\u00e9s \u00e0 l'acceptation des conditions suivantes","protected":false},"author":1,"featured_media":0,"parent":0,"menu_order":0,"comment_status":"closed","ping_status":"closed","template":"","meta":{"content-type":"","_mbp_gutenberg_autopost":false,"footnotes":""},"class_list":["post-1267","page","type-page","status-publish","hentry"],"_links":{"self":[{"href":"https:\/\/www.primefreight.com\/fr\/wp-json\/wp\/v2\/pages\/1267","targetHints":{"allow":["GET"]}}],"collection":[{"href":"https:\/\/www.primefreight.com\/fr\/wp-json\/wp\/v2\/pages"}],"about":[{"href":"https:\/\/www.primefreight.com\/fr\/wp-json\/wp\/v2\/types\/page"}],"author":[{"embeddable":true,"href":"https:\/\/www.primefreight.com\/fr\/wp-json\/wp\/v2\/users\/1"}],"replies":[{"embeddable":true,"href":"https:\/\/www.primefreight.com\/fr\/wp-json\/wp\/v2\/comments?post=1267"}],"version-history":[{"count":2,"href":"https:\/\/www.primefreight.com\/fr\/wp-json\/wp\/v2\/pages\/1267\/revisions"}],"predecessor-version":[{"id":1269,"href":"https:\/\/www.primefreight.com\/fr\/wp-json\/wp\/v2\/pages\/1267\/revisions\/1269"}],"wp:attachment":[{"href":"https:\/\/www.primefreight.com\/fr\/wp-json\/wp\/v2\/media?parent=1267"}],"curies":[{"name":"wp","href":"https:\/\/api.w.org\/{rel}","templated":true}]}}