{"id":1270,"date":"2019-03-26T18:56:28","date_gmt":"2019-03-26T18:56:28","guid":{"rendered":"https:\/\/www.primefreight.com\/?page_id=1270"},"modified":"2019-03-26T18:56:28","modified_gmt":"2019-03-26T18:56:28","slug":"politique-de-confidentialite","status":"publish","type":"page","link":"https:\/\/www.primefreight.com\/fr\/politique-de-confidentialite\/","title":{"rendered":"Politique de confidentialit\u00e9"},"content":{"rendered":"<div class=\"wpb-content-wrapper\"><div class=\"vc_row wpb_row section vc_row-fluid  grid_section mpc-row\" style=\" text-align:left;\"><div class=\"section_inner clearfix\"><div class=\"section_inner_margin clearfix\"><div class=\"wpb_column vc_column_container vc_col-sm-12 mpc-column\" data-column-id=\"mpc_column-9169e76d73d92b2\"><div class=\"vc_column-inner\"><div class=\"wpb_wrapper\">\n\t<div class=\"wpb_text_column wpb_content_element vc_custom_1553626567733\">\n\t\t<div class=\"wpb_wrapper\">\n\t\t\t<p>Derni\u00e8re mise \u00e0 jour : [wpautoterms last_updated_date]<\/p>\n<p>[wpautoterms company_name] (\"nous\", \"nous\" ou \"notre\") exploite le site web [wpautoterms site_name] (le \"service\").<\/p>\n<p>Cette page vous informe de nos politiques concernant la collecte, l'utilisation et la divulgation d'informations personnelles lorsque vous utilisez notre service.<\/p>\n<p>Nous n'utiliserons ni ne partagerons vos informations avec qui que ce soit, sauf dans les cas d\u00e9crits dans la pr\u00e9sente politique de protection de la vie priv\u00e9e.<\/p>\n<p>Nous utilisons vos informations personnelles pour fournir et am\u00e9liorer le service. En utilisant le service, vous acceptez la collecte et l'utilisation des informations conform\u00e9ment \u00e0 la pr\u00e9sente politique. Sauf d\u00e9finition contraire dans la pr\u00e9sente politique de confidentialit\u00e9, les termes utilis\u00e9s dans la pr\u00e9sente politique de confidentialit\u00e9 ont la m\u00eame signification que dans nos conditions g\u00e9n\u00e9rales, accessibles \u00e0 l'adresse [wpautoterms site_url].<\/p>\n<h2>Collecte et utilisation des informations<\/h2>\n<p>Lors de l'utilisation de notre service, nous pouvons vous demander de nous fournir certaines informations personnellement identifiables qui peuvent \u00eatre utilis\u00e9es pour vous contacter ou vous identifier. Les informations personnellement identifiables (\"informations personnelles\") peuvent inclure, mais ne sont pas limit\u00e9es \u00e0 :<\/p>\n<ul>\n<li>Nom<\/li>\n<li>Adresse \u00e9lectronique<\/li>\n<li>Num\u00e9ro de t\u00e9l\u00e9phone<\/li>\n<li>Adresse<\/li>\n<\/ul>\n<h2>Donn\u00e9es du journal<\/h2>\n<p>Nous recueillons des informations que votre navigateur envoie chaque fois que vous visitez notre service (\"donn\u00e9es de journal\"). Ces donn\u00e9es peuvent inclure des informations telles que l'adresse IP (Internet Protocol) de votre ordinateur, le type et la version de votre navigateur, les pages de notre service que vous visitez, l'heure et la date de votre visite, le temps pass\u00e9 sur ces pages et d'autres statistiques.<\/p>\n<h2>Cookies<\/h2>\n<p>Les cookies sont des fichiers contenant une petite quantit\u00e9 de donn\u00e9es, qui peuvent inclure un identifiant unique anonyme. Les cookies sont envoy\u00e9s \u00e0 votre navigateur par un site web et stock\u00e9s sur le disque dur de votre ordinateur.<\/p>\n<p>Nous utilisons des \"cookies\" pour collecter des informations. Vous pouvez configurer votre navigateur pour qu'il refuse tous les cookies ou pour qu'il vous indique quand un cookie est envoy\u00e9. Toutefois, si vous n'acceptez pas les cookies, il se peut que vous ne puissiez pas utiliser certaines parties de notre service.<\/p>\n<h2>Prestataires de services<\/h2>\n<p>Nous pouvons faire appel \u00e0 des soci\u00e9t\u00e9s et des personnes tierces pour faciliter notre service, pour fournir le service en notre nom, pour fournir des services li\u00e9s au service ou pour nous aider \u00e0 analyser la mani\u00e8re dont notre service est utilis\u00e9.<\/p>\n<p>Ces tiers n'ont acc\u00e8s \u00e0 vos informations personnelles que pour effectuer ces t\u00e2ches en notre nom et sont tenus de ne pas les divulguer ou les utiliser \u00e0 d'autres fins.<\/p>\n<h2>S\u00e9curit\u00e9<\/h2>\n<p>La s\u00e9curit\u00e9 de vos informations personnelles est importante pour nous, mais n'oubliez pas qu'aucune m\u00e9thode de transmission sur Internet ou de stockage \u00e9lectronique n'est s\u00fbre. Bien que nous nous efforcions d'utiliser des moyens commercialement acceptables pour prot\u00e9ger vos informations personnelles, nous ne pouvons pas garantir leur s\u00e9curit\u00e9 absolue.<\/p>\n<h2>Liens vers d'autres sites<\/h2>\n<p>Notre service peut contenir des liens vers d'autres sites qui ne sont pas exploit\u00e9s par nous. Si vous cliquez sur le lien d'un tiers, vous serez dirig\u00e9 vers le site de ce tiers. Nous vous conseillons vivement de consulter la politique de confidentialit\u00e9 de chaque site que vous visitez.<\/p>\n<p>Nous n'avons aucun contr\u00f4le sur le contenu, les politiques de confidentialit\u00e9 ou les pratiques des sites ou services tiers et n'assumons aucune responsabilit\u00e9 \u00e0 cet \u00e9gard.<\/p>\n<h2>Vie priv\u00e9e des enfants<\/h2>\n<p>Notre service ne s'adresse pas aux personnes \u00e2g\u00e9es de moins de 18 ans (\"enfants\").<\/p>\n<p>Nous ne recueillons pas sciemment d'informations personnellement identifiables aupr\u00e8s d'enfants de moins de 18 ans. Si vous \u00eates un parent ou un tuteur et que vous savez que votre enfant nous a fourni des informations personnelles, veuillez nous contacter. Si nous d\u00e9couvrons qu'un enfant de moins de 18 ans nous a fourni des informations personnelles, nous supprimerons imm\u00e9diatement ces informations de nos serveurs.<\/p>\n<h2>Respect des lois<\/h2>\n<p>Nous divulguerons vos informations personnelles si la loi ou une citation \u00e0 compara\u00eetre l'exige.<\/p>\n<h2>Modifications de la pr\u00e9sente politique de confidentialit\u00e9<\/h2>\n<p>Nous pouvons mettre \u00e0 jour notre politique de confidentialit\u00e9 de temps \u00e0 autre. Nous vous informerons de toute modification en publiant la nouvelle politique de confidentialit\u00e9 sur cette page.<\/p>\n<p>Nous vous conseillons de consulter r\u00e9guli\u00e8rement la pr\u00e9sente politique de confidentialit\u00e9 afin de prendre connaissance des \u00e9ventuelles modifications. Les modifications apport\u00e9es \u00e0 la pr\u00e9sente politique de protection de la vie priv\u00e9e entrent en vigueur au moment o\u00f9 elles sont publi\u00e9es sur cette page.<\/p>\n<h2>Nous contacter<\/h2>\n<p>Si vous avez des questions concernant cette politique de confidentialit\u00e9, veuillez nous contacter.<\/p>\n\n\t\t<\/div>\n\t<\/div>\n<\/div><\/div><\/div><\/div><\/div><\/div>\n<\/div>","protected":false},"excerpt":{"rendered":"Derni\u00e8re mise \u00e0 jour : [wpautoterms last_updated_date] [wpautoterms company_name] (\"nous\", \"nous\" ou \"notre\") exploite le site web [wpautoterms site_name] (le \"service\"). Cette page vous informe de nos politiques concernant la collecte, l'utilisation et la divulgation d'informations personnelles lorsque vous utilisez notre service. Nous n'utiliserons ni ne partagerons vos","protected":false},"author":1,"featured_media":0,"parent":0,"menu_order":0,"comment_status":"closed","ping_status":"closed","template":"","meta":{"content-type":"","_mbp_gutenberg_autopost":false,"footnotes":""},"class_list":["post-1270","page","type-page","status-publish","hentry"],"_links":{"self":[{"href":"https:\/\/www.primefreight.com\/fr\/wp-json\/wp\/v2\/pages\/1270","targetHints":{"allow":["GET"]}}],"collection":[{"href":"https:\/\/www.primefreight.com\/fr\/wp-json\/wp\/v2\/pages"}],"about":[{"href":"https:\/\/www.primefreight.com\/fr\/wp-json\/wp\/v2\/types\/page"}],"author":[{"embeddable":true,"href":"https:\/\/www.primefreight.com\/fr\/wp-json\/wp\/v2\/users\/1"}],"replies":[{"embeddable":true,"href":"https:\/\/www.primefreight.com\/fr\/wp-json\/wp\/v2\/comments?post=1270"}],"version-history":[{"count":1,"href":"https:\/\/www.primefreight.com\/fr\/wp-json\/wp\/v2\/pages\/1270\/revisions"}],"predecessor-version":[{"id":1271,"href":"https:\/\/www.primefreight.com\/fr\/wp-json\/wp\/v2\/pages\/1270\/revisions\/1271"}],"wp:attachment":[{"href":"https:\/\/www.primefreight.com\/fr\/wp-json\/wp\/v2\/media?parent=1270"}],"curies":[{"name":"wp","href":"https:\/\/api.w.org\/{rel}","templated":true}]}}