{"id":1341,"date":"2019-05-17T21:47:53","date_gmt":"2019-05-17T21:47:53","guid":{"rendered":"https:\/\/www.primefreight.com\/?page_id=1341"},"modified":"2025-01-02T13:49:32","modified_gmt":"2025-01-02T18:49:32","slug":"suivi-des-envois","status":"publish","type":"page","link":"https:\/\/www.primefreight.com\/fr\/services\/plateforme-en-ligne-prime-freight\/suivi-des-envois\/","title":{"rendered":"Suivi des envois"},"content":{"rendered":"<div class=\"wpb-content-wrapper\"><div class=\"vc_row wpb_row section vc_row-fluid  grid_section mpc-row\" style=\" text-align:left;\"><div class=\"section_inner clearfix\"><div class=\"section_inner_margin clearfix\"><div class=\"wpb_column vc_column_container vc_col-sm-12 vc_hidden-lg vc_hidden-md vc_hidden-sm mpc-column\" data-column-id=\"mpc_column-7169e61ecb447e5\"><div class=\"vc_column-inner vc_custom_1586966701272\"><div class=\"wpb_wrapper\">\n\t<div class=\"wpb_single_image wpb_content_element vc_align_center\">\n\t\t<div>\n\t\t<div class=\"wpb_wrapper\">\n\t\t\t\n\t\t\t<div class=\"vc_single_image-wrapper\"><img loading=\"lazy\" decoding=\"async\" width=\"1200\" height=\"734\" src=\"https:\/\/www.primefreight.com\/wp-content\/uploads\/2019\/09\/primecontainers.jpg\" class=\"vc_single_image-img attachment-full\" alt=\"\" title=\"primecontainers\" srcset=\"https:\/\/www.primefreight.com\/wp-content\/uploads\/2019\/09\/primecontainers.jpg 1200w, https:\/\/www.primefreight.com\/wp-content\/uploads\/2019\/09\/primecontainers-100x61.jpg 100w, https:\/\/www.primefreight.com\/wp-content\/uploads\/2019\/09\/primecontainers-768x470.jpg 768w, https:\/\/www.primefreight.com\/wp-content\/uploads\/2019\/09\/primecontainers-1024x626.jpg 1024w, https:\/\/www.primefreight.com\/wp-content\/uploads\/2019\/09\/primecontainers-700x428.jpg 700w, https:\/\/www.primefreight.com\/wp-content\/uploads\/2019\/09\/primecontainers-200x122.jpg 200w\" sizes=\"auto, (max-width: 1200px) 100vw, 1200px\"><\/div>\n\t\t<\/div> \n\t\t<\/div>\n\t<\/div> <\/div><\/div><\/div><\/div><\/div><\/div><div class=\"vc_row wpb_row section vc_row-fluid vc_custom_1586768208614 mpc-row\" style=\" text-align:left;\"><div class=\"full_section_inner clearfix\"><div class=\"wpb_column vc_column_container vc_col-sm-3 mpc-column\" data-column-id=\"mpc_column-1069e61ecb44c98\"><div class=\"vc_column-inner\"><div class=\"wpb_wrapper\"><\/div><\/div><\/div><div class=\"wpb_column vc_column_container vc_col-sm-6 mpc-column\" data-column-id=\"mpc_column-9469e61ecb44f28\"><div class=\"vc_column-inner\"><div class=\"wpb_wrapper\">\n\t<div class=\"wpb_text_column wpb_content_element\">\n\t\t<div class=\"wpb_wrapper\">\n\t\t\t<h2 style=\"text-align: center;\">Le syst\u00e8me de suivi des envois le plus avanc\u00e9 au monde<\/h2>\n<h3 style=\"text-align: center;\">Le seul transitaire \u00e0 \u00eatre directement connect\u00e9 \u00e0 chaque compagnie maritime, au GPS de bord des navires, aux ports, aux douanes et aux lignes ferroviaires, aux entrep\u00f4ts et aux camions de livraison. Nous combinons des donn\u00e9es provenant de sources multiples afin d'obtenir la localisation et l'heure d'arriv\u00e9e la plus pr\u00e9cise et la plus r\u00e9cente possible.<\/h3>\n\n\t\t<\/div>\n\t<\/div>\n<\/div><\/div><\/div><div class=\"wpb_column vc_column_container vc_col-sm-3 mpc-column\" data-column-id=\"mpc_column-1469e61ecb4503a\"><div class=\"vc_column-inner\"><div class=\"wpb_wrapper\"><\/div><\/div><\/div><\/div><\/div><div class=\"vc_row wpb_row section vc_row-fluid vc_custom_1586768092637  grid_section mpc-row\" style=\" text-align:left;\"><div class=\"section_inner clearfix\"><div class=\"section_inner_margin clearfix\"><div class=\"wpb_column vc_column_container vc_col-sm-12 vc_hidden-xs mpc-column\" data-column-id=\"mpc_column-5169e61ecb45560\"><div class=\"vc_column-inner\"><div class=\"wpb_wrapper\">\n\t<div class=\"wpb_single_image wpb_content_element vc_align_center\">\n\t\t<div>\n\t\t<div class=\"wpb_wrapper\">\n\t\t\t\n\t\t\t<div class=\"vc_single_image-wrapper\"><img loading=\"lazy\" decoding=\"async\" width=\"1024\" height=\"576\" src=\"https:\/\/www.primefreight.com\/wp-content\/uploads\/2025\/01\/9.-September-4K-1024x576.jpg\" class=\"vc_single_image-img attachment-large\" alt=\"\" title=\"9. September-4K\" srcset=\"https:\/\/www.primefreight.com\/wp-content\/uploads\/2025\/01\/9.-September-4K-1024x576.jpg 1024w, https:\/\/www.primefreight.com\/wp-content\/uploads\/2025\/01\/9.-September-4K-100x56.jpg 100w, https:\/\/www.primefreight.com\/wp-content\/uploads\/2025\/01\/9.-September-4K-768x432.jpg 768w, https:\/\/www.primefreight.com\/wp-content\/uploads\/2025\/01\/9.-September-4K-1536x864.jpg 1536w, https:\/\/www.primefreight.com\/wp-content\/uploads\/2025\/01\/9.-September-4K-2048x1152.jpg 2048w, https:\/\/www.primefreight.com\/wp-content\/uploads\/2025\/01\/9.-September-4K-18x10.jpg 18w, https:\/\/www.primefreight.com\/wp-content\/uploads\/2025\/01\/9.-September-4K-700x394.jpg 700w, https:\/\/www.primefreight.com\/wp-content\/uploads\/2025\/01\/9.-September-4K-539x303.jpg 539w, https:\/\/www.primefreight.com\/wp-content\/uploads\/2025\/01\/9.-September-4K-200x113.jpg 200w\" sizes=\"auto, (max-width: 1024px) 100vw, 1024px\"><\/div>\n\t\t<\/div> \n\t\t<\/div>\n\t<\/div> <\/div><\/div><\/div><\/div><\/div><\/div><div class=\"vc_row wpb_row section vc_row-fluid flex-ltr vc_custom_1586767926004  grid_section mpc-row\" style=\" text-align:left;\"><div class=\"section_inner clearfix\"><div class=\"section_inner_margin clearfix\"><div class=\"wpb_column vc_column_container vc_col-sm-6 mpc-column\" data-column-id=\"mpc_column-3469e61ecb45a30\"><div class=\"vc_column-inner\"><div class=\"wpb_wrapper\">\n\t<div class=\"wpb_text_column wpb_content_element\">\n\t\t<div class=\"wpb_wrapper\">\n\t\t\t<h2>Retrouvez vos envois dans le portail<\/h2>\n<h3>Le meilleur suivi des envois rencontre la meilleure plateforme de gestion des envois. Prime Freight vous donne acc\u00e8s aux m\u00eames informations que nous : des donn\u00e9es instantan\u00e9es, s\u00e9curis\u00e9es et en direct sur vos exp\u00e9ditions.<\/h3>\n\n\t\t<\/div>\n\t<\/div>\n\t<div class=\"vc_empty_space\" style=\"height: 10px\"><span class=\"vc_empty_space_inner\">\n\t\t\t<span class=\"empty_space_image\"><\/span>\n\t\t<\/span><\/div>\n\n<a href=\"https:\/\/www.primefreight.com\/fr\/services\/plateforme-en-ligne-prime-freight\/\" target=\"_self\" class=\"qbutton  medium white\" style=\"\">En savoir plus<i class=\"fa fa-arrow-right\" style=\"\"><\/i><\/a><\/div><\/div><\/div><div class=\"wpb_column vc_column_container vc_col-sm-6 mpc-column\" data-column-id=\"mpc_column-7769e61ecb45d2d\"><div class=\"vc_column-inner\"><div class=\"wpb_wrapper\">\n\t<div class=\"wpb_single_image wpb_content_element medium_image vc_align_right\">\n\t\t<div>\n\t\t<div class=\"wpb_wrapper\">\n\t\t\t\n\t\t\t<div class=\"vc_single_image-wrapper\"><img loading=\"lazy\" decoding=\"async\" width=\"571\" height=\"335\" src=\"https:\/\/www.primefreight.com\/wp-content\/uploads\/2019\/09\/Asset-1-3.png\" class=\"vc_single_image-img attachment-large\" alt=\"\" title=\"Actif 1\" srcset=\"https:\/\/www.primefreight.com\/wp-content\/uploads\/2019\/09\/Asset-1-3.png 571w, https:\/\/www.primefreight.com\/wp-content\/uploads\/2019\/09\/Asset-1-3-100x59.png 100w, https:\/\/www.primefreight.com\/wp-content\/uploads\/2019\/09\/Asset-1-3-570x335.png 570w, https:\/\/www.primefreight.com\/wp-content\/uploads\/2019\/09\/Asset-1-3-200x117.png 200w\" sizes=\"auto, (max-width: 571px) 100vw, 571px\"><\/div>\n\t\t<\/div> \n\t\t<\/div>\n\t<\/div> <\/div><\/div><\/div><\/div><\/div><\/div><div class=\"vc_row wpb_row section vc_row-fluid mpc-row\" style=\" text-align:left;\"><div class=\"full_section_inner clearfix\"><div class=\"wpb_column vc_column_container vc_col-sm-12 mpc-column\" data-column-id=\"mpc_column-3069e61ecb460df\"><div class=\"vc_column-inner\"><div class=\"wpb_wrapper\"><div class=\"separator\" style=\"\"><\/div>\n<\/div><\/div><\/div><\/div><\/div><div class=\"vc_row wpb_row section vc_row-fluid flex-rtl vc_custom_1586767954951  grid_section mpc-row\" style=\" text-align:left;\"><div class=\"section_inner clearfix\"><div class=\"section_inner_margin clearfix\"><div class=\"wpb_column vc_column_container vc_col-sm-6 mpc-column\" data-column-id=\"mpc_column-2769e61ecb46586\"><div class=\"vc_column-inner\"><div class=\"wpb_wrapper\">\n\t<div class=\"wpb_single_image wpb_content_element medium_image_left vc_align_center\">\n\t\t<div>\n\t\t<div class=\"wpb_wrapper\">\n\t\t\t\n\t\t\t<div class=\"vc_single_image-wrapper vc_box_rounded\"><img loading=\"lazy\" decoding=\"async\" width=\"800\" height=\"541\" src=\"https:\/\/www.primefreight.com\/wp-content\/uploads\/2019\/09\/Untitled-1-3.jpg\" class=\"vc_single_image-img attachment-large\" alt=\"\" title=\"Sans titre-1\" srcset=\"https:\/\/www.primefreight.com\/wp-content\/uploads\/2019\/09\/Untitled-1-3.jpg 800w, https:\/\/www.primefreight.com\/wp-content\/uploads\/2019\/09\/Untitled-1-3-100x68.jpg 100w, https:\/\/www.primefreight.com\/wp-content\/uploads\/2019\/09\/Untitled-1-3-768x519.jpg 768w, https:\/\/www.primefreight.com\/wp-content\/uploads\/2019\/09\/Untitled-1-3-700x473.jpg 700w, https:\/\/www.primefreight.com\/wp-content\/uploads\/2019\/09\/Untitled-1-3-200x135.jpg 200w\" sizes=\"auto, (max-width: 800px) 100vw, 800px\"><\/div>\n\t\t<\/div> \n\t\t<\/div>\n\t<\/div> <\/div><\/div><\/div><div class=\"wpb_column vc_column_container vc_col-sm-6 mpc-column\" data-column-id=\"mpc_column-4869e61ecb467a2\"><div class=\"vc_column-inner\"><div class=\"wpb_wrapper\">\n\t<div class=\"wpb_text_column wpb_content_element\">\n\t\t<div class=\"wpb_wrapper\">\n\t\t\t<h2>Recevoir des alertes en temps r\u00e9el sur n'importe quel appareil<\/h2>\n<h3>Abonnez-vous aux mises \u00e0 jour des envois par SMS, API ou e-mail. Vous avez des questions sur vos envois ou vous avez besoin d'effectuer des changements de derni\u00e8re minute ? R\u00e9pondez simplement \u00e0 une alerte et notre \u00e9quipe vous r\u00e9pondra instantan\u00e9ment.<\/h3>\n\n\t\t<\/div>\n\t<\/div>\n<\/div><\/div><\/div><\/div><\/div><\/div><div class=\"vc_row wpb_row section vc_row-fluid mpc-row\" style=\" text-align:left;\"><div class=\"full_section_inner clearfix\"><div class=\"wpb_column vc_column_container vc_col-sm-12 mpc-column\" data-column-id=\"mpc_column-7669e61ecb46a69\"><div class=\"vc_column-inner\"><div class=\"wpb_wrapper\"><div class=\"separator\" style=\"\"><\/div>\n<\/div><\/div><\/div><\/div><\/div><div class=\"vc_row wpb_row section vc_row-fluid sc-internalsystems flex-ltr vc_custom_1586768010470  grid_section mpc-row\" style=\" text-align:left;\"><div class=\"section_inner clearfix\"><div class=\"section_inner_margin clearfix\"><div class=\"wpb_column vc_column_container vc_col-sm-6 mpc-column\" data-column-id=\"mpc_column-7569e61ecb46d51\"><div class=\"vc_column-inner\"><div class=\"wpb_wrapper\">\n\t<div class=\"wpb_text_column wpb_content_element\">\n\t\t<div class=\"wpb_wrapper\">\n\t\t\t<h2>Connexion \u00e0 vos syst\u00e8mes internes<\/h2>\n<h3>L'API \u00e9tendue et personnalisable de Prime Freight permet aux entreprises de toute taille de connecter les donn\u00e9es d'exp\u00e9dition en direct \u00e0 leur logiciel interne ou bas\u00e9 sur le cloud. Vous ne perdez plus de temps \u00e0 mettre \u00e0 jour les deux syst\u00e8mes et vous fournissez \u00e0 vos utilisateurs finaux et \u00e0 vos clients les meilleures donn\u00e9es possibles.<\/h3>\n\n\t\t<\/div>\n\t<\/div>\n<\/div><\/div><\/div><div class=\"wpb_column vc_column_container vc_col-sm-6 mpc-column\" data-column-id=\"mpc_column-4169e61ecb46ff3\"><div class=\"vc_column-inner\"><div class=\"wpb_wrapper\">\n\t<div class=\"wpb_single_image wpb_content_element medium_image vc_align_center\">\n\t\t<div>\n\t\t<div class=\"wpb_wrapper\">\n\t\t\t\n\t\t\t<div class=\"vc_single_image-wrapper vc_box_rounded\"><img loading=\"lazy\" decoding=\"async\" width=\"800\" height=\"503\" src=\"https:\/\/www.primefreight.com\/wp-content\/uploads\/2019\/09\/Asset-2-2.png\" class=\"vc_single_image-img attachment-large\" alt=\"\" title=\"Actif 2\" srcset=\"https:\/\/www.primefreight.com\/wp-content\/uploads\/2019\/09\/Asset-2-2.png 800w, https:\/\/www.primefreight.com\/wp-content\/uploads\/2019\/09\/Asset-2-2-100x63.png 100w, https:\/\/www.primefreight.com\/wp-content\/uploads\/2019\/09\/Asset-2-2-768x483.png 768w, https:\/\/www.primefreight.com\/wp-content\/uploads\/2019\/09\/Asset-2-2-700x440.png 700w, https:\/\/www.primefreight.com\/wp-content\/uploads\/2019\/09\/Asset-2-2-200x126.png 200w\" sizes=\"auto, (max-width: 800px) 100vw, 800px\"><\/div>\n\t\t<\/div> \n\t\t<\/div>\n\t<\/div> <\/div><\/div><\/div><\/div><\/div><\/div><div class=\"vc_row wpb_row section vc_row-fluid flex-rtl flex-btn vc_custom_1567883059077  grid_section mpc-row\" style=\" text-align:center;\"><div class=\"section_inner clearfix\"><div class=\"section_inner_margin clearfix\"><div class=\"wpb_column vc_column_container vc_col-sm-12 mpc-column\" data-column-id=\"mpc_column-9969e61ecb473ab\"><div class=\"vc_column-inner\"><div class=\"wpb_wrapper\">\n\t<div class=\"wpb_text_column wpb_content_element\">\n\t\t<div class=\"wpb_wrapper\">\n\t\t\t<h2>Inscrivez-vous pour d\u00e9couvrir la diff\u00e9rence Prime Freight<\/h2>\n\n\t\t<\/div>\n\t<\/div>\n<a href=\"\/fr\/sinscrire-2\/\" target=\"_self\" class=\"qbutton  large center\" style=\"\">S'inscrire<i class=\"fa fa-sign-in\" style=\"\"><\/i><\/a><\/div><\/div><\/div><\/div><\/div><\/div><!-- Row Backgrounds --><\/p>\n<\/div>","protected":false},"excerpt":{"rendered":"Le syst\u00e8me de suivi des envois le plus avanc\u00e9 au monde Le seul transitaire \u00e0 \u00eatre directement connect\u00e9 \u00e0 chaque compagnie maritime, au GPS de bord des navires, aux ports, aux douanes et aux lignes ferroviaires, aux entrep\u00f4ts et aux camions de livraison. Nous combinons des donn\u00e9es provenant de sources multiples afin de fournir les informations les plus pr\u00e9cises et les plus r\u00e9centes.","protected":false},"author":1,"featured_media":0,"parent":1285,"menu_order":0,"comment_status":"closed","ping_status":"closed","template":"","meta":{"content-type":"","_mbp_gutenberg_autopost":false,"footnotes":""},"class_list":["post-1341","page","type-page","status-publish","hentry"],"_links":{"self":[{"href":"https:\/\/www.primefreight.com\/fr\/wp-json\/wp\/v2\/pages\/1341","targetHints":{"allow":["GET"]}}],"collection":[{"href":"https:\/\/www.primefreight.com\/fr\/wp-json\/wp\/v2\/pages"}],"about":[{"href":"https:\/\/www.primefreight.com\/fr\/wp-json\/wp\/v2\/types\/page"}],"author":[{"embeddable":true,"href":"https:\/\/www.primefreight.com\/fr\/wp-json\/wp\/v2\/users\/1"}],"replies":[{"embeddable":true,"href":"https:\/\/www.primefreight.com\/fr\/wp-json\/wp\/v2\/comments?post=1341"}],"version-history":[{"count":41,"href":"https:\/\/www.primefreight.com\/fr\/wp-json\/wp\/v2\/pages\/1341\/revisions"}],"predecessor-version":[{"id":5479,"href":"https:\/\/www.primefreight.com\/fr\/wp-json\/wp\/v2\/pages\/1341\/revisions\/5479"}],"up":[{"embeddable":true,"href":"https:\/\/www.primefreight.com\/fr\/wp-json\/wp\/v2\/pages\/1285"}],"wp:attachment":[{"href":"https:\/\/www.primefreight.com\/fr\/wp-json\/wp\/v2\/media?parent=1341"}],"curies":[{"name":"wp","href":"https:\/\/api.w.org\/{rel}","templated":true}]}}