{"id":1686,"date":"2019-06-11T23:15:13","date_gmt":"2019-06-11T23:15:13","guid":{"rendered":"https:\/\/www.primefreight.com\/?page_id=1686"},"modified":"2020-04-13T10:57:31","modified_gmt":"2020-04-13T10:57:31","slug":"primematch","status":"publish","type":"page","link":"https:\/\/www.primefreight.com\/fr\/services\/fret-maritime\/primematch\/","title":{"rendered":"PrimeMatch"},"content":{"rendered":"<div class=\"wpb-content-wrapper\"><div class=\"vc_row wpb_row section vc_row-fluid vc_custom_1568308443043  grid_section mpc-row\" style=\" text-align:left;\"><div class=\"section_inner clearfix\"><div class=\"section_inner_margin clearfix\"><div class=\"wpb_column vc_column_container vc_col-sm-8 mpc-column\" data-column-id=\"mpc_column-8369e75ac928cd6\"><div class=\"vc_column-inner\"><div class=\"wpb_wrapper\">\n\t<div class=\"wpb_text_column wpb_content_element vc_custom_1561645218882\">\n\t\t<div class=\"wpb_wrapper\">\n\t\t\t<h1>Optimiser la vitesse et les co\u00fbts<\/h1>\n<h4>L'espace inutilis\u00e9 de votre conteneur est associ\u00e9 \u00e0 la cargaison d'autres clients Prime Freight, de sorte que vous ne payez que l'espace du conteneur que vous utilisez.<\/h4>\n\n\t\t<\/div>\n\t<\/div>\n<\/div><\/div><\/div><div class=\"wpb_column vc_column_container vc_col-sm-4 mpc-column\" data-column-id=\"mpc_column-9469e75ac928e1b\"><div class=\"vc_column-inner\"><div class=\"wpb_wrapper\"><\/div><\/div><\/div><\/div><\/div><\/div><div class=\"vc_row wpb_row section vc_row-fluid vc_custom_1586770627497  grid_section mpc-row\" style=\" text-align:left;\"><div class=\"section_inner clearfix\"><div class=\"section_inner_margin clearfix\"><div class=\"wpb_column vc_column_container vc_col-sm-12 mpc-column\" data-column-id=\"mpc_column-3069e75ac929c75\"><div class=\"vc_column-inner\"><div class=\"wpb_wrapper\"><div class=\"vc_row wpb_row vc_inner vc_row-fluid vc_row-o-equal-height vc_row-o-content-middle vc_row-flex mpc-row\"><div class=\"wpb_column vc_column_container vc_col-sm-6 mpc-column\" data-column-id=\"mpc_column-7069e75ac929994\"><div class=\"vc_column-inner\"><div class=\"wpb_wrapper\">\n\t<div class=\"wpb_single_image wpb_content_element vc_align_left\">\n\t\t<div>\n\t\t<div class=\"wpb_wrapper\">\n\t\t\t\n\t\t\t<div class=\"vc_single_image-wrapper\"><img loading=\"lazy\" decoding=\"async\" width=\"2133\" height=\"1329\" src=\"https:\/\/www.primefreight.com\/wp-content\/uploads\/2019\/06\/primefreight2d-02-2.png\" class=\"vc_single_image-img attachment-full\" alt=\"\" title=\"primefreight2d-02-2\" srcset=\"https:\/\/www.primefreight.com\/wp-content\/uploads\/2019\/06\/primefreight2d-02-2.png 2133w, https:\/\/www.primefreight.com\/wp-content\/uploads\/2019\/06\/primefreight2d-02-2-100x62.png 100w, https:\/\/www.primefreight.com\/wp-content\/uploads\/2019\/06\/primefreight2d-02-2-768x479.png 768w, https:\/\/www.primefreight.com\/wp-content\/uploads\/2019\/06\/primefreight2d-02-2-1024x638.png 1024w, https:\/\/www.primefreight.com\/wp-content\/uploads\/2019\/06\/primefreight2d-02-2-700x436.png 700w, https:\/\/www.primefreight.com\/wp-content\/uploads\/2019\/06\/primefreight2d-02-2-200x125.png 200w\" sizes=\"auto, (max-width: 2133px) 100vw, 2133px\"><\/div>\n\t\t<\/div> \n\t\t<\/div>\n\t<\/div> <\/div><\/div><\/div><div class=\"wpb_column vc_column_container vc_col-sm-6 mpc-column\" data-column-id=\"mpc_column-6569e75ac929bae\"><div class=\"vc_column-inner\"><div class=\"wpb_wrapper\">\n\t<div class=\"wpb_text_column wpb_content_element\">\n\t\t<div class=\"wpb_wrapper\">\n\t\t\t<h2>La diff\u00e9rence PrimeMatch<\/h2>\n<p>Au total, nous faisons correspondre votre envoi avec des marchandises provenant de 1 \u00e0 3 clients Prime Freight suppl\u00e9mentaires. Nous vous proposons alors un tarif de fret maritime optimis\u00e9 en fonction de la taille de votre envoi, plut\u00f4t qu'un tarif pour le conteneur complet. Disponible pour les exp\u00e9ditions LCL et FCL d'une taille comprise entre 15 et 50 m\u00e8tres cubes sur des voies qualifi\u00e9es, PrimeMatch vous permet d'optimiser le prix de votre cargaison, sans compromettre la rapidit\u00e9.<\/p>\n\n\t\t<\/div>\n\t<\/div>\n<\/div><\/div><\/div><\/div><\/div><\/div><\/div><\/div><\/div><\/div><div class=\"vc_row wpb_row section vc_row-fluid  grid_section mpc-row\" style=\" text-align:left;\"><div class=\"section_inner clearfix\"><div class=\"section_inner_margin clearfix\"><div class=\"wpb_column vc_column_container vc_col-sm-12 mpc-column\" data-column-id=\"mpc_column-4969e75ac929fe8\"><div class=\"vc_column-inner\"><div class=\"wpb_wrapper\"><div class=\"separator\" style=\"\"><\/div>\n<\/div><\/div><\/div><\/div><\/div><\/div><div class=\"vc_row wpb_row section vc_row-fluid vc_custom_1586775449194  grid_section mpc-row\" style=\" text-align:left;\"><div class=\"section_inner clearfix\"><div class=\"section_inner_margin clearfix\"><div class=\"wpb_column vc_column_container vc_col-sm-12 mpc-column\" data-column-id=\"mpc_column-6969e75ac92aa73\"><div class=\"vc_column-inner\"><div class=\"wpb_wrapper\"><div class=\"vc_row wpb_row vc_inner vc_row-fluid vc_row-o-equal-height vc_row-o-content-middle vc_row-flex mpc-row\"><div class=\"wpb_column vc_column_container vc_col-sm-6 vc_hidden-lg vc_hidden-md vc_hidden-sm mpc-column\" data-column-id=\"mpc_column-3169e75ac92a548\"><div class=\"vc_column-inner\"><div class=\"wpb_wrapper\">\n\t<div class=\"wpb_single_image wpb_content_element vc_align_left\">\n\t\t<div>\n\t\t<div class=\"wpb_wrapper\">\n\t\t\t\n\t\t\t<div class=\"vc_single_image-wrapper\"><img loading=\"lazy\" decoding=\"async\" width=\"2133\" height=\"1329\" src=\"https:\/\/www.primefreight.com\/wp-content\/uploads\/2019\/06\/primefreight2d-03-2.png\" class=\"vc_single_image-img attachment-full\" alt=\"\" title=\"primefreight2d-03-2\" srcset=\"https:\/\/www.primefreight.com\/wp-content\/uploads\/2019\/06\/primefreight2d-03-2.png 2133w, https:\/\/www.primefreight.com\/wp-content\/uploads\/2019\/06\/primefreight2d-03-2-100x62.png 100w, https:\/\/www.primefreight.com\/wp-content\/uploads\/2019\/06\/primefreight2d-03-2-768x479.png 768w, https:\/\/www.primefreight.com\/wp-content\/uploads\/2019\/06\/primefreight2d-03-2-1024x638.png 1024w, https:\/\/www.primefreight.com\/wp-content\/uploads\/2019\/06\/primefreight2d-03-2-700x436.png 700w, https:\/\/www.primefreight.com\/wp-content\/uploads\/2019\/06\/primefreight2d-03-2-200x125.png 200w\" sizes=\"auto, (max-width: 2133px) 100vw, 2133px\"><\/div>\n\t\t<\/div> \n\t\t<\/div>\n\t<\/div> <\/div><\/div><\/div><div class=\"wpb_column vc_column_container vc_col-sm-6 mpc-column\" data-column-id=\"mpc_column-7969e75ac92a743\"><div class=\"vc_column-inner\"><div class=\"wpb_wrapper\">\n\t<div class=\"wpb_text_column wpb_content_element\">\n\t\t<div class=\"wpb_wrapper\">\n\t\t\t<h2>Maximiser l'utilisation et les \u00e9conomies<\/h2>\n<p>Aliment\u00e9 par le r\u00e9seau mondial de donn\u00e9es structur\u00e9es de la cha\u00eene d'approvisionnement de Prime Freight sur son syst\u00e8me d'exploitation pour le commerce mondial, PrimeMatch est une offre de fret maritime unique en son genre qui trouve la correspondance de fret parfaite pour maximiser l'utilisation des conteneurs - ce qui vous permet d'\u00e9conomiser de l'argent, tout en vous donnant plus de choix pour chaque exp\u00e9dition maritime.<\/p>\n\n\t\t<\/div>\n\t<\/div>\n<\/div><\/div><\/div><div class=\"wpb_column vc_column_container vc_col-sm-6 vc_hidden-xs mpc-column\" data-column-id=\"mpc_column-6769e75ac92a94d\"><div class=\"vc_column-inner\"><div class=\"wpb_wrapper\">\n\t<div class=\"wpb_single_image wpb_content_element vc_align_left\">\n\t\t<div>\n\t\t<div class=\"wpb_wrapper\">\n\t\t\t\n\t\t\t<div class=\"vc_single_image-wrapper\"><img loading=\"lazy\" decoding=\"async\" width=\"2133\" height=\"1329\" src=\"https:\/\/www.primefreight.com\/wp-content\/uploads\/2019\/06\/primefreight2d-03-2.png\" class=\"vc_single_image-img attachment-full\" alt=\"\" title=\"primefreight2d-03-2\" srcset=\"https:\/\/www.primefreight.com\/wp-content\/uploads\/2019\/06\/primefreight2d-03-2.png 2133w, https:\/\/www.primefreight.com\/wp-content\/uploads\/2019\/06\/primefreight2d-03-2-100x62.png 100w, https:\/\/www.primefreight.com\/wp-content\/uploads\/2019\/06\/primefreight2d-03-2-768x479.png 768w, https:\/\/www.primefreight.com\/wp-content\/uploads\/2019\/06\/primefreight2d-03-2-1024x638.png 1024w, https:\/\/www.primefreight.com\/wp-content\/uploads\/2019\/06\/primefreight2d-03-2-700x436.png 700w, https:\/\/www.primefreight.com\/wp-content\/uploads\/2019\/06\/primefreight2d-03-2-200x125.png 200w\" sizes=\"auto, (max-width: 2133px) 100vw, 2133px\"><\/div>\n\t\t<\/div> \n\t\t<\/div>\n\t<\/div> <\/div><\/div><\/div><\/div><\/div><\/div><\/div><\/div><\/div><\/div><div class=\"vc_row wpb_row section vc_row-fluid  grid_section mpc-row\" style=\" text-align:left;\"><div class=\"section_inner clearfix\"><div class=\"section_inner_margin clearfix\"><div class=\"wpb_column vc_column_container vc_col-sm-12 mpc-column\" data-column-id=\"mpc_column-9369e75ac92ad72\"><div class=\"vc_column-inner\"><div class=\"wpb_wrapper\"><div class=\"separator\" style=\"\"><\/div>\n<\/div><\/div><\/div><\/div><\/div><\/div><div class=\"vc_row wpb_row section vc_row-fluid vc_custom_1586771142452  grid_section mpc-row\" style=\" text-align:left;\"><div class=\"section_inner clearfix\"><div class=\"section_inner_margin clearfix\"><div class=\"wpb_column vc_column_container vc_col-sm-12 mpc-column\" data-column-id=\"mpc_column-8069e75ac92b270\"><div class=\"vc_column-inner\"><div class=\"wpb_wrapper\">\n\t<div class=\"wpb_text_column wpb_content_element\">\n\t\t<div class=\"wpb_wrapper\">\n\t\t\t<h2>Comment \u00e7a marche<\/h2>\n<h3>Lorsque vous fournissez vos donn\u00e9es d'exp\u00e9dition au moment de l'\u00e9tablissement du devis, Prime Freight calcule l'utilisation de votre conteneur et le poids et le volume restants dans le conteneur. Prime Freight fait ensuite correspondre intelligemment les cargaisons de sa base de donn\u00e9es active avec le poids et le volume sp\u00e9cifiques de votre cargaison, le couloir et la date de mise \u00e0 disposition de la cargaison.<\/h3>\n\n\t\t<\/div>\n\t<\/div>\n\n\t<div class=\"wpb_single_image wpb_content_element vc_align_center\">\n\t\t<div>\n\t\t<div class=\"wpb_wrapper\">\n\t\t\t\n\t\t\t<div class=\"vc_single_image-wrapper\"><img loading=\"lazy\" decoding=\"async\" width=\"4267\" height=\"1329\" src=\"https:\/\/www.primefreight.com\/wp-content\/uploads\/2019\/06\/primefreight2d-01-2.png\" class=\"vc_single_image-img attachment-full\" alt=\"\" title=\"primefreight2d-01-2\" srcset=\"https:\/\/www.primefreight.com\/wp-content\/uploads\/2019\/06\/primefreight2d-01-2.png 4267w, https:\/\/www.primefreight.com\/wp-content\/uploads\/2019\/06\/primefreight2d-01-2-100x31.png 100w, https:\/\/www.primefreight.com\/wp-content\/uploads\/2019\/06\/primefreight2d-01-2-768x239.png 768w, https:\/\/www.primefreight.com\/wp-content\/uploads\/2019\/06\/primefreight2d-01-2-1024x319.png 1024w, https:\/\/www.primefreight.com\/wp-content\/uploads\/2019\/06\/primefreight2d-01-2-700x218.png 700w, https:\/\/www.primefreight.com\/wp-content\/uploads\/2019\/06\/primefreight2d-01-2-200x62.png 200w\" sizes=\"auto, (max-width: 4267px) 100vw, 4267px\"><\/div>\n\t\t<\/div> \n\t\t<\/div>\n\t<\/div> <\/div><\/div><\/div><\/div><\/div><\/div><div class=\"vc_row wpb_row section vc_row-fluid  grid_section mpc-row\" style=\" text-align:left;\"><div class=\"section_inner clearfix\"><div class=\"section_inner_margin clearfix\"><div class=\"wpb_column vc_column_container vc_col-sm-12 mpc-column\" data-column-id=\"mpc_column-1069e75ac92b51e\"><div class=\"vc_column-inner\"><div class=\"wpb_wrapper\"><div class=\"separator\" style=\"\"><\/div>\n<\/div><\/div><\/div><\/div><\/div><\/div><div class=\"vc_row wpb_row section vc_row-fluid vc_custom_1586771155692  grid_section mpc-row\" style=\" text-align:left;\"><div class=\"section_inner clearfix\"><div class=\"section_inner_margin clearfix\"><div class=\"wpb_column vc_column_container vc_col-sm-8 mpc-column\" data-column-id=\"mpc_column-5769e75ac92b7fd\"><div class=\"vc_column-inner\"><div class=\"wpb_wrapper\">\n\t<div class=\"wpb_text_column wpb_content_element\">\n\t\t<div class=\"wpb_wrapper\">\n\t\t\t<h2>Le meilleur des deux mondes<\/h2>\n<div>Les entreprises en croissance doivent choisir entre rapidit\u00e9 et co\u00fbt. Le LCL est peut-\u00eatre moins cher, mais il n'est pas assez rapide. Quant au FCL, il peut arriver rapidement, mais il n'y a pas toujours assez de marchandises pour remplir le conteneur. En fait, dans le monde entier, plus d'un tiers de tous les conteneurs ont navigu\u00e9 avec un espace vide en 2018, ce qui augmente la congestion des ports, les \u00e9missions de carbone et les co\u00fbts pour votre entreprise. Heureusement, PrimeMatch vous offre le meilleur des deux mondes pour optimiser le prix de votre cargaison, sans compromettre la rapidit\u00e9.<\/div>\n\n\t\t<\/div>\n\t<\/div>\n<\/div><\/div><\/div><div class=\"wpb_column vc_column_container vc_col-sm-4 mpc-column\" data-column-id=\"mpc_column-4569e75ac92ba64\"><div class=\"vc_column-inner\"><div class=\"wpb_wrapper\">\n\t<div class=\"wpb_text_column wpb_content_element vc_custom_1560364322457\">\n\t\t<div class=\"wpb_wrapper\">\n\t\t\t<h1 style=\"text-align: center;\"><span style=\"color: #333399;\">19%<\/span><\/h1>\n\n\t\t<\/div>\n\t<\/div>\n\n\t<div class=\"wpb_text_column wpb_content_element\">\n\t\t<div class=\"wpb_wrapper\">\n\t\t\t<h3 style=\"text-align: center;\"><span style=\"color: #333399;\">\u00c9conomies moyennes sur les exp\u00e9ditions PrimeMatch par rapport aux exp\u00e9ditions FCL.<\/span><\/h3>\n\n\t\t<\/div>\n\t<\/div>\n<\/div><\/div><\/div><\/div><\/div><\/div><div class=\"vc_row wpb_row section vc_row-fluid  grid_section mpc-row\" style=\" text-align:left;\"><div class=\"section_inner clearfix\"><div class=\"section_inner_margin clearfix\"><div class=\"wpb_column vc_column_container vc_col-sm-12 mpc-column\" data-column-id=\"mpc_column-2169e75ac92bced\"><div class=\"vc_column-inner\"><div class=\"wpb_wrapper\"><div class=\"separator\" style=\"\"><\/div>\n<\/div><\/div><\/div><\/div><\/div><\/div><div class=\"vc_row wpb_row section vc_row-fluid vc_custom_1586771166354  grid_section mpc-row\" style=\" text-align:left;\"><div class=\"section_inner clearfix\"><div class=\"section_inner_margin clearfix\"><div class=\"wpb_column vc_column_container vc_col-sm-3 mpc-column\" data-column-id=\"mpc_column-2769e75ac92c03b\"><div class=\"vc_column-inner\"><div class=\"wpb_wrapper\">\n\t<div class=\"wpb_text_column wpb_content_element vc_custom_1560364420295\">\n\t\t<div class=\"wpb_wrapper\">\n\t\t\t<div><\/div>\n<h1 style=\"text-align: center;\"><span style=\"color: #333399;\">5-6 jours<\/span><\/h1>\n\n\t\t<\/div>\n\t<\/div>\n\n\t<div class=\"wpb_text_column wpb_content_element\">\n\t\t<div class=\"wpb_wrapper\">\n\t\t\t<h3 style=\"text-align: center;\"><span style=\"color: #333399;\">&nbsp;Gain de temps moyen par rapport au LCL traditionnel.<\/span><\/h3>\n\n\t\t<\/div>\n\t<\/div>\n<\/div><\/div><\/div><div class=\"wpb_column vc_column_container vc_col-sm-9 mpc-column\" data-column-id=\"mpc_column-9469e75ac92c219\"><div class=\"vc_column-inner\"><div class=\"wpb_wrapper\">\n\t<div class=\"wpb_text_column wpb_content_element\">\n\t\t<div class=\"wpb_wrapper\">\n\t\t\t<h2>Priorit\u00e9 comme FCL, plus fiable que LCL<\/h2>\n<div>\n<div>Parce que vous ne naviguez qu'avec des clients Prime Freight - dont la cargaison et la documentation sont soigneusement examin\u00e9es afin de respecter les r\u00e9glementations douani\u00e8res en vigueur - vous avez la certitude que toutes les exp\u00e9ditions charg\u00e9es dans un conteneur PrimeMatch sont soigneusement contr\u00f4l\u00e9es, ce qui minimise la probabilit\u00e9 d'un retard au niveau de l'examen douanier. Avec PrimeMatch, votre envoi est class\u00e9 par ordre de priorit\u00e9, tout comme un FCL. \u00c0 l'arriv\u00e9e dans l'un des sites s\u00e9curis\u00e9s CFS de Prime Freight, la cargaison correspondante est rapidement d\u00e9charg\u00e9e du conteneur. Votre envoi est ensuite exp\u00e9di\u00e9 comme un FCL pour la livraison finale \u00e0 votre entrep\u00f4t. Et avec seulement 1 \u00e0 3 exp\u00e9ditions suppl\u00e9mentaires dans le conteneur, le temps total de d\u00e9groupage de la cargaison appari\u00e9e est consid\u00e9rablement r\u00e9duit.<\/div>\n<\/div>\n\n\t\t<\/div>\n\t<\/div>\n<\/div><\/div><\/div><\/div><\/div><\/div><div class=\"vc_row wpb_row section vc_row-fluid  grid_section mpc-row\" style=\" text-align:left;\"><div class=\"section_inner clearfix\"><div class=\"section_inner_margin clearfix\"><div class=\"wpb_column vc_column_container vc_col-sm-12 mpc-column\" data-column-id=\"mpc_column-3369e75ac92c4cb\"><div class=\"vc_column-inner\"><div class=\"wpb_wrapper\"><div class=\"separator\" style=\"\"><\/div>\n<\/div><\/div><\/div><\/div><\/div><\/div><div class=\"vc_row wpb_row section vc_row-fluid vc_custom_1586771181641  grid_section mpc-row\" style=\" text-align:left;\"><div class=\"section_inner clearfix\"><div class=\"section_inner_margin clearfix\"><div class=\"wpb_column vc_column_container vc_col-sm-12 mpc-column\" data-column-id=\"mpc_column-269e75ac92c788\"><div class=\"vc_column-inner\"><div class=\"wpb_wrapper\">\n\t<div class=\"wpb_text_column wpb_content_element\">\n\t\t<div class=\"wpb_wrapper\">\n\t\t\t<h2 style=\"text-align: center;\">Des exp\u00e9ditions adapt\u00e9es \u00e0 votre entreprise. Quel que soit le service que vous choisissez, vous b\u00e9n\u00e9ficierez toujours de la m\u00eame commodit\u00e9, de la m\u00eame visibilit\u00e9 et de la m\u00eame flexibilit\u00e9 gr\u00e2ce aux services de Prime Freight.<\/h2>\n\n\t\t<\/div>\n\t<\/div>\n<\/div><\/div><\/div><\/div><\/div><\/div><div class=\"vc_row wpb_row section vc_row-fluid vc_custom_1586771192582  grid_section mpc-row\" style=\" text-align:left;\"><div class=\"section_inner clearfix\"><div class=\"section_inner_margin clearfix\"><div class=\"wpb_column vc_column_container vc_col-sm-12 mpc-column\" data-column-id=\"mpc_column-2369e75ac92d805\"><div class=\"vc_column-inner\"><div class=\"wpb_wrapper\"><div class=\"vc_row wpb_row vc_inner vc_row-fluid vc_column-gap-30 vc_row-o-equal-height vc_row-flex mpc-row\"><div class=\"infor-box wpb_column vc_column_container vc_col-sm-4 mpc-column\" data-column-id=\"mpc_column-3869e75ac92d02e\"><div class=\"vc_column-inner\"><div class=\"wpb_wrapper\">\n\t<div class=\"wpb_single_image wpb_content_element vc_align_center\">\n\t\t<div>\n\t\t<div class=\"wpb_wrapper\">\n\t\t\t\n\t\t\t<div class=\"vc_single_image-wrapper\"><img decoding=\"async\" class=\"vc_single_image-img\" src=\"https:\/\/www.primefreight.com\/wp-content\/uploads\/2020\/03\/icon-1-new-100x100.png\" width=\"100\" height=\"100\" alt=\"ic\u00f4ne-1-nouveau\" title=\"ic\u00f4ne-1-nouveau\" loading=\"lazy\"><\/div>\n\t\t<\/div> \n\t\t<\/div>\n\t<\/div> \n\t<div class=\"wpb_text_column wpb_content_element\">\n\t\t<div class=\"wpb_wrapper\">\n\t\t\t<h2 style=\"text-align: center;\">Une \u00e9quipe d\u00e9vou\u00e9e qui conna\u00eet votre entreprise<\/h2>\n<p style=\"text-align: center;\">Prime Freight est une \u00e9quipe de sp\u00e9cialistes de l'industrie engag\u00e9s qui ont une connaissance approfondie du march\u00e9. Avec nous, vous b\u00e9n\u00e9ficiez d'un repr\u00e9sentant unique qui synchronise tout. Un meilleur service au juste prix.<\/p>\n\n\t\t<\/div>\n\t<\/div>\n<\/div><\/div><\/div><div class=\"infor-box wpb_column vc_column_container vc_col-sm-4 mpc-column\" data-column-id=\"mpc_column-6869e75ac92d3a3\"><div class=\"vc_column-inner\"><div class=\"wpb_wrapper\">\n\t<div class=\"wpb_single_image wpb_content_element vc_align_center\">\n\t\t<div>\n\t\t<div class=\"wpb_wrapper\">\n\t\t\t\n\t\t\t<div class=\"vc_single_image-wrapper\"><img decoding=\"async\" class=\"vc_single_image-img\" src=\"https:\/\/www.primefreight.com\/wp-content\/uploads\/2020\/03\/icon-3-new-100x100.png\" width=\"100\" height=\"100\" alt=\"ic\u00f4ne-3-nouveau\" title=\"ic\u00f4ne-3-nouveau\" loading=\"lazy\"><\/div>\n\t\t<\/div> \n\t\t<\/div>\n\t<\/div> \n\t<div class=\"wpb_text_column wpb_content_element\">\n\t\t<div class=\"wpb_wrapper\">\n\t\t\t<h2 style=\"text-align: center;\">Un service personnalis\u00e9 avec une attention proactive<\/h2>\n<p style=\"text-align: center;\">Nous offrons un service plus personnalis\u00e9. Vos d\u00e9fis uniques sont notre priorit\u00e9. Les probl\u00e8mes sont signal\u00e9s de mani\u00e8re proactive avant qu'ils ne s'aggravent.<\/p>\n\n\t\t<\/div>\n\t<\/div>\n<\/div><\/div><\/div><div class=\"infor-box wpb_column vc_column_container vc_col-sm-4 mpc-column\" data-column-id=\"mpc_column-9069e75ac92d6e8\"><div class=\"vc_column-inner\"><div class=\"wpb_wrapper\">\n\t<div class=\"wpb_single_image wpb_content_element vc_align_center\">\n\t\t<div>\n\t\t<div class=\"wpb_wrapper\">\n\t\t\t\n\t\t\t<div class=\"vc_single_image-wrapper\"><img decoding=\"async\" class=\"vc_single_image-img\" src=\"https:\/\/www.primefreight.com\/wp-content\/uploads\/2020\/03\/icon-2-new-100x100.png\" width=\"100\" height=\"100\" alt=\"ic\u00f4ne-2-nouveau\" title=\"ic\u00f4ne-2-nouveau\" loading=\"lazy\"><\/div>\n\t\t<\/div> \n\t\t<\/div>\n\t<\/div> \n\t<div class=\"wpb_text_column wpb_content_element\">\n\t\t<div class=\"wpb_wrapper\">\n\t\t\t<h2 style=\"text-align: center;\">Une consolidation qui permet d'\u00e9conomiser du temps et de l'argent<\/h2>\n<p style=\"text-align: center;\">Consolidez votre fret avec Prime Freight pour b\u00e9n\u00e9ficier de tarifs inf\u00e9rieurs \u00e0 ceux des chargements de conteneurs. Vous b\u00e9n\u00e9ficiez du meilleur service parce que nous pouvons trouver les meilleures solutions. Les bons transporteurs. Les temps de transit les plus rapides.<\/p>\n\n\t\t<\/div>\n\t<\/div>\n<\/div><\/div><\/div><\/div><\/div><\/div><\/div><\/div><\/div><\/div><div class=\"vc_row wpb_row section vc_row-fluid vc_custom_1560353941262  grid_section mpc-row\" style=\" text-align:center;\"><div class=\"section_inner clearfix\"><div class=\"section_inner_margin clearfix\"><div class=\"wpb_column vc_column_container vc_col-sm-12 mpc-column\" data-column-id=\"mpc_column-7769e75ac92e970\"><div class=\"vc_column-inner\"><div class=\"wpb_wrapper\"><style type=\"text\/css\" data-type=\"vc_shortcodes-custom-css\">.vc_custom_1560353941262{padding-top: 80px !important;padding-bottom: 80px !important;}<\/style>\n\t<div class=\"wpb_text_column wpb_content_element\">\n\t\t<div class=\"wpb_wrapper\">\n\t\t\t<div class=\"wpb-content-wrapper\"><div class=\"vc_row wpb_row section vc_row-fluid vc_custom_1560353941262  grid_section mpc-row\" style=\" text-align:center;\"><div class=\"section_inner clearfix\"><div class=\"section_inner_margin clearfix\"><div class=\"wpb_column vc_column_container vc_col-sm-12 mpc-column\" data-column-id=\"mpc_column-7669e75ac92e1a4\"><div class=\"vc_column-inner\"><div class=\"wpb_wrapper\">\n\t<div class=\"wpb_text_column wpb_content_element\">\n\t\t<div class=\"wpb_wrapper\">\n\t\t\t<h2 style=\"text-align: center;\">Inscrivez-vous pour d\u00e9couvrir la diff\u00e9rence Prime Freight<\/h2>\n\n\t\t<\/div>\n\t<\/div>\n<a href=\"\/fr\/sinscrire-2\/\" target=\"_self\" class=\"qbutton  large white\" style=\"\">S'inscrire<i class=\"fa fa-arrow-circle-right\" style=\"\"><\/i><\/a><\/div><\/div><\/div><\/div><\/div><\/div><div class=\"vc_row wpb_row section vc_row-fluid mpc-row\" style=\" text-align:left;\"><div class=\"full_section_inner clearfix\"><\/div><\/div>\n<\/div><style type=\"text\/css\" data-type=\"rcb-_wpb_shortcodes_custom_css-2225\">.vc_custom_1560353941262{padding-top: 80px !important;padding-bottom: 80px !important;}<\/style>\n\n\t\t<\/div>\n\t<\/div>\n<\/div><\/div><\/div><\/div><\/div><\/div>\n<\/div>","protected":false},"excerpt":{"rendered":"Optimiser la vitesse et les co\u00fbts Associer l'espace inutilis\u00e9 de votre conteneur \u00e0 la cargaison d'autres clients Prime Freight, de sorte que vous ne payez que l'espace du conteneur que vous utilisez. La diff\u00e9rence PrimeMatch Au total, nous faisons correspondre votre envoi avec le fret de 1 \u00e0 3 clients Prime Freight suppl\u00e9mentaires.","protected":false},"author":1,"featured_media":0,"parent":473,"menu_order":0,"comment_status":"closed","ping_status":"closed","template":"full_width.php","meta":{"content-type":"","_mbp_gutenberg_autopost":false,"footnotes":""},"class_list":["post-1686","page","type-page","status-publish","hentry"],"_links":{"self":[{"href":"https:\/\/www.primefreight.com\/fr\/wp-json\/wp\/v2\/pages\/1686","targetHints":{"allow":["GET"]}}],"collection":[{"href":"https:\/\/www.primefreight.com\/fr\/wp-json\/wp\/v2\/pages"}],"about":[{"href":"https:\/\/www.primefreight.com\/fr\/wp-json\/wp\/v2\/types\/page"}],"author":[{"embeddable":true,"href":"https:\/\/www.primefreight.com\/fr\/wp-json\/wp\/v2\/users\/1"}],"replies":[{"embeddable":true,"href":"https:\/\/www.primefreight.com\/fr\/wp-json\/wp\/v2\/comments?post=1686"}],"version-history":[{"count":21,"href":"https:\/\/www.primefreight.com\/fr\/wp-json\/wp\/v2\/pages\/1686\/revisions"}],"predecessor-version":[{"id":2502,"href":"https:\/\/www.primefreight.com\/fr\/wp-json\/wp\/v2\/pages\/1686\/revisions\/2502"}],"up":[{"embeddable":true,"href":"https:\/\/www.primefreight.com\/fr\/wp-json\/wp\/v2\/pages\/473"}],"wp:attachment":[{"href":"https:\/\/www.primefreight.com\/fr\/wp-json\/wp\/v2\/media?parent=1686"}],"curies":[{"name":"wp","href":"https:\/\/api.w.org\/{rel}","templated":true}]}}