{"id":1712,"date":"2019-06-12T14:37:19","date_gmt":"2019-06-12T14:37:19","guid":{"rendered":"https:\/\/www.primefreight.com\/?page_id=1712"},"modified":"2020-04-15T16:00:24","modified_gmt":"2020-04-15T16:00:24","slug":"lcl-freight","status":"publish","type":"page","link":"https:\/\/www.primefreight.com\/fr\/services\/ocean-freight\/lcl-freight\/","title":{"rendered":"Fret LCL"},"content":{"rendered":"<div class=\"wpb-content-wrapper\"><div class=\"vc_row wpb_row section vc_row-fluid vc_custom_1586966419973  grid_section mpc-row\" style=\" text-align:left;\"><div class=\"section_inner clearfix\"><div class=\"section_inner_margin clearfix\"><div class=\"wpb_column vc_column_container vc_col-sm-10 mpc-column\" data-column-id=\"mpc_column-4769fad2f69a4ed\"><div class=\"vc_column-inner\"><div class=\"wpb_wrapper\">\n\t<div class=\"wpb_text_column wpb_content_element vc_custom_1561646834994\">\n\t\t<div class=\"wpb_wrapper\">\n\t\t\t<h1>LCL optimis\u00e9 pour la vitesse, la visibilit\u00e9 et la s\u00e9curit\u00e9.<\/h1>\n<h3>La situation peut \u00eatre impr\u00e9visible pour les services d'exp\u00e9dition LCL et les options LCL conventionnelles. Prime Freight vous donne acc\u00e8s \u00e0 un r\u00e9seau LCL exclusif, propre \u00e0 l'entreprise et r\u00e9serv\u00e9 aux clients, qui s'\u00e9tend sur pr\u00e8s de 500 n\u0153uds dans le monde entier.<\/h3>\n\n\t\t<\/div>\n\t<\/div>\n<\/div><\/div><\/div><div class=\"wpb_column vc_column_container vc_col-sm-2 mpc-column\" data-column-id=\"mpc_column-2169fad2f69a63f\"><div class=\"vc_column-inner\"><div class=\"wpb_wrapper\"><\/div><\/div><\/div><\/div><\/div><\/div><!-- Row Backgrounds --><div class=\"upb_bg_img\" data-ultimate-bg=\"url(https:\/\/www.primefreight.com\/wp-content\/uploads\/2019\/06\/primefreight4d-01-2.png)\" data-image-id=\"1803\" data-ultimate-bg-style=\"vcpb-default\" data-bg-img-repeat=\"repeat\" data-bg-img-size=\"cover\" data-bg-img-position=\"\" data-parallx_sense=\"30\" data-bg-override=\"full\" data-bg_img_attach=\"scroll\" data-upb-overlay-color=\"\" data-upb-bg-animation=\"\" data-fadeout=\"\" data-bg-animation=\"left-animation\" data-bg-animation-type=\"h\" data-animation-repeat=\"repeat\" data-fadeout-percentage=\"30\" data-parallax-content=\"\" data-parallax-content-sense=\"30\" data-row-effect-mobile-disable=\"true\" data-img-parallax-mobile-disable=\"true\" data-rtl=\"false\" data-custom-vc-row=\"\" data-vc=\"8.2\" data-is_old_vc=\"\" data-theme-support=\"\" data-overlay=\"false\" data-overlay-color=\"\" data-overlay-pattern=\"\" data-overlay-pattern-opacity=\"\" data-overlay-pattern-size=\"\"><\/div><div class=\"vc_row wpb_row section vc_row-fluid vc_custom_1586772283039  grid_section mpc-row\" style=\" text-align:left;\"><div class=\"section_inner clearfix\"><div class=\"section_inner_margin clearfix\"><div class=\"wpb_column vc_column_container vc_col-sm-12 mpc-column\" data-column-id=\"mpc_column-5069fad2f69b6a6\"><div class=\"vc_column-inner\"><div class=\"wpb_wrapper\"><div class=\"vc_row wpb_row vc_inner vc_row-fluid vc_row-o-equal-height vc_row-o-content-middle vc_row-flex mpc-row\"><div class=\"wpb_column vc_column_container vc_col-sm-6 vc_hidden-lg vc_hidden-md vc_hidden-sm mpc-column\" data-column-id=\"mpc_column-3569fad2f69b156\"><div class=\"vc_column-inner\"><div class=\"wpb_wrapper\">\n\t<div class=\"wpb_single_image wpb_content_element vc_align_left\">\n\t\t<div>\n\t\t<div class=\"wpb_wrapper\">\n\t\t\t\n\t\t\t<div class=\"vc_single_image-wrapper\"><img loading=\"lazy\" decoding=\"async\" width=\"2133\" height=\"1329\" src=\"https:\/\/www.primefreight.com\/wp-content\/uploads\/2019\/06\/primefreight4d-02-2.png\" class=\"vc_single_image-img attachment-full\" alt=\"\" title=\"primefreight4d-02-2\" srcset=\"https:\/\/www.primefreight.com\/wp-content\/uploads\/2019\/06\/primefreight4d-02-2.png 2133w, https:\/\/www.primefreight.com\/wp-content\/uploads\/2019\/06\/primefreight4d-02-2-100x62.png 100w, https:\/\/www.primefreight.com\/wp-content\/uploads\/2019\/06\/primefreight4d-02-2-768x479.png 768w, https:\/\/www.primefreight.com\/wp-content\/uploads\/2019\/06\/primefreight4d-02-2-1024x638.png 1024w, https:\/\/www.primefreight.com\/wp-content\/uploads\/2019\/06\/primefreight4d-02-2-700x436.png 700w, https:\/\/www.primefreight.com\/wp-content\/uploads\/2019\/06\/primefreight4d-02-2-200x125.png 200w\" sizes=\"auto, (max-width: 2133px) 100vw, 2133px\"><\/div>\n\t\t<\/div> \n\t\t<\/div>\n\t<\/div> <\/div><\/div><\/div><div class=\"wpb_column vc_column_container vc_col-sm-6 mpc-column\" data-column-id=\"mpc_column-3069fad2f69b35f\"><div class=\"vc_column-inner\"><div class=\"wpb_wrapper\">\n\t<div class=\"wpb_text_column wpb_content_element\">\n\t\t<div class=\"wpb_wrapper\">\n\t\t\t<h2>LCL de Prime Freight am\u00e9liore votre cha\u00eene d'approvisionnement<\/h2>\n<div>Le r\u00e9seau LCL de Prime Freight offre une connectivit\u00e9 et une cadence in\u00e9gal\u00e9es sur les principales routes maritimes, tout en permettant \u00e0 nos clients d'optimiser leur fonds de roulement en fournissant des stocks \u00e0 la demande. En exp\u00e9diant leurs marchandises vers notre r\u00e9seau LCL, les clients b\u00e9n\u00e9ficient de l'\u00e9chelle combin\u00e9e de l'ensemble de la communaut\u00e9 des clients de Prime Freight.<\/div>\n\n\t\t<\/div>\n\t<\/div>\n<\/div><\/div><\/div><div class=\"wpb_column vc_column_container vc_col-sm-6 vc_hidden-xs mpc-column\" data-column-id=\"mpc_column-3669fad2f69b592\"><div class=\"vc_column-inner\"><div class=\"wpb_wrapper\">\n\t<div class=\"wpb_single_image wpb_content_element vc_align_left\">\n\t\t<div>\n\t\t<div class=\"wpb_wrapper\">\n\t\t\t\n\t\t\t<div class=\"vc_single_image-wrapper\"><img loading=\"lazy\" decoding=\"async\" width=\"2133\" height=\"1329\" src=\"https:\/\/www.primefreight.com\/wp-content\/uploads\/2019\/06\/primefreight4d-02-2.png\" class=\"vc_single_image-img attachment-full\" alt=\"\" title=\"primefreight4d-02-2\" srcset=\"https:\/\/www.primefreight.com\/wp-content\/uploads\/2019\/06\/primefreight4d-02-2.png 2133w, https:\/\/www.primefreight.com\/wp-content\/uploads\/2019\/06\/primefreight4d-02-2-100x62.png 100w, https:\/\/www.primefreight.com\/wp-content\/uploads\/2019\/06\/primefreight4d-02-2-768x479.png 768w, https:\/\/www.primefreight.com\/wp-content\/uploads\/2019\/06\/primefreight4d-02-2-1024x638.png 1024w, https:\/\/www.primefreight.com\/wp-content\/uploads\/2019\/06\/primefreight4d-02-2-700x436.png 700w, https:\/\/www.primefreight.com\/wp-content\/uploads\/2019\/06\/primefreight4d-02-2-200x125.png 200w\" sizes=\"auto, (max-width: 2133px) 100vw, 2133px\"><\/div>\n\t\t<\/div> \n\t\t<\/div>\n\t<\/div> <\/div><\/div><\/div><\/div><\/div><\/div><\/div><\/div><\/div><\/div><div class=\"vc_row wpb_row section vc_row-fluid vc_custom_1586772328254  grid_section mpc-row\" style=\" text-align:left;\"><div class=\"section_inner clearfix\"><div class=\"section_inner_margin clearfix\"><div class=\"wpb_column vc_column_container vc_col-sm-12 mpc-column\" data-column-id=\"mpc_column-969fad2f69bf6e\"><div class=\"vc_column-inner\"><div class=\"wpb_wrapper\"><div class=\"vc_row wpb_row vc_inner vc_row-fluid vc_row-o-equal-height vc_row-o-content-middle vc_row-flex mpc-row\"><div class=\"wpb_column vc_column_container vc_col-sm-6 mpc-column\" data-column-id=\"mpc_column-3369fad2f69bcaf\"><div class=\"vc_column-inner\"><div class=\"wpb_wrapper\">\n\t<div class=\"wpb_single_image wpb_content_element vc_align_left\">\n\t\t<div>\n\t\t<div class=\"wpb_wrapper\">\n\t\t\t\n\t\t\t<div class=\"vc_single_image-wrapper\"><img loading=\"lazy\" decoding=\"async\" width=\"2133\" height=\"1329\" src=\"https:\/\/www.primefreight.com\/wp-content\/uploads\/2019\/06\/primefreight4d-03-2.png\" class=\"vc_single_image-img attachment-full\" alt=\"\" title=\"primefreight4d-03-2\" srcset=\"https:\/\/www.primefreight.com\/wp-content\/uploads\/2019\/06\/primefreight4d-03-2.png 2133w, https:\/\/www.primefreight.com\/wp-content\/uploads\/2019\/06\/primefreight4d-03-2-100x62.png 100w, https:\/\/www.primefreight.com\/wp-content\/uploads\/2019\/06\/primefreight4d-03-2-768x479.png 768w, https:\/\/www.primefreight.com\/wp-content\/uploads\/2019\/06\/primefreight4d-03-2-1024x638.png 1024w, https:\/\/www.primefreight.com\/wp-content\/uploads\/2019\/06\/primefreight4d-03-2-700x436.png 700w, https:\/\/www.primefreight.com\/wp-content\/uploads\/2019\/06\/primefreight4d-03-2-200x125.png 200w\" sizes=\"auto, (max-width: 2133px) 100vw, 2133px\"><\/div>\n\t\t<\/div> \n\t\t<\/div>\n\t<\/div> <\/div><\/div><\/div><div class=\"wpb_column vc_column_container vc_col-sm-6 mpc-column\" data-column-id=\"mpc_column-9669fad2f69bea1\"><div class=\"vc_column-inner\"><div class=\"wpb_wrapper\">\n\t<div class=\"wpb_text_column wpb_content_element\">\n\t\t<div class=\"wpb_wrapper\">\n\t\t\t<h2>De meilleurs contr\u00f4les pour une variabilit\u00e9 r\u00e9duite<\/h2>\n<div>Nous utilisons la technologie pour faciliter l'exp\u00e9dition, num\u00e9riser les donn\u00e9es de chaque client et v\u00e9rifier les exp\u00e9ditions afin de r\u00e9duire le risque d'inspections douani\u00e8res et de retards. En examinant les donn\u00e9es relatives aux performances, nous pouvons vous conseiller sur les ports, les terminaux et les horaires de navigation qui permettent d'acheminer vos LCL plus rapidement et plus efficacement jusqu'\u00e0 votre destination.<\/div>\n\n\t\t<\/div>\n\t<\/div>\n<\/div><\/div><\/div><\/div><\/div><\/div><\/div><\/div><\/div><\/div><div class=\"vc_row wpb_row section vc_row-fluid vc_custom_1586772338094  grid_section mpc-row\" style=\" text-align:left;\"><div class=\"section_inner clearfix\"><div class=\"section_inner_margin clearfix\"><div class=\"wpb_column vc_column_container vc_col-sm-12 mpc-column\" data-column-id=\"mpc_column-6169fad2f69c4db\"><div class=\"vc_column-inner\"><div class=\"wpb_wrapper\">\n\t<div class=\"wpb_text_column wpb_content_element\">\n\t\t<div class=\"wpb_wrapper\">\n\t\t\t<h2>Atteindre plus de clients. plus rapidement.<\/h2>\n<div><\/div>\n<div>Prime Freight dispose de l'expertise n\u00e9cessaire pour pr\u00e9parer votre cargaison \u00e0 r\u00e9pondre aux exigences d'Amazon FBA, de Target FC, de Best Buy et d'autres grands d\u00e9taillants en vue d'une livraison en votre nom.<\/div>\n<div><\/div>\n<div>Informations cl\u00e9s et possibilit\u00e9 d'obtenir des r\u00e9ponses, la plateforme d'Anytime Prime Freight offre une visibilit\u00e9 de bout en bout, avec un suivi des \u00e9tapes cl\u00e9s gr\u00e2ce au GPS en temps r\u00e9el et \u00e0 des donn\u00e9es de tiers. De plus, une \u00e9quipe LCL d\u00e9di\u00e9e r\u00e9pond \u00e0 toutes les questions que vous vous posez, et des fonctionnalit\u00e9s de messagerie sur la plateforme vous permettent de rester inform\u00e9 et en contact avec votre \u00e9quipe.<\/div>\n\n\t\t<\/div>\n\t<\/div>\n\n\t<div class=\"wpb_single_image wpb_content_element vc_align_center\">\n\t\t<div>\n\t\t<div class=\"wpb_wrapper\">\n\t\t\t\n\t\t\t<div class=\"vc_single_image-wrapper\"><img loading=\"lazy\" decoding=\"async\" width=\"4267\" height=\"1329\" src=\"https:\/\/www.primefreight.com\/wp-content\/uploads\/2019\/06\/primefreight6d-01-2.png\" class=\"vc_single_image-img attachment-full\" alt=\"\" title=\"primefreight6d-01-2\" srcset=\"https:\/\/www.primefreight.com\/wp-content\/uploads\/2019\/06\/primefreight6d-01-2.png 4267w, https:\/\/www.primefreight.com\/wp-content\/uploads\/2019\/06\/primefreight6d-01-2-100x31.png 100w, https:\/\/www.primefreight.com\/wp-content\/uploads\/2019\/06\/primefreight6d-01-2-768x239.png 768w, https:\/\/www.primefreight.com\/wp-content\/uploads\/2019\/06\/primefreight6d-01-2-1024x319.png 1024w, https:\/\/www.primefreight.com\/wp-content\/uploads\/2019\/06\/primefreight6d-01-2-700x218.png 700w, https:\/\/www.primefreight.com\/wp-content\/uploads\/2019\/06\/primefreight6d-01-2-200x62.png 200w\" sizes=\"auto, (max-width: 4267px) 100vw, 4267px\"><\/div>\n\t\t<\/div> \n\t\t<\/div>\n\t<\/div> <\/div><\/div><\/div><\/div><\/div><\/div><div class=\"vc_row wpb_row section vc_row-fluid vc_custom_1586772348273  grid_section mpc-row\" style=\" text-align:left;\"><div class=\"section_inner clearfix\"><div class=\"section_inner_margin clearfix\"><div class=\"wpb_column vc_column_container vc_col-sm-12 mpc-column\" data-column-id=\"mpc_column-5169fad2f69c81b\"><div class=\"vc_column-inner\"><div class=\"wpb_wrapper\">\n\t<div class=\"wpb_text_column wpb_content_element\">\n\t\t<div class=\"wpb_wrapper\">\n\t\t\t<h2 style=\"text-align: center;\">Des exp\u00e9ditions adapt\u00e9es \u00e0 votre entreprise. Quel que soit le service que vous choisissez, vous b\u00e9n\u00e9ficierez toujours de la m\u00eame commodit\u00e9, de la m\u00eame visibilit\u00e9 et de la m\u00eame flexibilit\u00e9 gr\u00e2ce aux services de Prime Freight.<\/h2>\n\n\t\t<\/div>\n\t<\/div>\n<\/div><\/div><\/div><\/div><\/div><\/div><div class=\"vc_row wpb_row section vc_row-fluid vc_custom_1586772359169  grid_section mpc-row\" style=\" text-align:left;\"><div class=\"section_inner clearfix\"><div class=\"section_inner_margin clearfix\"><div class=\"wpb_column vc_column_container vc_col-sm-12 mpc-column\" data-column-id=\"mpc_column-3069fad2f69e610\"><div class=\"vc_column-inner\"><div class=\"wpb_wrapper\">\n\t<div class=\"wpb_text_column wpb_content_element\">\n\t\t<div class=\"wpb_wrapper\">\n\t\t\t<div class=\"wpb-content-wrapper\"><div class=\"vc_row wpb_row section vc_row-fluid  grid_section mpc-row\" style=\" text-align:left;\"><div class=\"section_inner clearfix\"><div class=\"section_inner_margin clearfix\"><div class=\"wpb_column vc_column_container vc_col-sm-12 mpc-column\" data-column-id=\"mpc_column-6369fad2f69dbf6\"><div class=\"vc_column-inner\"><div class=\"wpb_wrapper\"><div class=\"vc_row wpb_row vc_inner vc_row-fluid vc_column-gap-30 vc_row-o-equal-height vc_row-flex mpc-row\"><div class=\"infor-box wpb_column vc_column_container vc_col-sm-4 mpc-column\" data-column-id=\"mpc_column-4169fad2f69d44a\"><div class=\"vc_column-inner\"><div class=\"wpb_wrapper\">\n\t<div class=\"wpb_single_image wpb_content_element vc_align_center\">\n\t\t<div>\n\t\t<div class=\"wpb_wrapper\">\n\t\t\t\n\t\t\t<div class=\"vc_single_image-wrapper\"><img decoding=\"async\" class=\"vc_single_image-img\" src=\"https:\/\/www.primefreight.com\/wp-content\/uploads\/2020\/03\/icon-1-new-100x100.png\" width=\"100\" height=\"100\" alt=\"ic\u00f4ne-1-nouveau\" title=\"ic\u00f4ne-1-nouveau\" loading=\"lazy\"><\/div>\n\t\t<\/div> \n\t\t<\/div>\n\t<\/div> \n\t<div class=\"wpb_text_column wpb_content_element\">\n\t\t<div class=\"wpb_wrapper\">\n\t\t\t<h2 style=\"text-align: center;\">Une \u00e9quipe d\u00e9vou\u00e9e qui conna\u00eet votre entreprise<\/h2>\n<p style=\"text-align: center;\">Prime Freight est une \u00e9quipe de sp\u00e9cialistes de l'industrie engag\u00e9s qui ont une connaissance approfondie du march\u00e9. Avec nous, vous b\u00e9n\u00e9ficiez d'un repr\u00e9sentant unique qui synchronise tout. Un meilleur service au juste prix.<\/p>\n\n\t\t<\/div>\n\t<\/div>\n<\/div><\/div><\/div><div class=\"infor-box wpb_column vc_column_container vc_col-sm-4 mpc-column\" data-column-id=\"mpc_column-9569fad2f69d78b\"><div class=\"vc_column-inner\"><div class=\"wpb_wrapper\">\n\t<div class=\"wpb_single_image wpb_content_element vc_align_center\">\n\t\t<div>\n\t\t<div class=\"wpb_wrapper\">\n\t\t\t\n\t\t\t<div class=\"vc_single_image-wrapper\"><img decoding=\"async\" class=\"vc_single_image-img\" src=\"https:\/\/www.primefreight.com\/wp-content\/uploads\/2020\/03\/icon-3-new-100x100.png\" width=\"100\" height=\"100\" alt=\"ic\u00f4ne-3-nouveau\" title=\"ic\u00f4ne-3-nouveau\" loading=\"lazy\"><\/div>\n\t\t<\/div> \n\t\t<\/div>\n\t<\/div> \n\t<div class=\"wpb_text_column wpb_content_element\">\n\t\t<div class=\"wpb_wrapper\">\n\t\t\t<h2 style=\"text-align: center;\">Un service personnalis\u00e9 avec une attention proactive<\/h2>\n<p style=\"text-align: center;\">Nous offrons un service plus personnalis\u00e9. Vos d\u00e9fis uniques sont notre priorit\u00e9. Les probl\u00e8mes sont signal\u00e9s de mani\u00e8re proactive avant qu'ils ne s'aggravent.<\/p>\n\n\t\t<\/div>\n\t<\/div>\n<\/div><\/div><\/div><div class=\"infor-box wpb_column vc_column_container vc_col-sm-4 mpc-column\" data-column-id=\"mpc_column-1969fad2f69daba\"><div class=\"vc_column-inner\"><div class=\"wpb_wrapper\">\n\t<div class=\"wpb_single_image wpb_content_element vc_align_center\">\n\t\t<div>\n\t\t<div class=\"wpb_wrapper\">\n\t\t\t\n\t\t\t<div class=\"vc_single_image-wrapper\"><img decoding=\"async\" class=\"vc_single_image-img\" src=\"https:\/\/www.primefreight.com\/wp-content\/uploads\/2020\/03\/icon-2-new-100x100.png\" width=\"100\" height=\"100\" alt=\"ic\u00f4ne-2-nouveau\" title=\"ic\u00f4ne-2-nouveau\" loading=\"lazy\"><\/div>\n\t\t<\/div> \n\t\t<\/div>\n\t<\/div> \n\t<div class=\"wpb_text_column wpb_content_element\">\n\t\t<div class=\"wpb_wrapper\">\n\t\t\t<h2 style=\"text-align: center;\">Une consolidation qui permet d'\u00e9conomiser du temps et de l'argent<\/h2>\n<p style=\"text-align: center;\">Consolidez votre fret avec Prime Freight pour b\u00e9n\u00e9ficier de tarifs inf\u00e9rieurs \u00e0 ceux des chargements de conteneurs. Vous b\u00e9n\u00e9ficiez du meilleur service parce que nous pouvons trouver les meilleures solutions. Les bons transporteurs. Les temps de transit les plus rapides.<\/p>\n\n\t\t<\/div>\n\t<\/div>\n<\/div><\/div><\/div><\/div><\/div><\/div><\/div><\/div><\/div><\/div>\n<\/div>\n\n\t\t<\/div>\n\t<\/div>\n<\/div><\/div><\/div><\/div><\/div><\/div><div class=\"vc_row wpb_row section vc_row-fluid vc_custom_1586772370154  grid_section mpc-row\" style=\" text-align:center;\"><div class=\"section_inner clearfix\"><div class=\"section_inner_margin clearfix\"><div class=\"wpb_column vc_column_container vc_col-sm-12 mpc-column\" data-column-id=\"mpc_column-3969fad2f69f345\"><div class=\"vc_column-inner\"><div class=\"wpb_wrapper\"><style type=\"text\/css\" data-type=\"vc_shortcodes-custom-css\">.vc_custom_1560353941262{padding-top: 80px !important;padding-bottom: 80px !important;}<\/style>\n\t<div class=\"wpb_text_column wpb_content_element\">\n\t\t<div class=\"wpb_wrapper\">\n\t\t\t<div class=\"wpb-content-wrapper\"><div class=\"vc_row wpb_row section vc_row-fluid vc_custom_1560353941262  grid_section mpc-row\" style=\" text-align:center;\"><div class=\"section_inner clearfix\"><div class=\"section_inner_margin clearfix\"><div class=\"wpb_column vc_column_container vc_col-sm-12 mpc-column\" data-column-id=\"mpc_column-2869fad2f69eeeb\"><div class=\"vc_column-inner\"><div class=\"wpb_wrapper\">\n\t<div class=\"wpb_text_column wpb_content_element\">\n\t\t<div class=\"wpb_wrapper\">\n\t\t\t<h2 style=\"text-align: center;\">Inscrivez-vous pour d\u00e9couvrir la diff\u00e9rence Prime Freight<\/h2>\n\n\t\t<\/div>\n\t<\/div>\n<a href=\"\/fr\/sinscrire-2\/\" target=\"_self\" class=\"qbutton  large white\" style=\"\">S'inscrire<i class=\"fa fa-arrow-circle-right\" style=\"\"><\/i><\/a><\/div><\/div><\/div><\/div><\/div><\/div><div class=\"vc_row wpb_row section vc_row-fluid mpc-row\" style=\" text-align:left;\"><div class=\"full_section_inner clearfix\"><\/div><\/div>\n<\/div><style type=\"text\/css\" data-type=\"rcb-_wpb_shortcodes_custom_css-2225\">.vc_custom_1560353941262{padding-top: 80px !important;padding-bottom: 80px !important;}<\/style>\n\n\t\t<\/div>\n\t<\/div>\n<\/div><\/div><\/div><\/div><\/div><\/div>\n<\/div>","protected":false},"excerpt":{"rendered":"LCL optimis\u00e9 pour la vitesse, la visibilit\u00e9 et la s\u00e9curit\u00e9. La situation peut \u00eatre impr\u00e9visible pour les services d'exp\u00e9dition LCL et les options LCL conventionnelles. Prime Freight vous donne acc\u00e8s \u00e0 un r\u00e9seau LCL exclusif et propre \u00e0 ses clients, qui s'\u00e9tend sur pr\u00e8s de 500 n\u0153uds dans le monde entier. Le LCL de Prime Freight am\u00e9liore votre cha\u00eene d'approvisionnement","protected":false},"author":1,"featured_media":0,"parent":473,"menu_order":0,"comment_status":"closed","ping_status":"closed","template":"full_width.php","meta":{"content-type":"","_mbp_gutenberg_autopost":false,"footnotes":""},"class_list":["post-1712","page","type-page","status-publish","hentry"],"_links":{"self":[{"href":"https:\/\/www.primefreight.com\/fr\/wp-json\/wp\/v2\/pages\/1712","targetHints":{"allow":["GET"]}}],"collection":[{"href":"https:\/\/www.primefreight.com\/fr\/wp-json\/wp\/v2\/pages"}],"about":[{"href":"https:\/\/www.primefreight.com\/fr\/wp-json\/wp\/v2\/types\/page"}],"author":[{"embeddable":true,"href":"https:\/\/www.primefreight.com\/fr\/wp-json\/wp\/v2\/users\/1"}],"replies":[{"embeddable":true,"href":"https:\/\/www.primefreight.com\/fr\/wp-json\/wp\/v2\/comments?post=1712"}],"version-history":[{"count":17,"href":"https:\/\/www.primefreight.com\/fr\/wp-json\/wp\/v2\/pages\/1712\/revisions"}],"predecessor-version":[{"id":2505,"href":"https:\/\/www.primefreight.com\/fr\/wp-json\/wp\/v2\/pages\/1712\/revisions\/2505"}],"up":[{"embeddable":true,"href":"https:\/\/www.primefreight.com\/fr\/wp-json\/wp\/v2\/pages\/473"}],"wp:attachment":[{"href":"https:\/\/www.primefreight.com\/fr\/wp-json\/wp\/v2\/media?parent=1712"}],"curies":[{"name":"wp","href":"https:\/\/api.w.org\/{rel}","templated":true}]}}