{"id":1714,"date":"2019-06-12T14:37:52","date_gmt":"2019-06-12T14:37:52","guid":{"rendered":"https:\/\/www.primefreight.com\/?page_id=1714"},"modified":"2020-04-15T15:56:52","modified_gmt":"2020-04-15T15:56:52","slug":"fcl-freight","status":"publish","type":"page","link":"https:\/\/www.primefreight.com\/fr\/services\/fret-maritime\/fcl-freight\/","title":{"rendered":"FCL Freight"},"content":{"rendered":"<div class=\"wpb-content-wrapper\"><div class=\"vc_row wpb_row section vc_row-fluid vc_custom_1586966190973  grid_section mpc-row\" style=\" text-align:left;\"><div class=\"section_inner clearfix\"><div class=\"section_inner_margin clearfix\"><div class=\"wpb_column vc_column_container vc_col-sm-10 mpc-column\" data-column-id=\"mpc_column-8269de2811c9cd4\"><div class=\"vc_column-inner\"><div class=\"wpb_wrapper\">\n\t<div class=\"wpb_text_column wpb_content_element vc_custom_1561646321373\">\n\t\t<div class=\"wpb_wrapper\">\n\t\t\t<h1>Le service maritime Prime Freight FCL offre une transparence de bout en bout, des transporteurs de premier plan et un acc\u00e8s aux voies principales.<\/h1>\n\n\t\t<\/div>\n\t<\/div>\n<\/div><\/div><\/div><div class=\"wpb_column vc_column_container vc_col-sm-2 mpc-column\" data-column-id=\"mpc_column-469de2811c9e20\"><div class=\"vc_column-inner\"><div class=\"wpb_wrapper\"><\/div><\/div><\/div><\/div><\/div><\/div><!-- Row Backgrounds --><div class=\"upb_bg_img\" data-ultimate-bg=\"url(https:\/\/www.primefreight.com\/wp-content\/uploads\/2019\/06\/primefreight3d-01-2.png)\" data-image-id=\"1798\" data-ultimate-bg-style=\"vcpb-default\" data-bg-img-repeat=\"repeat\" data-bg-img-size=\"cover\" data-bg-img-position=\"\" data-parallx_sense=\"30\" data-bg-override=\"full\" data-bg_img_attach=\"scroll\" data-upb-overlay-color=\"\" data-upb-bg-animation=\"\" data-fadeout=\"\" data-bg-animation=\"left-animation\" data-bg-animation-type=\"h\" data-animation-repeat=\"repeat\" data-fadeout-percentage=\"30\" data-parallax-content=\"\" data-parallax-content-sense=\"30\" data-row-effect-mobile-disable=\"true\" data-img-parallax-mobile-disable=\"true\" data-rtl=\"false\" data-custom-vc-row=\"\" data-vc=\"8.2\" data-is_old_vc=\"\" data-theme-support=\"\" data-overlay=\"false\" data-overlay-color=\"\" data-overlay-pattern=\"\" data-overlay-pattern-opacity=\"\" data-overlay-pattern-size=\"\"><\/div><div class=\"vc_row wpb_row section vc_row-fluid vc_custom_1586771677619  grid_section mpc-row\" style=\" text-align:left;\"><div class=\"section_inner clearfix\"><div class=\"section_inner_margin clearfix\"><div class=\"wpb_column vc_column_container vc_col-sm-12 mpc-column\" data-column-id=\"mpc_column-4469de2811cb06c\"><div class=\"vc_column-inner\"><div class=\"wpb_wrapper\"><div class=\"vc_row wpb_row vc_inner vc_row-fluid vc_row-o-equal-height vc_row-o-content-middle vc_row-flex mpc-row\"><div class=\"wpb_column vc_column_container vc_col-sm-6 vc_hidden-lg vc_hidden-md vc_hidden-sm mpc-column\" data-column-id=\"mpc_column-4769de2811caa60\"><div class=\"vc_column-inner\"><div class=\"wpb_wrapper\">\n\t<div class=\"wpb_single_image wpb_content_element vc_align_left\">\n\t\t<div>\n\t\t<div class=\"wpb_wrapper\">\n\t\t\t\n\t\t\t<div class=\"vc_single_image-wrapper\"><img loading=\"lazy\" decoding=\"async\" width=\"2133\" height=\"1329\" src=\"https:\/\/www.primefreight.com\/wp-content\/uploads\/2019\/06\/primefreight3d-02-2.png\" class=\"vc_single_image-img attachment-full\" alt=\"\" title=\"primefreight3d-02-2\" srcset=\"https:\/\/www.primefreight.com\/wp-content\/uploads\/2019\/06\/primefreight3d-02-2.png 2133w, https:\/\/www.primefreight.com\/wp-content\/uploads\/2019\/06\/primefreight3d-02-2-100x62.png 100w, https:\/\/www.primefreight.com\/wp-content\/uploads\/2019\/06\/primefreight3d-02-2-768x479.png 768w, https:\/\/www.primefreight.com\/wp-content\/uploads\/2019\/06\/primefreight3d-02-2-1024x638.png 1024w, https:\/\/www.primefreight.com\/wp-content\/uploads\/2019\/06\/primefreight3d-02-2-700x436.png 700w, https:\/\/www.primefreight.com\/wp-content\/uploads\/2019\/06\/primefreight3d-02-2-200x125.png 200w\" sizes=\"auto, (max-width: 2133px) 100vw, 2133px\"><\/div>\n\t\t<\/div> \n\t\t<\/div>\n\t<\/div> <\/div><\/div><\/div><div class=\"wpb_column vc_column_container vc_col-sm-6 mpc-column\" data-column-id=\"mpc_column-4369de2811cad0a\"><div class=\"vc_column-inner\"><div class=\"wpb_wrapper\">\n\t<div class=\"wpb_text_column wpb_content_element vc_custom_1569952612078\">\n\t\t<div class=\"wpb_wrapper\">\n\t\t\t<h2>Aide personnalis\u00e9e pour toutes les options d'exp\u00e9dition<\/h2>\n<p>Prime Freight propose des centaines d'exp\u00e9ditions FCL qui s'inscrivent dans la dynamique de votre cha\u00eene d'approvisionnement. Avec une large gamme de services, nous avons des \u00e9quipes d'origine et de destination qui peuvent aider \u00e0 optimiser chaque envoi en termes de co\u00fbt, d'itin\u00e9raire ou de temps de transit.<\/p>\n\n\t\t<\/div>\n\t<\/div>\n<\/div><\/div><\/div><div class=\"wpb_column vc_column_container vc_col-sm-6 vc_hidden-xs mpc-column\" data-column-id=\"mpc_column-6769de2811caf3a\"><div class=\"vc_column-inner\"><div class=\"wpb_wrapper\">\n\t<div class=\"wpb_single_image wpb_content_element vc_align_left\">\n\t\t<div>\n\t\t<div class=\"wpb_wrapper\">\n\t\t\t\n\t\t\t<div class=\"vc_single_image-wrapper\"><img loading=\"lazy\" decoding=\"async\" width=\"2133\" height=\"1329\" src=\"https:\/\/www.primefreight.com\/wp-content\/uploads\/2019\/06\/primefreight3d-02-2.png\" class=\"vc_single_image-img attachment-full\" alt=\"\" title=\"primefreight3d-02-2\" srcset=\"https:\/\/www.primefreight.com\/wp-content\/uploads\/2019\/06\/primefreight3d-02-2.png 2133w, https:\/\/www.primefreight.com\/wp-content\/uploads\/2019\/06\/primefreight3d-02-2-100x62.png 100w, https:\/\/www.primefreight.com\/wp-content\/uploads\/2019\/06\/primefreight3d-02-2-768x479.png 768w, https:\/\/www.primefreight.com\/wp-content\/uploads\/2019\/06\/primefreight3d-02-2-1024x638.png 1024w, https:\/\/www.primefreight.com\/wp-content\/uploads\/2019\/06\/primefreight3d-02-2-700x436.png 700w, https:\/\/www.primefreight.com\/wp-content\/uploads\/2019\/06\/primefreight3d-02-2-200x125.png 200w\" sizes=\"auto, (max-width: 2133px) 100vw, 2133px\"><\/div>\n\t\t<\/div> \n\t\t<\/div>\n\t<\/div> <\/div><\/div><\/div><\/div><\/div><\/div><\/div><\/div><\/div><\/div><div class=\"vc_row wpb_row section vc_row-fluid  grid_section mpc-row\" style=\" text-align:left;\"><div class=\"section_inner clearfix\"><div class=\"section_inner_margin clearfix\"><div class=\"wpb_column vc_column_container vc_col-sm-12 mpc-column\" data-column-id=\"mpc_column-4369de2811cb466\"><div class=\"vc_column-inner\"><div class=\"wpb_wrapper\"><div class=\"separator\" style=\"\"><\/div>\n<\/div><\/div><\/div><\/div><\/div><\/div><div class=\"vc_row wpb_row section vc_row-fluid vc_custom_1586772082748  grid_section mpc-row\" style=\" text-align:left;\"><div class=\"section_inner clearfix\"><div class=\"section_inner_margin clearfix\"><div class=\"wpb_column vc_column_container vc_col-sm-12 mpc-column\" data-column-id=\"mpc_column-7769de2811cbccd\"><div class=\"vc_column-inner\"><div class=\"wpb_wrapper\"><div class=\"vc_row wpb_row vc_inner vc_row-fluid vc_row-o-equal-height vc_row-o-content-middle vc_row-flex mpc-row\"><div class=\"wpb_column vc_column_container vc_col-sm-6 mpc-column\" data-column-id=\"mpc_column-4269de2811cba0d\"><div class=\"vc_column-inner\"><div class=\"wpb_wrapper\">\n\t<div class=\"wpb_single_image wpb_content_element vc_align_left\">\n\t\t<div>\n\t\t<div class=\"wpb_wrapper\">\n\t\t\t\n\t\t\t<div class=\"vc_single_image-wrapper\"><img loading=\"lazy\" decoding=\"async\" width=\"2133\" height=\"1329\" src=\"https:\/\/www.primefreight.com\/wp-content\/uploads\/2019\/06\/primefreight3d-03-2.png\" class=\"vc_single_image-img attachment-full\" alt=\"\" title=\"primefreight3d-03-2\" srcset=\"https:\/\/www.primefreight.com\/wp-content\/uploads\/2019\/06\/primefreight3d-03-2.png 2133w, https:\/\/www.primefreight.com\/wp-content\/uploads\/2019\/06\/primefreight3d-03-2-100x62.png 100w, https:\/\/www.primefreight.com\/wp-content\/uploads\/2019\/06\/primefreight3d-03-2-768x479.png 768w, https:\/\/www.primefreight.com\/wp-content\/uploads\/2019\/06\/primefreight3d-03-2-1024x638.png 1024w, https:\/\/www.primefreight.com\/wp-content\/uploads\/2019\/06\/primefreight3d-03-2-700x436.png 700w, https:\/\/www.primefreight.com\/wp-content\/uploads\/2019\/06\/primefreight3d-03-2-200x125.png 200w\" sizes=\"auto, (max-width: 2133px) 100vw, 2133px\"><\/div>\n\t\t<\/div> \n\t\t<\/div>\n\t<\/div> <\/div><\/div><\/div><div class=\"wpb_column vc_column_container vc_col-sm-6 mpc-column\" data-column-id=\"mpc_column-6969de2811cbbf6\"><div class=\"vc_column-inner\"><div class=\"wpb_wrapper\">\n\t<div class=\"wpb_text_column wpb_content_element\">\n\t\t<div class=\"wpb_wrapper\">\n\t\t\t<h2>Exp\u00e9dier avec des transporteurs de confiance et une visibilit\u00e9 in\u00e9gal\u00e9e<\/h2>\n<p>Prime Freight a conclu des contrats directs avec toutes les grandes alliances afin de garantir que votre cargaison navigue selon les horaires dont vous avez besoin, avec des transporteurs de confiance. De plus, vous b\u00e9n\u00e9ficiez d'une meilleure visibilit\u00e9 de bout en bout gr\u00e2ce au r\u00e9seau de navires suivis par GPS de Prime Freight et aux donn\u00e9es de tiers.<\/p>\n\n\t\t<\/div>\n\t<\/div>\n<\/div><\/div><\/div><\/div><\/div><\/div><\/div><\/div><\/div><\/div><div class=\"vc_row wpb_row section vc_row-fluid  grid_section mpc-row\" style=\" text-align:left;\"><div class=\"section_inner clearfix\"><div class=\"section_inner_margin clearfix\"><div class=\"wpb_column vc_column_container vc_col-sm-12 mpc-column\" data-column-id=\"mpc_column-1069de2811cbf90\"><div class=\"vc_column-inner\"><div class=\"wpb_wrapper\"><div class=\"separator\" style=\"\"><\/div>\n<\/div><\/div><\/div><\/div><\/div><\/div><div class=\"vc_row wpb_row section vc_row-fluid vc_custom_1586771701460  grid_section mpc-row\" style=\" text-align:left;\"><div class=\"section_inner clearfix\"><div class=\"section_inner_margin clearfix\"><div class=\"wpb_column vc_column_container vc_col-sm-12 mpc-column\" data-column-id=\"mpc_column-7069de2811cca34\"><div class=\"vc_column-inner\"><div class=\"wpb_wrapper\"><div class=\"vc_row wpb_row vc_inner vc_row-fluid vc_row-o-equal-height vc_row-o-content-middle vc_row-flex mpc-row\"><div class=\"wpb_column vc_column_container vc_col-sm-6 vc_hidden-lg vc_hidden-md vc_hidden-sm mpc-column\" data-column-id=\"mpc_column-1469de2811cc511\"><div class=\"vc_column-inner\"><div class=\"wpb_wrapper\">\n\t<div class=\"wpb_single_image wpb_content_element vc_align_left\">\n\t\t<div>\n\t\t<div class=\"wpb_wrapper\">\n\t\t\t\n\t\t\t<div class=\"vc_single_image-wrapper\"><img loading=\"lazy\" decoding=\"async\" width=\"2133\" height=\"1329\" src=\"https:\/\/www.primefreight.com\/wp-content\/uploads\/2019\/06\/primefreight3d-04-2.png\" class=\"vc_single_image-img attachment-full\" alt=\"\" title=\"primefreight3d-04-2\" srcset=\"https:\/\/www.primefreight.com\/wp-content\/uploads\/2019\/06\/primefreight3d-04-2.png 2133w, https:\/\/www.primefreight.com\/wp-content\/uploads\/2019\/06\/primefreight3d-04-2-100x62.png 100w, https:\/\/www.primefreight.com\/wp-content\/uploads\/2019\/06\/primefreight3d-04-2-768x479.png 768w, https:\/\/www.primefreight.com\/wp-content\/uploads\/2019\/06\/primefreight3d-04-2-1024x638.png 1024w, https:\/\/www.primefreight.com\/wp-content\/uploads\/2019\/06\/primefreight3d-04-2-700x436.png 700w, https:\/\/www.primefreight.com\/wp-content\/uploads\/2019\/06\/primefreight3d-04-2-200x125.png 200w\" sizes=\"auto, (max-width: 2133px) 100vw, 2133px\"><\/div>\n\t\t<\/div> \n\t\t<\/div>\n\t<\/div> <\/div><\/div><\/div><div class=\"wpb_column vc_column_container vc_col-sm-6 mpc-column\" data-column-id=\"mpc_column-6869de2811cc701\"><div class=\"vc_column-inner\"><div class=\"wpb_wrapper\">\n\t<div class=\"wpb_text_column wpb_content_element\">\n\t\t<div class=\"wpb_wrapper\">\n\t\t\t<h2>Offres de services premium Prime Freight FCL<\/h2>\n<p>Prime Freight propose un service Premium Garanti sur la plupart des trajets en Asie. Ce service garantit que les marchandises les plus urgentes de nos clients arrivent \u00e0 temps \u00e0 destination. Tarifs avantageux et capacit\u00e9 fiable sur les principales voies commerciales maritimes Notre technologie de gestion des allocations et notre portefeuille diversifi\u00e9 de clients nous permettent d'am\u00e9liorer la fiabilit\u00e9 de nos clients et la pr\u00e9visibilit\u00e9 pour les transporteurs maritimes, ce qui se traduit par de meilleurs tarifs pour vos exp\u00e9ditions.<\/p>\n\n\t\t<\/div>\n\t<\/div>\n<\/div><\/div><\/div><div class=\"wpb_column vc_column_container vc_col-sm-6 vc_hidden-xs mpc-column\" data-column-id=\"mpc_column-469de2811cc91d\"><div class=\"vc_column-inner\"><div class=\"wpb_wrapper\">\n\t<div class=\"wpb_single_image wpb_content_element vc_align_left\">\n\t\t<div>\n\t\t<div class=\"wpb_wrapper\">\n\t\t\t\n\t\t\t<div class=\"vc_single_image-wrapper\"><img loading=\"lazy\" decoding=\"async\" width=\"2133\" height=\"1329\" src=\"https:\/\/www.primefreight.com\/wp-content\/uploads\/2019\/06\/primefreight3d-04-2.png\" class=\"vc_single_image-img attachment-full\" alt=\"\" title=\"primefreight3d-04-2\" srcset=\"https:\/\/www.primefreight.com\/wp-content\/uploads\/2019\/06\/primefreight3d-04-2.png 2133w, https:\/\/www.primefreight.com\/wp-content\/uploads\/2019\/06\/primefreight3d-04-2-100x62.png 100w, https:\/\/www.primefreight.com\/wp-content\/uploads\/2019\/06\/primefreight3d-04-2-768x479.png 768w, https:\/\/www.primefreight.com\/wp-content\/uploads\/2019\/06\/primefreight3d-04-2-1024x638.png 1024w, https:\/\/www.primefreight.com\/wp-content\/uploads\/2019\/06\/primefreight3d-04-2-700x436.png 700w, https:\/\/www.primefreight.com\/wp-content\/uploads\/2019\/06\/primefreight3d-04-2-200x125.png 200w\" sizes=\"auto, (max-width: 2133px) 100vw, 2133px\"><\/div>\n\t\t<\/div> \n\t\t<\/div>\n\t<\/div> <\/div><\/div><\/div><\/div><\/div><\/div><\/div><\/div><\/div><\/div><div class=\"vc_row wpb_row section vc_row-fluid  grid_section mpc-row\" style=\" text-align:left;\"><div class=\"section_inner clearfix\"><div class=\"section_inner_margin clearfix\"><div class=\"wpb_column vc_column_container vc_col-sm-12 mpc-column\" data-column-id=\"mpc_column-3869de2811ccd44\"><div class=\"vc_column-inner\"><div class=\"wpb_wrapper\"><div class=\"separator\" style=\"\"><\/div>\n<\/div><\/div><\/div><\/div><\/div><\/div><div class=\"vc_row wpb_row section vc_row-fluid vc_custom_1586771712895  grid_section mpc-row\" style=\" text-align:left;\"><div class=\"section_inner clearfix\"><div class=\"section_inner_margin clearfix\"><div class=\"wpb_column vc_column_container vc_col-sm-12 mpc-column\" data-column-id=\"mpc_column-9369de2811cd01e\"><div class=\"vc_column-inner\"><div class=\"wpb_wrapper\">\n\t<div class=\"wpb_text_column wpb_content_element\">\n\t\t<div class=\"wpb_wrapper\">\n\t\t\t<h2 style=\"text-align: center;\">Des exp\u00e9ditions adapt\u00e9es \u00e0 votre entreprise. Quel que soit le service que vous choisissez, vous b\u00e9n\u00e9ficierez toujours de la m\u00eame commodit\u00e9, de la m\u00eame visibilit\u00e9 et de la m\u00eame flexibilit\u00e9 gr\u00e2ce aux services de Prime Freight.<\/h2>\n\n\t\t<\/div>\n\t<\/div>\n<\/div><\/div><\/div><\/div><\/div><\/div><div class=\"vc_row wpb_row section vc_row-fluid vc_custom_1586771722519  grid_section mpc-row\" style=\" text-align:left;\"><div class=\"section_inner clearfix\"><div class=\"section_inner_margin clearfix\"><div class=\"wpb_column vc_column_container vc_col-sm-12 mpc-column\" data-column-id=\"mpc_column-769de2811cf05e\"><div class=\"vc_column-inner\"><div class=\"wpb_wrapper\">\n\t<div class=\"wpb_text_column wpb_content_element\">\n\t\t<div class=\"wpb_wrapper\">\n\t\t\t<div class=\"wpb-content-wrapper\"><div class=\"vc_row wpb_row section vc_row-fluid  grid_section mpc-row\" style=\" text-align:left;\"><div class=\"section_inner clearfix\"><div class=\"section_inner_margin clearfix\"><div class=\"wpb_column vc_column_container vc_col-sm-12 mpc-column\" data-column-id=\"mpc_column-169de2811ce615\"><div class=\"vc_column-inner\"><div class=\"wpb_wrapper\"><div class=\"vc_row wpb_row vc_inner vc_row-fluid vc_column-gap-30 vc_row-o-equal-height vc_row-flex mpc-row\"><div class=\"infor-box wpb_column vc_column_container vc_col-sm-4 mpc-column\" data-column-id=\"mpc_column-8769de2811cde29\"><div class=\"vc_column-inner\"><div class=\"wpb_wrapper\">\n\t<div class=\"wpb_single_image wpb_content_element vc_align_center\">\n\t\t<div>\n\t\t<div class=\"wpb_wrapper\">\n\t\t\t\n\t\t\t<div class=\"vc_single_image-wrapper\"><img decoding=\"async\" class=\"vc_single_image-img\" src=\"https:\/\/www.primefreight.com\/wp-content\/uploads\/2020\/03\/icon-1-new-100x100.png\" width=\"100\" height=\"100\" alt=\"ic\u00f4ne-1-nouveau\" title=\"ic\u00f4ne-1-nouveau\" loading=\"lazy\"><\/div>\n\t\t<\/div> \n\t\t<\/div>\n\t<\/div> \n\t<div class=\"wpb_text_column wpb_content_element\">\n\t\t<div class=\"wpb_wrapper\">\n\t\t\t<h2 style=\"text-align: center;\">Une \u00e9quipe d\u00e9vou\u00e9e qui conna\u00eet votre entreprise<\/h2>\n<p style=\"text-align: center;\">Prime Freight est une \u00e9quipe de sp\u00e9cialistes de l'industrie engag\u00e9s qui ont une connaissance approfondie du march\u00e9. Avec nous, vous b\u00e9n\u00e9ficiez d'un repr\u00e9sentant unique qui synchronise tout. Un meilleur service au juste prix.<\/p>\n\n\t\t<\/div>\n\t<\/div>\n<\/div><\/div><\/div><div class=\"infor-box wpb_column vc_column_container vc_col-sm-4 mpc-column\" data-column-id=\"mpc_column-5569de2811ce190\"><div class=\"vc_column-inner\"><div class=\"wpb_wrapper\">\n\t<div class=\"wpb_single_image wpb_content_element vc_align_center\">\n\t\t<div>\n\t\t<div class=\"wpb_wrapper\">\n\t\t\t\n\t\t\t<div class=\"vc_single_image-wrapper\"><img decoding=\"async\" class=\"vc_single_image-img\" src=\"https:\/\/www.primefreight.com\/wp-content\/uploads\/2020\/03\/icon-3-new-100x100.png\" width=\"100\" height=\"100\" alt=\"ic\u00f4ne-3-nouveau\" title=\"ic\u00f4ne-3-nouveau\" loading=\"lazy\"><\/div>\n\t\t<\/div> \n\t\t<\/div>\n\t<\/div> \n\t<div class=\"wpb_text_column wpb_content_element\">\n\t\t<div class=\"wpb_wrapper\">\n\t\t\t<h2 style=\"text-align: center;\">Un service personnalis\u00e9 avec une attention proactive<\/h2>\n<p style=\"text-align: center;\">Nous offrons un service plus personnalis\u00e9. Vos d\u00e9fis uniques sont notre priorit\u00e9. Les probl\u00e8mes sont signal\u00e9s de mani\u00e8re proactive avant qu'ils ne s'aggravent.<\/p>\n\n\t\t<\/div>\n\t<\/div>\n<\/div><\/div><\/div><div class=\"infor-box wpb_column vc_column_container vc_col-sm-4 mpc-column\" data-column-id=\"mpc_column-7669de2811ce4e6\"><div class=\"vc_column-inner\"><div class=\"wpb_wrapper\">\n\t<div class=\"wpb_single_image wpb_content_element vc_align_center\">\n\t\t<div>\n\t\t<div class=\"wpb_wrapper\">\n\t\t\t\n\t\t\t<div class=\"vc_single_image-wrapper\"><img decoding=\"async\" class=\"vc_single_image-img\" src=\"https:\/\/www.primefreight.com\/wp-content\/uploads\/2020\/03\/icon-2-new-100x100.png\" width=\"100\" height=\"100\" alt=\"ic\u00f4ne-2-nouveau\" title=\"ic\u00f4ne-2-nouveau\" loading=\"lazy\"><\/div>\n\t\t<\/div> \n\t\t<\/div>\n\t<\/div> \n\t<div class=\"wpb_text_column wpb_content_element\">\n\t\t<div class=\"wpb_wrapper\">\n\t\t\t<h2 style=\"text-align: center;\">Une consolidation qui permet d'\u00e9conomiser du temps et de l'argent<\/h2>\n<p style=\"text-align: center;\">Consolidez votre fret avec Prime Freight pour b\u00e9n\u00e9ficier de tarifs inf\u00e9rieurs \u00e0 ceux des chargements de conteneurs. Vous b\u00e9n\u00e9ficiez du meilleur service parce que nous pouvons trouver les meilleures solutions. Les bons transporteurs. Les temps de transit les plus rapides.<\/p>\n\n\t\t<\/div>\n\t<\/div>\n<\/div><\/div><\/div><\/div><\/div><\/div><\/div><\/div><\/div><\/div>\n<\/div>\n\n\t\t<\/div>\n\t<\/div>\n<\/div><\/div><\/div><\/div><\/div><\/div><div class=\"vc_row wpb_row section vc_row-fluid vc_custom_1586771732787  grid_section mpc-row\" style=\" text-align:center;\"><div class=\"section_inner clearfix\"><div class=\"section_inner_margin clearfix\"><div class=\"wpb_column vc_column_container vc_col-sm-12 mpc-column\" data-column-id=\"mpc_column-9569de2811cfd64\"><div class=\"vc_column-inner\"><div class=\"wpb_wrapper\"><style type=\"text\/css\" data-type=\"vc_shortcodes-custom-css\">.vc_custom_1560353941262{padding-top: 80px !important;padding-bottom: 80px !important;}<\/style>\n\t<div class=\"wpb_text_column wpb_content_element\">\n\t\t<div class=\"wpb_wrapper\">\n\t\t\t<div class=\"wpb-content-wrapper\"><div class=\"vc_row wpb_row section vc_row-fluid vc_custom_1560353941262  grid_section mpc-row\" style=\" text-align:center;\"><div class=\"section_inner clearfix\"><div class=\"section_inner_margin clearfix\"><div class=\"wpb_column vc_column_container vc_col-sm-12 mpc-column\" data-column-id=\"mpc_column-769de2811cf924\"><div class=\"vc_column-inner\"><div class=\"wpb_wrapper\">\n\t<div class=\"wpb_text_column wpb_content_element\">\n\t\t<div class=\"wpb_wrapper\">\n\t\t\t<h2 style=\"text-align: center;\">Inscrivez-vous pour d\u00e9couvrir la diff\u00e9rence Prime Freight<\/h2>\n\n\t\t<\/div>\n\t<\/div>\n<a href=\"\/fr\/sinscrire-2\/\" target=\"_self\" class=\"qbutton  large white\" style=\"\">S'inscrire<i class=\"fa fa-arrow-circle-right\" style=\"\"><\/i><\/a><\/div><\/div><\/div><\/div><\/div><\/div><div class=\"vc_row wpb_row section vc_row-fluid mpc-row\" style=\" text-align:left;\"><div class=\"full_section_inner clearfix\"><\/div><\/div>\n<\/div><style type=\"text\/css\" data-type=\"rcb-_wpb_shortcodes_custom_css-2225\">.vc_custom_1560353941262{padding-top: 80px !important;padding-bottom: 80px !important;}<\/style>\n\n\t\t<\/div>\n\t<\/div>\n<\/div><\/div><\/div><\/div><\/div><\/div>\n<\/div>","protected":false},"excerpt":{"rendered":"Le service maritime FCL de Prime Freight offre une transparence de bout en bout, des transporteurs de premier plan et l'acc\u00e8s aux principales voies. Aide personnalis\u00e9e pour toutes les options d'exp\u00e9dition Prime Freight propose des centaines d'exp\u00e9ditions FCL qui s'adaptent \u00e0 la dynamique de votre cha\u00eene d'approvisionnement. Avec une large gamme de services, nous avons l'origine et la destination.","protected":false},"author":1,"featured_media":0,"parent":473,"menu_order":0,"comment_status":"closed","ping_status":"closed","template":"full_width.php","meta":{"content-type":"","_mbp_gutenberg_autopost":false,"footnotes":""},"class_list":["post-1714","page","type-page","status-publish","hentry"],"_links":{"self":[{"href":"https:\/\/www.primefreight.com\/fr\/wp-json\/wp\/v2\/pages\/1714","targetHints":{"allow":["GET"]}}],"collection":[{"href":"https:\/\/www.primefreight.com\/fr\/wp-json\/wp\/v2\/pages"}],"about":[{"href":"https:\/\/www.primefreight.com\/fr\/wp-json\/wp\/v2\/types\/page"}],"author":[{"embeddable":true,"href":"https:\/\/www.primefreight.com\/fr\/wp-json\/wp\/v2\/users\/1"}],"replies":[{"embeddable":true,"href":"https:\/\/www.primefreight.com\/fr\/wp-json\/wp\/v2\/comments?post=1714"}],"version-history":[{"count":18,"href":"https:\/\/www.primefreight.com\/fr\/wp-json\/wp\/v2\/pages\/1714\/revisions"}],"predecessor-version":[{"id":2504,"href":"https:\/\/www.primefreight.com\/fr\/wp-json\/wp\/v2\/pages\/1714\/revisions\/2504"}],"up":[{"embeddable":true,"href":"https:\/\/www.primefreight.com\/fr\/wp-json\/wp\/v2\/pages\/473"}],"wp:attachment":[{"href":"https:\/\/www.primefreight.com\/fr\/wp-json\/wp\/v2\/media?parent=1714"}],"curies":[{"name":"wp","href":"https:\/\/api.w.org\/{rel}","templated":true}]}}