{"id":1746,"date":"2019-06-12T19:18:12","date_gmt":"2019-06-12T19:18:12","guid":{"rendered":"https:\/\/www.primefreight.com\/?page_id=1746"},"modified":"2020-04-15T16:12:25","modified_gmt":"2020-04-15T16:12:25","slug":"financement-du-commerce","status":"publish","type":"page","link":"https:\/\/www.primefreight.com\/fr\/services\/financement-du-commerce\/","title":{"rendered":"Financement du commerce"},"content":{"rendered":"<div class=\"wpb-content-wrapper\"><div class=\"vc_row wpb_row section vc_row-fluid vc_custom_1586966999545  grid_section mpc-row\" style=\" text-align:left;\"><div class=\"section_inner clearfix\"><div class=\"section_inner_margin clearfix\"><div class=\"wpb_column vc_column_container vc_col-sm-9 mpc-column\" data-column-id=\"mpc_column-369d115b1f11cd\"><div class=\"vc_column-inner\"><div class=\"wpb_wrapper\">\n\t<div class=\"wpb_text_column wpb_content_element vc_custom_1586523876131\">\n\t\t<div class=\"wpb_wrapper\">\n\t\t\t<h1>D\u00e9veloppez votre activit\u00e9 et financez votre cha\u00eene d'approvisionnement avec Prime Freight Capital.<\/h1>\n<h2>Obtenez une ligne de cr\u00e9dit pour acheter des stocks, financer les frais de transport et de douane et lib\u00e9rer le fonds de roulement de votre entreprise.<\/h2>\n\n\t\t<\/div>\n\t<\/div>\n<\/div><\/div><\/div><div class=\"wpb_column vc_column_container vc_col-sm-3 mpc-column\" data-column-id=\"mpc_column-6569d115b1f138f\"><div class=\"vc_column-inner\"><div class=\"wpb_wrapper\"><\/div><\/div><\/div><\/div><\/div><\/div><!-- Row Backgrounds --><div class=\"upb_bg_img\" data-ultimate-bg=\"url(https:\/\/www.primefreight.com\/wp-content\/uploads\/2019\/09\/8-header.png)\" data-image-id=\"1978\" data-ultimate-bg-style=\"vcpb-default\" data-bg-img-repeat=\"repeat\" data-bg-img-size=\"cover\" data-bg-img-position=\"\" data-parallx_sense=\"30\" data-bg-override=\"full\" data-bg_img_attach=\"scroll\" data-upb-overlay-color=\"\" data-upb-bg-animation=\"\" data-fadeout=\"\" data-bg-animation=\"left-animation\" data-bg-animation-type=\"h\" data-animation-repeat=\"repeat\" data-fadeout-percentage=\"30\" data-parallax-content=\"\" data-parallax-content-sense=\"30\" data-row-effect-mobile-disable=\"true\" data-img-parallax-mobile-disable=\"true\" data-rtl=\"false\" data-custom-vc-row=\"\" data-vc=\"8.2\" data-is_old_vc=\"\" data-theme-support=\"\" data-overlay=\"false\" data-overlay-color=\"\" data-overlay-pattern=\"\" data-overlay-pattern-opacity=\"\" data-overlay-pattern-size=\"\"><\/div><div class=\"vc_row wpb_row section vc_row-fluid vc_custom_1586775206904  grid_section mpc-row\" style=\" text-align:left;\"><div class=\"section_inner clearfix\"><div class=\"section_inner_margin clearfix\"><div class=\"wpb_column vc_column_container vc_col-sm-12 mpc-column\" data-column-id=\"mpc_column-2969d115b1f2c31\"><div class=\"vc_column-inner\"><div class=\"wpb_wrapper\"><div class=\"vc_row wpb_row vc_inner vc_row-fluid vc_row-o-equal-height vc_row-o-content-middle vc_row-flex mpc-row\"><div class=\"wpb_column vc_column_container vc_col-sm-6 vc_hidden-lg vc_hidden-md vc_hidden-sm mpc-column\" data-column-id=\"mpc_column-7269d115b1f252f\"><div class=\"vc_column-inner\"><div class=\"wpb_wrapper\">\n\t<div class=\"wpb_single_image wpb_content_element vc_align_center\">\n\t\t<div>\n\t\t<div class=\"wpb_wrapper\">\n\t\t\t\n\t\t\t<div class=\"vc_single_image-wrapper\"><img loading=\"lazy\" decoding=\"async\" width=\"2133\" height=\"1329\" src=\"https:\/\/www.primefreight.com\/wp-content\/uploads\/2019\/09\/8-Unlock-Capital-So-You-Can-Keep-Growing.png\" class=\"vc_single_image-img attachment-full\" alt=\"\" title=\"8 - D\u00e9bloquer des capitaux pour continuer \u00e0 cro\u00eetre\" srcset=\"https:\/\/www.primefreight.com\/wp-content\/uploads\/2019\/09\/8-Unlock-Capital-So-You-Can-Keep-Growing.png 2133w, https:\/\/www.primefreight.com\/wp-content\/uploads\/2019\/09\/8-Unlock-Capital-So-You-Can-Keep-Growing-100x62.png 100w, https:\/\/www.primefreight.com\/wp-content\/uploads\/2019\/09\/8-Unlock-Capital-So-You-Can-Keep-Growing-768x479.png 768w, https:\/\/www.primefreight.com\/wp-content\/uploads\/2019\/09\/8-Unlock-Capital-So-You-Can-Keep-Growing-1024x638.png 1024w, https:\/\/www.primefreight.com\/wp-content\/uploads\/2019\/09\/8-Unlock-Capital-So-You-Can-Keep-Growing-700x436.png 700w, https:\/\/www.primefreight.com\/wp-content\/uploads\/2019\/09\/8-Unlock-Capital-So-You-Can-Keep-Growing-200x125.png 200w\" sizes=\"auto, (max-width: 2133px) 100vw, 2133px\"><\/div>\n\t\t<\/div> \n\t\t<\/div>\n\t<\/div> <\/div><\/div><\/div><div class=\"wpb_column vc_column_container vc_col-sm-6 mpc-column\" data-column-id=\"mpc_column-4069d115b1f2826\"><div class=\"vc_column-inner\"><div class=\"wpb_wrapper\">\n\t<div class=\"wpb_text_column wpb_content_element\">\n\t\t<div class=\"wpb_wrapper\">\n\t\t\t<h2>D\u00e9bloquer des capitaux pour continuer \u00e0 se d\u00e9velopper<\/h2>\n<p>L'argent li\u00e9 \u00e0 votre cha\u00eene d'approvisionnement est de l'argent auquel vous ne pouvez pas acc\u00e9der. Avec Prime Freight Capital, les ruptures de stock, l'incapacit\u00e9 \u00e0 honorer des commandes importantes et les retards dans les tentatives de d\u00e9veloppement font partie du pass\u00e9.<\/p>\n\n\t\t<\/div>\n\t<\/div>\n<\/div><\/div><\/div><div class=\"wpb_column vc_column_container vc_col-sm-6 vc_hidden-xs mpc-column\" data-column-id=\"mpc_column-3169d115b1f2b1a\"><div class=\"vc_column-inner\"><div class=\"wpb_wrapper\">\n\t<div class=\"wpb_single_image wpb_content_element vc_align_center\">\n\t\t<div>\n\t\t<div class=\"wpb_wrapper\">\n\t\t\t\n\t\t\t<div class=\"vc_single_image-wrapper\"><img loading=\"lazy\" decoding=\"async\" width=\"2133\" height=\"1329\" src=\"https:\/\/www.primefreight.com\/wp-content\/uploads\/2019\/09\/8-Unlock-Capital-So-You-Can-Keep-Growing.png\" class=\"vc_single_image-img attachment-full\" alt=\"\" title=\"8 - D\u00e9bloquer des capitaux pour continuer \u00e0 cro\u00eetre\" srcset=\"https:\/\/www.primefreight.com\/wp-content\/uploads\/2019\/09\/8-Unlock-Capital-So-You-Can-Keep-Growing.png 2133w, https:\/\/www.primefreight.com\/wp-content\/uploads\/2019\/09\/8-Unlock-Capital-So-You-Can-Keep-Growing-100x62.png 100w, https:\/\/www.primefreight.com\/wp-content\/uploads\/2019\/09\/8-Unlock-Capital-So-You-Can-Keep-Growing-768x479.png 768w, https:\/\/www.primefreight.com\/wp-content\/uploads\/2019\/09\/8-Unlock-Capital-So-You-Can-Keep-Growing-1024x638.png 1024w, https:\/\/www.primefreight.com\/wp-content\/uploads\/2019\/09\/8-Unlock-Capital-So-You-Can-Keep-Growing-700x436.png 700w, https:\/\/www.primefreight.com\/wp-content\/uploads\/2019\/09\/8-Unlock-Capital-So-You-Can-Keep-Growing-200x125.png 200w\" sizes=\"auto, (max-width: 2133px) 100vw, 2133px\"><\/div>\n\t\t<\/div> \n\t\t<\/div>\n\t<\/div> <\/div><\/div><\/div><\/div><\/div><\/div><\/div><\/div><\/div><\/div><div class=\"vc_row wpb_row section vc_row-fluid  grid_section mpc-row\" style=\" text-align:left;\"><div class=\"section_inner clearfix\"><div class=\"section_inner_margin clearfix\"><div class=\"wpb_column vc_column_container vc_col-sm-12 mpc-column\" data-column-id=\"mpc_column-469d115b1f30f0\"><div class=\"vc_column-inner\"><div class=\"wpb_wrapper\"><div class=\"separator\" style=\"\"><\/div>\n<\/div><\/div><\/div><\/div><\/div><\/div><div class=\"vc_row wpb_row section vc_row-fluid vc_custom_1586773609596  grid_section mpc-row\" style=\" text-align:left;\"><div class=\"section_inner clearfix\"><div class=\"section_inner_margin clearfix\"><div class=\"wpb_column vc_column_container vc_col-sm-12 mpc-column\" data-column-id=\"mpc_column-569d115b1f3dc9\"><div class=\"vc_column-inner\"><div class=\"wpb_wrapper\"><div class=\"vc_row wpb_row vc_inner vc_row-fluid vc_row-o-equal-height vc_row-o-content-middle vc_row-flex mpc-row\"><div class=\"wpb_column vc_column_container vc_col-sm-6 mpc-column\" data-column-id=\"mpc_column-2069d115b1f3a25\"><div class=\"vc_column-inner\"><div class=\"wpb_wrapper\">\n\t<div class=\"wpb_single_image wpb_content_element vc_align_center\">\n\t\t<div>\n\t\t<div class=\"wpb_wrapper\">\n\t\t\t\n\t\t\t<div class=\"vc_single_image-wrapper\"><img loading=\"lazy\" decoding=\"async\" width=\"2133\" height=\"1329\" src=\"https:\/\/www.primefreight.com\/wp-content\/uploads\/2019\/09\/9-Rapid-funding-with-flexible-options.png\" class=\"vc_single_image-img attachment-full\" alt=\"\" title=\"9-Financement rapide avec des options flexibles\" srcset=\"https:\/\/www.primefreight.com\/wp-content\/uploads\/2019\/09\/9-Rapid-funding-with-flexible-options.png 2133w, https:\/\/www.primefreight.com\/wp-content\/uploads\/2019\/09\/9-Rapid-funding-with-flexible-options-100x62.png 100w, https:\/\/www.primefreight.com\/wp-content\/uploads\/2019\/09\/9-Rapid-funding-with-flexible-options-768x479.png 768w, https:\/\/www.primefreight.com\/wp-content\/uploads\/2019\/09\/9-Rapid-funding-with-flexible-options-1024x638.png 1024w, https:\/\/www.primefreight.com\/wp-content\/uploads\/2019\/09\/9-Rapid-funding-with-flexible-options-700x436.png 700w, https:\/\/www.primefreight.com\/wp-content\/uploads\/2019\/09\/9-Rapid-funding-with-flexible-options-200x125.png 200w\" sizes=\"auto, (max-width: 2133px) 100vw, 2133px\"><\/div>\n\t\t<\/div> \n\t\t<\/div>\n\t<\/div> <\/div><\/div><\/div><div class=\"wpb_column vc_column_container vc_col-sm-6 mpc-column\" data-column-id=\"mpc_column-8469d115b1f3d02\"><div class=\"vc_column-inner\"><div class=\"wpb_wrapper\">\n\t<div class=\"wpb_text_column wpb_content_element\">\n\t\t<div class=\"wpb_wrapper\">\n\t\t\t<h2>Financement rapide avec des options flexibles<\/h2>\n<p>Gr\u00e2ce \u00e0 la facilit\u00e9 de mise en \u0153uvre de Prime Freight Capital, vous pouvez b\u00e9n\u00e9ficier d'une ligne de cr\u00e9dit en quelques jours seulement. Acc\u00e9dez rapidement \u00e0 des fonds de roulement suppl\u00e9mentaires sans engagement \u00e0 long terme. Et avec des paiements flexibles, des financements par ligne et des pr\u00eats sur stocks invendus, vous disposez d'alternatives qui tiennent compte de l'\u00e9volution de votre entreprise.<\/p>\n\n\t\t<\/div>\n\t<\/div>\n<\/div><\/div><\/div><\/div><\/div><\/div><\/div><\/div><\/div><\/div><div class=\"vc_row wpb_row section vc_row-fluid  grid_section mpc-row\" style=\" text-align:left;\"><div class=\"section_inner clearfix\"><div class=\"section_inner_margin clearfix\"><div class=\"wpb_column vc_column_container vc_col-sm-12 mpc-column\" data-column-id=\"mpc_column-2469d115b1f41c1\"><div class=\"vc_column-inner\"><div class=\"wpb_wrapper\"><div class=\"separator\" style=\"\"><\/div>\n<\/div><\/div><\/div><\/div><\/div><\/div><div class=\"vc_row wpb_row section vc_row-fluid vc_custom_1586773634452  grid_section mpc-row\" style=\" text-align:left;\"><div class=\"section_inner clearfix\"><div class=\"section_inner_margin clearfix\"><div class=\"wpb_column vc_column_container vc_col-sm-12 mpc-column\" data-column-id=\"mpc_column-2469d115b2006b9\"><div class=\"vc_column-inner\"><div class=\"wpb_wrapper\">\n\t<div class=\"wpb_text_column wpb_content_element\">\n\t\t<div class=\"wpb_wrapper\">\n\t\t\t<h2>Des solutions financi\u00e8res adapt\u00e9es \u00e0 votre entreprise<\/h2>\n<p>Prime Freight Capital offre un certain nombre de choix de couverture qui peuvent aider votre entreprise \u00e0 aller de l'avant. Le financement des stocks peut couvrir les d\u00e9penses n\u00e9cessaires \u00e0 l'achat de vos produits. Le financement des exp\u00e9ditions peut couvrir le fret et les droits de douane. Pour r\u00e9pondre \u00e0 une grosse commande client, le financement du bon de commande peut couvrir tous les frais d'inventaire et de transport. Prime Freight vous aidera \u00e0 transf\u00e9rer vos produits de la source \u00e0 la destination, quel que soit votre choix, garantissant ainsi que votre investissement est entre de bonnes mains tout au long du processus.<\/p>\n\n\t\t<\/div>\n\t<\/div>\n<\/div><\/div><\/div><\/div><\/div><\/div><div class=\"vc_row wpb_row section vc_row-fluid vc_custom_1586967139428  grid_section mpc-row\" style=\" text-align:left;\"><div class=\"section_inner clearfix\"><div class=\"section_inner_margin clearfix\"><div class=\"wpb_column vc_column_container vc_col-sm-12 mpc-column\" data-column-id=\"mpc_column-9769d115b200a67\"><div class=\"vc_column-inner\"><div class=\"wpb_wrapper\"><\/div><\/div><\/div><\/div><\/div><\/div><!-- Row Backgrounds --><div class=\"upb_bg_img\" data-ultimate-bg=\"url(https:\/\/www.primefreight.com\/wp-content\/uploads\/2019\/09\/11-Financial-solutions-that-fit-your-business.png)\" data-image-id=\"1979\" data-ultimate-bg-style=\"vcpb-default\" data-bg-img-repeat=\"repeat\" data-bg-img-size=\"cover\" data-bg-img-position=\"\" data-parallx_sense=\"30\" data-bg-override=\"full\" data-bg_img_attach=\"scroll\" data-upb-overlay-color=\"\" data-upb-bg-animation=\"\" data-fadeout=\"\" data-bg-animation=\"left-animation\" data-bg-animation-type=\"h\" data-animation-repeat=\"repeat\" data-fadeout-percentage=\"30\" data-parallax-content=\"\" data-parallax-content-sense=\"30\" data-row-effect-mobile-disable=\"true\" data-img-parallax-mobile-disable=\"true\" data-rtl=\"false\" data-custom-vc-row=\"\" data-vc=\"8.2\" data-is_old_vc=\"\" data-theme-support=\"\" data-overlay=\"false\" data-overlay-color=\"\" data-overlay-pattern=\"\" data-overlay-pattern-opacity=\"\" data-overlay-pattern-size=\"\"><\/div>\n<\/div>","protected":false},"excerpt":{"rendered":"Faites cro\u00eetre votre entreprise et financez votre cha\u00eene d'approvisionnement avec Prime Freight Capital. Obtenez une ligne de cr\u00e9dit pour acheter des stocks, financer le fret et les droits de douane, et lib\u00e9rer le fonds de roulement quotidien de votre entreprise. D\u00e9bloquez des capitaux pour poursuivre votre croissance L'argent attach\u00e9 \u00e0 votre cha\u00eene d'approvisionnement","protected":false},"author":1,"featured_media":0,"parent":461,"menu_order":0,"comment_status":"closed","ping_status":"closed","template":"full_width.php","meta":{"content-type":"","_mbp_gutenberg_autopost":false,"footnotes":""},"class_list":["post-1746","page","type-page","status-publish","hentry"],"_links":{"self":[{"href":"https:\/\/www.primefreight.com\/fr\/wp-json\/wp\/v2\/pages\/1746","targetHints":{"allow":["GET"]}}],"collection":[{"href":"https:\/\/www.primefreight.com\/fr\/wp-json\/wp\/v2\/pages"}],"about":[{"href":"https:\/\/www.primefreight.com\/fr\/wp-json\/wp\/v2\/types\/page"}],"author":[{"embeddable":true,"href":"https:\/\/www.primefreight.com\/fr\/wp-json\/wp\/v2\/users\/1"}],"replies":[{"embeddable":true,"href":"https:\/\/www.primefreight.com\/fr\/wp-json\/wp\/v2\/comments?post=1746"}],"version-history":[{"count":15,"href":"https:\/\/www.primefreight.com\/fr\/wp-json\/wp\/v2\/pages\/1746\/revisions"}],"predecessor-version":[{"id":2510,"href":"https:\/\/www.primefreight.com\/fr\/wp-json\/wp\/v2\/pages\/1746\/revisions\/2510"}],"up":[{"embeddable":true,"href":"https:\/\/www.primefreight.com\/fr\/wp-json\/wp\/v2\/pages\/461"}],"wp:attachment":[{"href":"https:\/\/www.primefreight.com\/fr\/wp-json\/wp\/v2\/media?parent=1746"}],"curies":[{"name":"wp","href":"https:\/\/api.w.org\/{rel}","templated":true}]}}