{"id":1748,"date":"2019-06-12T19:27:55","date_gmt":"2019-06-12T19:27:55","guid":{"rendered":"https:\/\/www.primefreight.com\/?page_id=1748"},"modified":"2020-04-16T00:42:29","modified_gmt":"2020-04-16T00:42:29","slug":"compensation-carbone","status":"publish","type":"page","link":"https:\/\/www.primefreight.com\/fr\/services\/compensation-carbone\/","title":{"rendered":"Compensation carbone"},"content":{"rendered":"<div class=\"wpb-content-wrapper\"><div class=\"vc_row wpb_row section vc_row-fluid vc_custom_1586773859446  grid_section mpc-row\" style=\" text-align:left;\"><div class=\"section_inner clearfix\"><div class=\"section_inner_margin clearfix\"><div class=\"wpb_column vc_column_container vc_col-sm-12 mpc-column\" data-column-id=\"mpc_column-169e33fdd57095\"><div class=\"vc_column-inner\"><div class=\"wpb_wrapper\">\n\t<div class=\"wpb_text_column wpb_content_element vc_custom_1568307068607\">\n\t\t<div class=\"wpb_wrapper\">\n\t\t\t<h1>Prot\u00e9ger l'environnement et vos r\u00e9sultats<\/h1>\n<h3>Rendez votre cha\u00eene d'approvisionnement plus durable en devenant 100 % neutre en carbone et en atteignant vos objectifs en mati\u00e8re de responsabilit\u00e9 d'entreprise.<\/h3>\n\n\t\t<\/div>\n\t<\/div>\n<\/div><\/div><\/div><\/div><\/div><\/div><!-- Row Backgrounds --><div class=\"upb_bg_img\" data-ultimate-bg=\"url(https:\/\/www.primefreight.com\/wp-content\/uploads\/2019\/09\/10-header.png)\" data-image-id=\"1985\" data-ultimate-bg-style=\"vcpb-default\" data-bg-img-repeat=\"repeat\" data-bg-img-size=\"cover\" data-bg-img-position=\"\" data-parallx_sense=\"30\" data-bg-override=\"full\" data-bg_img_attach=\"scroll\" data-upb-overlay-color=\"\" data-upb-bg-animation=\"\" data-fadeout=\"\" data-bg-animation=\"left-animation\" data-bg-animation-type=\"h\" data-animation-repeat=\"repeat\" data-fadeout-percentage=\"30\" data-parallax-content=\"\" data-parallax-content-sense=\"30\" data-row-effect-mobile-disable=\"true\" data-img-parallax-mobile-disable=\"true\" data-rtl=\"false\" data-custom-vc-row=\"\" data-vc=\"8.2\" data-is_old_vc=\"\" data-theme-support=\"\" data-overlay=\"false\" data-overlay-color=\"\" data-overlay-pattern=\"\" data-overlay-pattern-opacity=\"\" data-overlay-pattern-size=\"\"><\/div><div class=\"vc_row wpb_row section vc_row-fluid vc_custom_1586773928542  grid_section mpc-row\" style=\" text-align:left;\"><div class=\"section_inner clearfix\"><div class=\"section_inner_margin clearfix\"><div class=\"wpb_column vc_column_container vc_col-sm-12 mpc-column\" data-column-id=\"mpc_column-4069e33fdd58132\"><div class=\"vc_column-inner vc_custom_1586773878289\"><div class=\"wpb_wrapper\"><div class=\"vc_row wpb_row vc_inner vc_row-fluid vc_row-o-equal-height vc_row-o-content-middle vc_row-flex mpc-row\"><div class=\"wpb_column vc_column_container vc_col-sm-6 vc_hidden-lg vc_hidden-md vc_hidden-sm mpc-column\" data-column-id=\"mpc_column-3069e33fdd57ba7\"><div class=\"vc_column-inner\"><div class=\"wpb_wrapper\">\n\t<div class=\"wpb_single_image wpb_content_element vc_align_left\">\n\t\t<div>\n\t\t<div class=\"wpb_wrapper\">\n\t\t\t\n\t\t\t<div class=\"vc_single_image-wrapper\"><img loading=\"lazy\" decoding=\"async\" width=\"2133\" height=\"1329\" src=\"https:\/\/www.primefreight.com\/wp-content\/uploads\/2019\/09\/13-Ship-Carbon-Neutral-For-People-And-The-Planet.png\" class=\"vc_single_image-img attachment-full\" alt=\"\" title=\"13-Navires neutres en carbone pour les gens et la plan\u00e8te\" srcset=\"https:\/\/www.primefreight.com\/wp-content\/uploads\/2019\/09\/13-Ship-Carbon-Neutral-For-People-And-The-Planet.png 2133w, https:\/\/www.primefreight.com\/wp-content\/uploads\/2019\/09\/13-Ship-Carbon-Neutral-For-People-And-The-Planet-100x62.png 100w, https:\/\/www.primefreight.com\/wp-content\/uploads\/2019\/09\/13-Ship-Carbon-Neutral-For-People-And-The-Planet-768x479.png 768w, https:\/\/www.primefreight.com\/wp-content\/uploads\/2019\/09\/13-Ship-Carbon-Neutral-For-People-And-The-Planet-1024x638.png 1024w, https:\/\/www.primefreight.com\/wp-content\/uploads\/2019\/09\/13-Ship-Carbon-Neutral-For-People-And-The-Planet-700x436.png 700w, https:\/\/www.primefreight.com\/wp-content\/uploads\/2019\/09\/13-Ship-Carbon-Neutral-For-People-And-The-Planet-200x125.png 200w\" sizes=\"auto, (max-width: 2133px) 100vw, 2133px\"><\/div>\n\t\t<\/div> \n\t\t<\/div>\n\t<\/div> <\/div><\/div><\/div><div class=\"wpb_column vc_column_container vc_col-sm-6 mpc-column\" data-column-id=\"mpc_column-1869e33fdd57dc2\"><div class=\"vc_column-inner\"><div class=\"wpb_wrapper\">\n\t<div class=\"wpb_text_column wpb_content_element\">\n\t\t<div class=\"wpb_wrapper\">\n\t\t\t<h2>Impact environnemental vert<\/h2>\n<p>Le secteur du transport maritime est l'une des plus grandes sources de pollution au monde. Et son empreinte carbone est une occasion souvent ignor\u00e9e pour les entreprises individuelles d'avoir un impact \u00e9norme. Pour un don minime par tonne de carbone de vos \u00e9missions, vous pouvez compenser jusqu'\u00e0 100% de vos livraisons. Il suffit de demander, et c'est termin\u00e9. Atteindre des objectifs de d\u00e9veloppement durable en m\u00eame temps que les objectifs de votre entreprise est un moyen peu co\u00fbteux, simple et \u00e0 fort impact.<\/p>\n\n\t\t<\/div>\n\t<\/div>\n<\/div><\/div><\/div><div class=\"wpb_column vc_column_container vc_col-sm-6 vc_hidden-xs mpc-column\" data-column-id=\"mpc_column-6769e33fdd57fd9\"><div class=\"vc_column-inner\"><div class=\"wpb_wrapper\">\n\t<div class=\"wpb_single_image wpb_content_element vc_align_left\">\n\t\t<div>\n\t\t<div class=\"wpb_wrapper\">\n\t\t\t\n\t\t\t<div class=\"vc_single_image-wrapper\"><img loading=\"lazy\" decoding=\"async\" width=\"2133\" height=\"1329\" src=\"https:\/\/www.primefreight.com\/wp-content\/uploads\/2019\/09\/13-Ship-Carbon-Neutral-For-People-And-The-Planet.png\" class=\"vc_single_image-img attachment-full\" alt=\"\" title=\"13-Navires neutres en carbone pour les gens et la plan\u00e8te\" srcset=\"https:\/\/www.primefreight.com\/wp-content\/uploads\/2019\/09\/13-Ship-Carbon-Neutral-For-People-And-The-Planet.png 2133w, https:\/\/www.primefreight.com\/wp-content\/uploads\/2019\/09\/13-Ship-Carbon-Neutral-For-People-And-The-Planet-100x62.png 100w, https:\/\/www.primefreight.com\/wp-content\/uploads\/2019\/09\/13-Ship-Carbon-Neutral-For-People-And-The-Planet-768x479.png 768w, https:\/\/www.primefreight.com\/wp-content\/uploads\/2019\/09\/13-Ship-Carbon-Neutral-For-People-And-The-Planet-1024x638.png 1024w, https:\/\/www.primefreight.com\/wp-content\/uploads\/2019\/09\/13-Ship-Carbon-Neutral-For-People-And-The-Planet-700x436.png 700w, https:\/\/www.primefreight.com\/wp-content\/uploads\/2019\/09\/13-Ship-Carbon-Neutral-For-People-And-The-Planet-200x125.png 200w\" sizes=\"auto, (max-width: 2133px) 100vw, 2133px\"><\/div>\n\t\t<\/div> \n\t\t<\/div>\n\t<\/div> <\/div><\/div><\/div><\/div><\/div><\/div><\/div><\/div><\/div><\/div><div class=\"vc_row wpb_row section vc_row-fluid  grid_section mpc-row\" style=\" text-align:left;\"><div class=\"section_inner clearfix\"><div class=\"section_inner_margin clearfix\"><div class=\"wpb_column vc_column_container vc_col-sm-12 mpc-column\" data-column-id=\"mpc_column-2169e33fdd584f4\"><div class=\"vc_column-inner\"><div class=\"wpb_wrapper\"><div class=\"separator\" style=\"\"><\/div>\n<\/div><\/div><\/div><\/div><\/div><\/div><div class=\"vc_row wpb_row section vc_row-fluid vc_custom_1586774992692  grid_section mpc-row\" style=\" text-align:left;\"><div class=\"section_inner clearfix\"><div class=\"section_inner_margin clearfix\"><div class=\"wpb_column vc_column_container vc_col-sm-12 mpc-column\" data-column-id=\"mpc_column-7969e33fdd58d7d\"><div class=\"vc_column-inner\"><div class=\"wpb_wrapper\"><div class=\"vc_row wpb_row vc_inner vc_row-fluid vc_row-o-equal-height vc_row-o-content-middle vc_row-flex mpc-row\"><div class=\"wpb_column vc_column_container vc_col-sm-6 mpc-column\" data-column-id=\"mpc_column-9069e33fdd58aa9\"><div class=\"vc_column-inner\"><div class=\"wpb_wrapper\">\n\t<div class=\"wpb_single_image wpb_content_element vc_align_left\">\n\t\t<div>\n\t\t<div class=\"wpb_wrapper\">\n\t\t\t\n\t\t\t<div class=\"vc_single_image-wrapper\"><img loading=\"lazy\" decoding=\"async\" width=\"2133\" height=\"1329\" src=\"https:\/\/www.primefreight.com\/wp-content\/uploads\/2019\/09\/12-Green-Environmental-Impact.png\" class=\"vc_single_image-img attachment-full\" alt=\"\" title=\"12-L&#039;impact environnemental vert\" srcset=\"https:\/\/www.primefreight.com\/wp-content\/uploads\/2019\/09\/12-Green-Environmental-Impact.png 2133w, https:\/\/www.primefreight.com\/wp-content\/uploads\/2019\/09\/12-Green-Environmental-Impact-100x62.png 100w, https:\/\/www.primefreight.com\/wp-content\/uploads\/2019\/09\/12-Green-Environmental-Impact-768x479.png 768w, https:\/\/www.primefreight.com\/wp-content\/uploads\/2019\/09\/12-Green-Environmental-Impact-1024x638.png 1024w, https:\/\/www.primefreight.com\/wp-content\/uploads\/2019\/09\/12-Green-Environmental-Impact-700x436.png 700w, https:\/\/www.primefreight.com\/wp-content\/uploads\/2019\/09\/12-Green-Environmental-Impact-200x125.png 200w\" sizes=\"auto, (max-width: 2133px) 100vw, 2133px\"><\/div>\n\t\t<\/div> \n\t\t<\/div>\n\t<\/div> <\/div><\/div><\/div><div class=\"wpb_column vc_column_container vc_col-sm-6 mpc-column\" data-column-id=\"mpc_column-869e33fdd58cbe\"><div class=\"vc_column-inner\"><div class=\"wpb_wrapper\">\n\t<div class=\"wpb_text_column wpb_content_element\">\n\t\t<div class=\"wpb_wrapper\">\n\t\t\t<h2>Un navire neutre en carbone pour les gens et la plan\u00e8te<\/h2>\n<p>Les dons sont investis dans des initiatives autoris\u00e9es telles que l'\u00e9nergie renouvelable ou la pr\u00e9vention de la d\u00e9forestation. Vous pourrez \u00e9galement pr\u00e9tendre \u00e0 des distinctions accr\u00e9dit\u00e9es au niveau mondial, notamment l'appellation Carbonfree \u00ae Shipping. Enfin, tous les dons sont d\u00e9ductibles \u00e0 100 % des imp\u00f4ts.<\/p>\n\n\t\t<\/div>\n\t<\/div>\n<\/div><\/div><\/div><\/div><\/div><\/div><\/div><\/div><\/div><\/div><div class=\"vc_row wpb_row section vc_row-fluid  grid_section mpc-row\" style=\" text-align:left;\"><div class=\"section_inner clearfix\"><div class=\"section_inner_margin clearfix\"><div class=\"wpb_column vc_column_container vc_col-sm-12 mpc-column\" data-column-id=\"mpc_column-1369e33fdd59040\"><div class=\"vc_column-inner\"><div class=\"wpb_wrapper\"><div class=\"separator\" style=\"\"><\/div>\n<\/div><\/div><\/div><\/div><\/div><\/div><div class=\"vc_row wpb_row section vc_row-fluid vc_custom_1586774913205  grid_section mpc-row\" style=\" text-align:left;\"><div class=\"section_inner clearfix\"><div class=\"section_inner_margin clearfix\"><div class=\"wpb_column vc_column_container vc_col-sm-12 mpc-column\" data-column-id=\"mpc_column-2369e33fdd592fa\"><div class=\"vc_column-inner\"><div class=\"wpb_wrapper\">\n\t<div class=\"wpb_text_column wpb_content_element\">\n\t\t<div class=\"wpb_wrapper\">\n\t\t\t<p>Vous pouvez utiliser le calculateur d'\u00e9missions de carbone gratuit de Prime Freight pour suivre et analyser votre empreinte carbone en temps r\u00e9el, que vous exp\u00e9diiez avec nous ou non. Notre calculateur et nos rapports vous permettent de montrer les r\u00e9sultats quantitatifs positifs obtenus par votre organisation. En m\u00eame temps, vous pouvez utiliser notre calculateur d'\u00e9missions de carbone avant exp\u00e9dition pour d\u00e9cider des techniques les plus rentables et les plus respectueuses de l'environnement pour transporter votre fret.<\/p>\n\n\t\t<\/div>\n\t<\/div>\n<\/div><\/div><\/div><\/div><\/div><\/div><div class=\"vc_row wpb_row section vc_row-fluid vc_custom_1586997656653  grid_section mpc-row\" style=\" text-align:left;\"><div class=\"section_inner clearfix\"><div class=\"section_inner_margin clearfix\"><div class=\"wpb_column vc_column_container vc_col-sm-12 mpc-column\" data-column-id=\"mpc_column-9669e33fdd59528\"><div class=\"vc_column-inner\"><div class=\"wpb_wrapper\"><\/div><\/div><\/div><\/div><\/div><\/div><!-- Row Backgrounds --><div class=\"upb_content_video\" data-controls-color=\"\" data-controls=\"\" data-viewport-video=\"false\" data-ultimate-video=\"https:\/\/primefreight.com\/videos\/prime4.mp4\" data-ultimate-video2=\"\" data-ultimate-video-muted=\"muted\" data-ultimate-video-loop=\"loop\" data-ultimate-video-poster=\"\" data-ultimate-video-autoplay=\"autoplay\" data-bg-override=\"0\" data-upb-overlay-color=\"\" data-upb-bg-animation=\"\" data-fadeout=\"\" data-fadeout-percentage=\"30\" data-parallax-content=\"\" data-parallax-content-sense=\"30\" data-row-effect-mobile-disable=\"true\" data-rtl=\"false\" data-img-parallax-mobile-disable=\"true\" data-custom-vc-row=\"\" data-vc=\"8.2\" data-is_old_vc=\"\" data-theme-support=\"\" data-overlay=\"false\" data-overlay-color=\"\" data-overlay-pattern=\"\" data-overlay-pattern-opacity=\"\" data-overlay-pattern-size=\"\" data-video_fixer=\"true\"><\/div>\n<\/div>","protected":false},"excerpt":{"rendered":"Prot\u00e9gez l'environnement et vos r\u00e9sultats Rendez votre cha\u00eene d'approvisionnement plus durable en devenant 100 % neutre en carbone et en atteignant vos objectifs en mati\u00e8re de responsabilit\u00e9 d'entreprise. Impact sur l'environnement Le secteur du transport maritime est l'une des plus grandes sources de pollution au monde. Et son empreinte carbone","protected":false},"author":1,"featured_media":0,"parent":461,"menu_order":0,"comment_status":"closed","ping_status":"closed","template":"full_width.php","meta":{"content-type":"","_mbp_gutenberg_autopost":false,"footnotes":""},"class_list":["post-1748","page","type-page","status-publish","hentry"],"_links":{"self":[{"href":"https:\/\/www.primefreight.com\/fr\/wp-json\/wp\/v2\/pages\/1748","targetHints":{"allow":["GET"]}}],"collection":[{"href":"https:\/\/www.primefreight.com\/fr\/wp-json\/wp\/v2\/pages"}],"about":[{"href":"https:\/\/www.primefreight.com\/fr\/wp-json\/wp\/v2\/types\/page"}],"author":[{"embeddable":true,"href":"https:\/\/www.primefreight.com\/fr\/wp-json\/wp\/v2\/users\/1"}],"replies":[{"embeddable":true,"href":"https:\/\/www.primefreight.com\/fr\/wp-json\/wp\/v2\/comments?post=1748"}],"version-history":[{"count":15,"href":"https:\/\/www.primefreight.com\/fr\/wp-json\/wp\/v2\/pages\/1748\/revisions"}],"predecessor-version":[{"id":1827,"href":"https:\/\/www.primefreight.com\/fr\/wp-json\/wp\/v2\/pages\/1748\/revisions\/1827"}],"up":[{"embeddable":true,"href":"https:\/\/www.primefreight.com\/fr\/wp-json\/wp\/v2\/pages\/461"}],"wp:attachment":[{"href":"https:\/\/www.primefreight.com\/fr\/wp-json\/wp\/v2\/media?parent=1748"}],"curies":[{"name":"wp","href":"https:\/\/api.w.org\/{rel}","templated":true}]}}