{"id":1931,"date":"2019-09-09T02:24:57","date_gmt":"2019-09-09T02:24:57","guid":{"rendered":"https:\/\/www.primefreight.com\/?page_id=1931"},"modified":"2019-09-12T22:15:41","modified_gmt":"2019-09-12T22:15:41","slug":"demander-une-demonstration","status":"publish","type":"page","link":"https:\/\/www.primefreight.com\/fr\/services\/plateforme-en-ligne-prime-freight\/demander-une-demonstration\/","title":{"rendered":"Demander une d\u00e9monstration"},"content":{"rendered":"<div class=\"wpb-content-wrapper\"><div class=\"vc_row wpb_row section vc_row-fluid vc_custom_1568326498778 mpc-row\" style=\" text-align:left;\"><div class=\"full_section_inner clearfix\"><div class=\"wpb_column vc_column_container vc_col-sm-6 mpc-column\" data-column-id=\"mpc_column-1769e339129b249\"><div class=\"vc_column-inner\"><div class=\"wpb_wrapper\">\n\t<div class=\"wpb_text_column wpb_content_element\">\n\t\t<div class=\"wpb_wrapper\">\n\t\t\t<h1>Obtenez une d\u00e9monstration gratuite de la plateforme en ligne de Prime Freight<\/h1>\n<h2>Voyez par vous-m\u00eame pourquoi les clients font confiance \u00e0 Prime Freight pour regrouper leurs bons de commande, leurs fournisseurs et leurs exp\u00e9ditions en un seul endroit.<\/h2>\n<h2><\/h2>\n<p>Gr\u00e2ce \u00e0 la plateforme en ligne de Prime Freight, vous pourrez :<\/p>\n<ul>\n<li>Simplifiez votre processus d'achat<\/li>\n<li>Sachez combien vous d\u00e9pensez avant d'approuver vos envois<\/li>\n<li>Obtenez une visibilit\u00e9 en temps r\u00e9el sur vos exp\u00e9ditions<\/li>\n<li>S'int\u00e9grer \u00e0 vos syst\u00e8mes existants<\/li>\n<\/ul>\n<p>Voyez par vous-m\u00eame ! Remplissez le formulaire pour planifier une d\u00e9monstration personnalis\u00e9e en fonction de vos besoins sp\u00e9cifiques en mati\u00e8re d'exp\u00e9dition.<\/p>\n\n\t\t<\/div>\n\t<\/div>\n\n\t<div class=\"wpb_single_image wpb_content_element vc_custom_1568326485365 vc_align_left\">\n\t\t<div>\n\t\t<div class=\"wpb_wrapper\">\n\t\t\t\n\t\t\t<div class=\"vc_single_image-wrapper\"><img loading=\"lazy\" decoding=\"async\" width=\"1000\" height=\"666\" src=\"https:\/\/www.primefreight.com\/wp-content\/uploads\/2019\/09\/roads-3.jpg\" class=\"vc_single_image-img attachment-full\" alt=\"\" title=\"routes\" srcset=\"https:\/\/www.primefreight.com\/wp-content\/uploads\/2019\/09\/roads-3.jpg 1000w, https:\/\/www.primefreight.com\/wp-content\/uploads\/2019\/09\/roads-3-100x67.jpg 100w, https:\/\/www.primefreight.com\/wp-content\/uploads\/2019\/09\/roads-3-768x511.jpg 768w, https:\/\/www.primefreight.com\/wp-content\/uploads\/2019\/09\/roads-3-700x466.jpg 700w\" sizes=\"auto, (max-width: 1000px) 100vw, 1000px\"><\/div>\n\t\t<\/div> \n\t\t<\/div>\n\t<\/div> <\/div><\/div><\/div><div class=\"wpb_column vc_column_container vc_col-sm-6 mpc-column\" data-column-id=\"mpc_column-1669e339129cc51\"><div class=\"vc_column-inner\"><div class=\"wpb_wrapper\"><script type=\"text\/javascript\">\n\/* <![CDATA[ *\/\nvar gform;gform||(document.addEventListener(\"gform_main_scripts_loaded\",function(){gform.scriptsLoaded=!0}),document.addEventListener(\"gform\/theme\/scripts_loaded\",function(){gform.themeScriptsLoaded=!0}),window.addEventListener(\"DOMContentLoaded\",function(){gform.domLoaded=!0}),gform={domLoaded:!1,scriptsLoaded:!1,themeScriptsLoaded:!1,isFormEditor:()=>\"function\"==typeof InitializeEditor,callIfLoaded:function(o){return!(!gform.domLoaded||!gform.scriptsLoaded||!gform.themeScriptsLoaded&&!gform.isFormEditor()||(gform.isFormEditor()&&console.warn(\"The use of gform.initializeOnLoaded() is deprecated in the form editor context and will be removed in Gravity Forms 3.1.\"),o(),0))},initializeOnLoaded:function(o){gform.callIfLoaded(o)||(document.addEventListener(\"gform_main_scripts_loaded\",()=>{gform.scriptsLoaded=!0,gform.callIfLoaded(o)}),document.addEventListener(\"gform\/theme\/scripts_loaded\",()=>{gform.themeScriptsLoaded=!0,gform.callIfLoaded(o)}),window.addEventListener(\"DOMContentLoaded\",()=>{gform.domLoaded=!0,gform.callIfLoaded(o)}))},hooks:{action:{},filter:{}},addAction:function(o,r,e,t){gform.addHook(\"action\",o,r,e,t)},addFilter:function(o,r,e,t){gform.addHook(\"filter\",o,r,e,t)},doAction:function(o){gform.doHook(\"action\",o,arguments)},applyFilters:function(o){return gform.doHook(\"filter\",o,arguments)},removeAction:function(o,r){gform.removeHook(\"action\",o,r)},removeFilter:function(o,r,e){gform.removeHook(\"filter\",o,r,e)},addHook:function(o,r,e,t,n){null==gform.hooks[o][r]&&(gform.hooks[o][r]=[]);var d=gform.hooks[o][r];null==n&&(n=r+\"_\"+d.length),gform.hooks[o][r].push({tag:n,callable:e,priority:t=null==t?10:t})},doHook:function(r,o,e){var t;if(e=Array.prototype.slice.call(e,1),null!=gform.hooks[r][o]&&((o=gform.hooks[r][o]).sort(function(o,r){return o.priority-r.priority}),o.forEach(function(o){\"function\"!=typeof(t=o.callable)&&(t=window[t]),\"action\"==r?t.apply(null,e):e[0]=t.apply(null,e)})),\"filter\"==r)return e[0]},removeHook:function(o,r,t,n){var e;null!=gform.hooks[o][r]&&(e=(e=gform.hooks[o][r]).filter(function(o,r,e){return!!(null!=n&&n!=o.tag||null!=t&&t!=o.priority)}),gform.hooks[o][r]=e)}});\n\/* ]]> *\/\n<\/script>\n\n                <div class=\"gf_browser_gecko gform_wrapper gform_legacy_markup_wrapper gform-theme--no-framework\" data-form-theme=\"legacy\" data-form-index=\"0\" id=\"gform_wrapper_8\"><form method=\"post\" enctype=\"multipart\/form-data\" id=\"gform_8\" action=\"\/fr\/wp-json\/wp\/v2\/pages\/1931\" data-formid=\"8\" novalidate data-trp-original-action=\"\/fr\/wp-json\/wp\/v2\/pages\/1931\">\n                        <div class=\"gform-body gform_body\"><ul id=\"gform_fields_8\" class=\"gform_fields top_label form_sublabel_below description_below validation_below\"><li id=\"field_8_1\" class=\"gfield gfield--type-name gfield_contains_required field_sublabel_below gfield--no-description field_description_below field_validation_below gfield_visibility_visible\"><label class=\"gfield_label gform-field-label gfield_label_before_complex\">Nom<span class=\"gfield_required\"><span class=\"gfield_required gfield_required_asterisk\">*<\/span><\/span><\/label><div class=\"ginput_complex ginput_container ginput_container--name no_prefix has_first_name no_middle_name has_last_name no_suffix gf_name_has_2 ginput_container_name gform-grid-row\" id=\"input_8_1\">\n                            \n                            <span id=\"input_8_1_3_container\" class=\"name_first gform-grid-col gform-grid-col--size-auto\">\n                                                    <input type=\"text\" name=\"input_1.3\" id=\"input_8_1_3\" value=\"\" aria-required=\"true\">\n                                                    <label for=\"input_8_1_3\" class=\"gform-field-label gform-field-label--type-sub\">Pr\u00e9nom<\/label>\n                                                <\/span>\n                            \n                            <span id=\"input_8_1_6_container\" class=\"name_last gform-grid-col gform-grid-col--size-auto\">\n                                                    <input type=\"text\" name=\"input_1.6\" id=\"input_8_1_6\" value=\"\" aria-required=\"true\">\n                                                    <label for=\"input_8_1_6\" class=\"gform-field-label gform-field-label--type-sub\">Nom<\/label>\n                                                <\/span>\n                            \n                        <\/div><\/li><li id=\"field_8_2\" class=\"gfield gfield--type-email gfield_contains_required field_sublabel_below gfield--no-description field_description_below field_validation_below gfield_visibility_visible\"><label class=\"gfield_label gform-field-label\" for=\"input_8_2\">Courriel<span class=\"gfield_required\"><span class=\"gfield_required gfield_required_asterisk\">*<\/span><\/span><\/label><div class=\"ginput_container ginput_container_email\">\n                            <input name=\"input_2\" id=\"input_8_2\" type=\"email\" value=\"\" class=\"medium\" aria-required=\"true\" aria-invalid=\"false\">\n                        <\/div><\/li><li id=\"field_8_3\" class=\"gfield gfield--type-phone gfield_contains_required field_sublabel_below gfield--no-description field_description_below field_validation_below gfield_visibility_visible\"><label class=\"gfield_label gform-field-label\" for=\"input_8_3\">T\u00e9l\u00e9phone<span class=\"gfield_required\"><span class=\"gfield_required gfield_required_asterisk\">*<\/span><\/span><\/label><div class=\"ginput_container ginput_container_phone\"><input name=\"input_3\" id=\"input_8_3\" type=\"tel\" value=\"\" class=\"medium\" aria-required=\"true\" aria-invalid=\"false\"><\/div><\/li><li id=\"field_8_5\" class=\"gfield gfield--type-text gfield_contains_required field_sublabel_below gfield--no-description field_description_below field_validation_below gfield_visibility_visible\"><label class=\"gfield_label gform-field-label\" for=\"input_8_5\">Nom de l'entreprise<span class=\"gfield_required\"><span class=\"gfield_required gfield_required_asterisk\">*<\/span><\/span><\/label><div class=\"ginput_container ginput_container_text\"><input name=\"input_5\" id=\"input_8_5\" type=\"text\" value=\"\" class=\"medium\" aria-required=\"true\" aria-invalid=\"false\"><\/div><\/li><li id=\"field_8_7\" class=\"gfield gfield--type-number gfield_contains_required field_sublabel_below gfield--no-description field_description_below field_validation_below gfield_visibility_visible\"><label class=\"gfield_label gform-field-label\" for=\"input_8_7\">Nombre d'employ\u00e9s<span class=\"gfield_required\"><span class=\"gfield_required gfield_required_asterisk\">*<\/span><\/span><\/label><div class=\"ginput_container ginput_container_number\"><input name=\"input_7\" id=\"input_8_7\" type=\"number\" step=\"any\" value=\"\" class=\"medium\" aria-required=\"true\" aria-invalid=\"false\"><\/div><\/li><li id=\"field_8_6\" class=\"gfield gfield--type-website field_sublabel_below gfield--no-description field_description_below field_validation_below gfield_visibility_visible\"><label class=\"gfield_label gform-field-label\" for=\"input_8_6\">Site web<\/label><div class=\"ginput_container ginput_container_website\">\n                    <input name=\"input_6\" id=\"input_8_6\" type=\"url\" value=\"\" class=\"medium\" placeholder=\"http:\/\/\" aria-invalid=\"false\">\n                <\/div><\/li><li id=\"field_8_4\" class=\"gfield gfield--type-captcha field_sublabel_below gfield--no-description field_description_below field_validation_below gfield_visibility_visible\"><label class=\"gfield_label gform-field-label\" for=\"input_8_4\">CAPTCHA<\/label><div id=\"input_8_4\" class=\"ginput_container ginput_recaptcha\" data-sitekey=\"6LdyFZUUAAAAAN1i_Nt8R0AhVyfr40xYguhJw3W5\" data-theme=\"light\" data-tabindex=\"0\" data-badge=\"\"><\/div><\/li><\/ul><\/div>\n        <div class=\"gform-footer gform_footer top_label\"> <input type=\"submit\" id=\"gform_submit_button_8\" class=\"gform_button button\" onclick=\"gform.submission.handleButtonClick(this);\" data-submission-type=\"submit\" value=\"Soumettre\"> \n            <input type=\"hidden\" class=\"gform_hidden\" name=\"gform_submission_method\" data-js=\"gform_submission_method_8\" value=\"postback\">\n            <input type=\"hidden\" class=\"gform_hidden\" name=\"gform_theme\" data-js=\"gform_theme_8\" id=\"gform_theme_8\" value=\"legacy\">\n            <input type=\"hidden\" class=\"gform_hidden\" name=\"gform_style_settings\" data-js=\"gform_style_settings_8\" id=\"gform_style_settings_8\" value=\"[]\">\n            <input type=\"hidden\" class=\"gform_hidden\" name=\"is_submit_8\" value=\"1\">\n            <input type=\"hidden\" class=\"gform_hidden\" name=\"gform_submit\" value=\"8\">\n            \n            <input type=\"hidden\" class=\"gform_hidden\" name=\"gform_currency\" data-currency=\"USD\" value=\"FOO\/K1Y7p7+\/HMuotYGUiqiLJr1nqFAXtaHz9\/7l6AOGPu4bC4litiM3m1XVvE7Vjy8Sh+tUV+5Q02EKYbBeWtVYPZu5gbNxiXGhjNwGGR+tWRQ=\">\n            <input type=\"hidden\" class=\"gform_hidden\" name=\"gform_unique_id\" value=\"\">\n            <input type=\"hidden\" class=\"gform_hidden\" name=\"state_8\" value=\"WyJbXSIsImY2NzRiYWY3MzllZjgzMmM0MTIzMzZlODJmMmM4ZDU1Il0=\">\n            <input type=\"hidden\" autocomplete=\"off\" class=\"gform_hidden\" name=\"gform_target_page_number_8\" id=\"gform_target_page_number_8\" value=\"0\">\n            <input type=\"hidden\" autocomplete=\"off\" class=\"gform_hidden\" name=\"gform_source_page_number_8\" id=\"gform_source_page_number_8\" value=\"1\">\n            <input type=\"hidden\" name=\"gform_field_values\" value=\"\">\n            \n        <\/div>\n                        <input type=\"hidden\" name=\"trp-form-language\" value=\"fr\"\/><\/form>\n                        <\/div><script type=\"text\/javascript\">\n\/* <![CDATA[ *\/\n gform.initializeOnLoaded( function() {gformInitSpinner( 8, 'https:\/\/www.primefreight.com\/wp-content\/plugins\/gravityforms\/images\/spinner.svg', true );jQuery('#gform_ajax_frame_8').on('load',function(){var contents = jQuery(this).contents().find('*').html();var is_postback = contents.indexOf('GF_AJAX_POSTBACK') >= 0;if(!is_postback){return;}var form_content = jQuery(this).contents().find('#gform_wrapper_8');var is_confirmation = jQuery(this).contents().find('#gform_confirmation_wrapper_8').length > 0;var is_redirect = contents.indexOf('gformRedirect(){') >= 0;var is_form = form_content.length > 0 && ! is_redirect && ! is_confirmation;var mt = parseInt(jQuery('html').css('margin-top'), 10) + parseInt(jQuery('body').css('margin-top'), 10) + 100;if(is_form){jQuery('#gform_wrapper_8').html(form_content.html());if(form_content.hasClass('gform_validation_error')){jQuery('#gform_wrapper_8').addClass('gform_validation_error');} else {jQuery('#gform_wrapper_8').removeClass('gform_validation_error');}setTimeout( function() { \/* delay the scroll by 50 milliseconds to fix a bug in chrome *\/  }, 50 );if(window['gformInitDatepicker']) {gformInitDatepicker();}if(window['gformInitPriceFields']) {gformInitPriceFields();}var current_page = jQuery('#gform_source_page_number_8').val();gformInitSpinner( 8, 'https:\/\/www.primefreight.com\/wp-content\/plugins\/gravityforms\/images\/spinner.svg', true );jQuery(document).trigger('gform_page_loaded', [8, current_page]);window['gf_submitting_8'] = false;}else if(!is_redirect){var confirmation_content = jQuery(this).contents().find('.GF_AJAX_POSTBACK').html();if(!confirmation_content){confirmation_content = contents;}jQuery('#gform_wrapper_8').replaceWith(confirmation_content);jQuery(document).trigger('gform_confirmation_loaded', [8]);window['gf_submitting_8'] = false;wp.a11y.speak(jQuery('#gform_confirmation_message_8').text());}else{jQuery('#gform_8').append(contents);if(window['gformRedirect']) {gformRedirect();}}jQuery(document).trigger(\"gform_pre_post_render\", [{ formId: \"8\", currentPage: \"current_page\", abort: function() { this.preventDefault(); } }]);        if (event && event.defaultPrevented) {                return;        }        const gformWrapperDiv = document.getElementById( \"gform_wrapper_8\" );        if ( gformWrapperDiv ) {            const visibilitySpan = document.createElement( \"span\" );            visibilitySpan.id = \"gform_visibility_test_8\";            gformWrapperDiv.insertAdjacentElement( \"afterend\", visibilitySpan );        }        const visibilityTestDiv = document.getElementById( \"gform_visibility_test_8\" );        let postRenderFired = false;        function triggerPostRender() {            if ( postRenderFired ) {                return;            }            postRenderFired = true;            gform.core.triggerPostRenderEvents( 8, current_page );            if ( visibilityTestDiv ) {                visibilityTestDiv.parentNode.removeChild( visibilityTestDiv );            }        }        function debounce( func, wait, immediate ) {            var timeout;            return function() {                var context = this, args = arguments;                var later = function() {                    timeout = null;                    if ( !immediate ) func.apply( context, args );                };                var callNow = immediate && !timeout;                clearTimeout( timeout );                timeout = setTimeout( later, wait );                if ( callNow ) func.apply( context, args );            };        }        const debouncedTriggerPostRender = debounce( function() {            triggerPostRender();        }, 200 );        if ( visibilityTestDiv && visibilityTestDiv.offsetParent === null ) {            const observer = new MutationObserver( ( mutations ) => {                mutations.forEach( ( mutation ) => {                    if ( mutation.type === 'attributes' && visibilityTestDiv.offsetParent !== null ) {                        debouncedTriggerPostRender();                        observer.disconnect();                    }                });            });            observer.observe( document.body, {                attributes: true,                childList: false,                subtree: true,                attributeFilter: [ 'style', 'class' ],            });        } else {            triggerPostRender();        }    } );} ); \n\/* ]]> *\/\n<\/script>\n<\/div><\/div><\/div><\/div><\/div>\n<\/div>","protected":false},"excerpt":{"rendered":"Obtenez une d\u00e9monstration gratuite de la plateforme en ligne de Prime Freight Voyez par vous-m\u00eame pourquoi les clients font confiance \u00e0 Prime Freight pour regrouper leurs bons de commande, leurs fournisseurs et leurs exp\u00e9ditions en un seul endroit Gr\u00e2ce \u00e0 la plateforme en ligne de Prime Freight, vous pourrez : Simplifier votre processus d'approvisionnement Savoir comment","protected":false},"author":1,"featured_media":0,"parent":1285,"menu_order":0,"comment_status":"closed","ping_status":"closed","template":"","meta":{"content-type":"","_mbp_gutenberg_autopost":false,"footnotes":""},"class_list":["post-1931","page","type-page","status-publish","hentry"],"_links":{"self":[{"href":"https:\/\/www.primefreight.com\/fr\/wp-json\/wp\/v2\/pages\/1931","targetHints":{"allow":["GET"]}}],"collection":[{"href":"https:\/\/www.primefreight.com\/fr\/wp-json\/wp\/v2\/pages"}],"about":[{"href":"https:\/\/www.primefreight.com\/fr\/wp-json\/wp\/v2\/types\/page"}],"author":[{"embeddable":true,"href":"https:\/\/www.primefreight.com\/fr\/wp-json\/wp\/v2\/users\/1"}],"replies":[{"embeddable":true,"href":"https:\/\/www.primefreight.com\/fr\/wp-json\/wp\/v2\/comments?post=1931"}],"version-history":[{"count":6,"href":"https:\/\/www.primefreight.com\/fr\/wp-json\/wp\/v2\/pages\/1931\/revisions"}],"predecessor-version":[{"id":2018,"href":"https:\/\/www.primefreight.com\/fr\/wp-json\/wp\/v2\/pages\/1931\/revisions\/2018"}],"up":[{"embeddable":true,"href":"https:\/\/www.primefreight.com\/fr\/wp-json\/wp\/v2\/pages\/1285"}],"wp:attachment":[{"href":"https:\/\/www.primefreight.com\/fr\/wp-json\/wp\/v2\/media?parent=1931"}],"curies":[{"name":"wp","href":"https:\/\/api.w.org\/{rel}","templated":true}]}}