{"id":2040,"date":"2019-10-12T21:56:49","date_gmt":"2019-10-12T21:56:49","guid":{"rendered":"https:\/\/www.primefreight.com\/?page_id=2040"},"modified":"2021-11-03T17:45:02","modified_gmt":"2021-11-03T22:45:02","slug":"agents-dassistance","status":"publish","type":"page","link":"https:\/\/www.primefreight.com\/fr\/help-agents\/","title":{"rendered":"Aide (Agents)"},"content":{"rendered":"<div class=\"wpb-content-wrapper\"><div class=\"vc_row wpb_row section vc_row-fluid mpc-row\" style=\" text-align:left;\"><div class=\"full_section_inner clearfix\"><div class=\"wpb_column vc_column_container vc_col-sm-4 mpc-column\" data-column-id=\"mpc_column-9769f2e0ac92afd\"><div class=\"vc_column-inner\"><div class=\"wpb_wrapper\"><div class=\"aio-icon-component    style_2\"><a class=\"aio-icon-box-link\" href=\"https:\/\/help.primefreight.com\/article\/365vzhj0mi-bookings\" title=\"Aide\" target=\"_blank\" rel=\"noopener\"><div id=\"Info-box-wrap-7493\" class=\"aio-icon-box default-icon\" style=\"\"><div class=\"aio-icon-default\"><div class=\"ult-just-icon-wrapper\"><div class=\"align-icon\" style=\"text-align:center;\">\n<div class=\"aio-icon none\" style=\"color:#333;font-size:64px;display:inline-block;\">\n\t<i class=\"Defaults-check\"><\/i>\n<\/div><\/div><\/div><\/div><div class=\"aio-icon-header\"><h3 class=\"aio-icon-title ult-responsive\" data-ultimate-target=\"#Info-box-wrap-7493 .aio-icon-title\" data-responsive-json-new='{\"font-size\":\"\",\"line-height\":\"\"}' style=\"\">R\u00e9servations<\/h3><\/div> <!-- header --><div class=\"aio-icon-description ult-responsive\" data-ultimate-target=\"#Info-box-wrap-7493 .aio-icon-description\" data-responsive-json-new='{\"font-size\":\"\",\"line-height\":\"\"}' style=\"color:#0a0a0a;\">Apprenez \u00e0 cr\u00e9er, visualiser et envoyer des r\u00e9servations \u00e0 l'aide de la plateforme Prime Freight Online. Les clients peuvent r\u00e9pondre aux r\u00e9servations par e-mail ou lorsqu'ils sont connect\u00e9s.<\/div> <!-- description --><\/div> <!-- aio-icon-box --><\/a><\/div> <!-- aio-icon-component --><\/div><\/div><\/div><div class=\"wpb_column vc_column_container vc_col-sm-4 mpc-column\" data-column-id=\"mpc_column-3169f2e0ac92d34\"><div class=\"vc_column-inner\"><div class=\"wpb_wrapper\"><div class=\"aio-icon-component    style_2\"><a class=\"aio-icon-box-link\" href=\"https:\/\/help.primefreight.com\/article\/q2w4u9mfr1-shipments\" title=\"Envois\" target=\"_blank\" rel=\"noopener\"><div id=\"Info-box-wrap-6524\" class=\"aio-icon-box default-icon\" style=\"\"><div class=\"aio-icon-default\"><div class=\"ult-just-icon-wrapper\"><div class=\"align-icon\" style=\"text-align:center;\">\n<div class=\"aio-icon none\" style=\"color:#333;font-size:64px;display:inline-block;\">\n\t<i class=\"Defaults-truck\"><\/i>\n<\/div><\/div><\/div><\/div><div class=\"aio-icon-header\"><h3 class=\"aio-icon-title ult-responsive\" data-ultimate-target=\"#Info-box-wrap-6524 .aio-icon-title\" data-responsive-json-new='{\"font-size\":\"\",\"line-height\":\"\"}' style=\"\">Envois<\/h3><\/div> <!-- header --><div class=\"aio-icon-description ult-responsive\" data-ultimate-target=\"#Info-box-wrap-6524 .aio-icon-description\" data-responsive-json-new='{\"font-size\":\"\",\"line-height\":\"\"}' style=\"\"><span style=\"color: #000000;\">Apprenez \u00e0 cr\u00e9er, visualiser et envoyer des alertes de pr\u00e9-exp\u00e9dition \u00e0 l'aide de la plateforme Prime Freight Online.<\/span><\/div> <!-- description --><\/div> <!-- aio-icon-box --><\/a><\/div> <!-- aio-icon-component --><\/div><\/div><\/div><div class=\"wpb_column vc_column_container vc_col-sm-4 mpc-column\" data-column-id=\"mpc_column-2969f2e0ac92ec9\"><div class=\"vc_column-inner\"><div class=\"wpb_wrapper\"><div class=\"aio-icon-component    style_2\"><a class=\"aio-icon-box-link\" href=\"https:\/\/help.primefreight.com\/article\/811mjr69vt-prime-freight-ui-basics\" title=\"Aide\" target=\"_blank\" rel=\"noopener\"><div id=\"Info-box-wrap-6403\" class=\"aio-icon-box default-icon\" style=\"\"><div class=\"aio-icon-default\"><div class=\"ult-just-icon-wrapper\"><div class=\"align-icon\" style=\"text-align:center;\">\n<div class=\"aio-icon none\" style=\"color:#333;font-size:64px;display:inline-block;\">\n\t<i class=\"Defaults-list-alt\"><\/i>\n<\/div><\/div><\/div><\/div><div class=\"aio-icon-header\"><h3 class=\"aio-icon-title ult-responsive\" data-ultimate-target=\"#Info-box-wrap-6403 .aio-icon-title\" data-responsive-json-new='{\"font-size\":\"\",\"line-height\":\"\"}' style=\"\">Prime Freight Online UI<\/h3><\/div> <!-- header --><div class=\"aio-icon-description ult-responsive\" data-ultimate-target=\"#Info-box-wrap-6403 .aio-icon-description\" data-responsive-json-new='{\"font-size\":\"\",\"line-height\":\"\"}' style=\"color:#0a0a0a;\">Apprenez les bases de l'interface utilisateur de la plateforme en ligne de prime freight.<\/div> <!-- description --><\/div> <!-- aio-icon-box --><\/a><\/div> <!-- aio-icon-component --><\/div><\/div><\/div><\/div><\/div><div class=\"vc_row wpb_row section vc_row-fluid mpc-row\" style=\" text-align:left;\"><div class=\"full_section_inner clearfix\"><div class=\"wpb_column vc_column_container vc_col-sm-4 mpc-column\" data-column-id=\"mpc_column-3669f2e0ac9336e\"><div class=\"vc_column-inner\"><div class=\"wpb_wrapper\"><div class=\"aio-icon-component    style_1\"><a class=\"aio-icon-box-link\" href=\"https:\/\/help.primefreight.com\/article\/w8n5ivu026-invoices\" title=\"Factures\"><div id=\"Info-box-wrap-9806\" class=\"aio-icon-box default-icon\" style=\"\"><div class=\"aio-icon-header\"><h3 class=\"aio-icon-title ult-responsive\" data-ultimate-target=\"#Info-box-wrap-9806 .aio-icon-title\" data-responsive-json-new='{\"font-size\":\"\",\"line-height\":\"\"}' style=\"\">Factures<\/h3><\/div> <!-- header --><\/div> <!-- aio-icon-box --><\/a><\/div> <!-- aio-icon-component --><\/div><\/div><\/div><div class=\"wpb_column vc_column_container vc_col-sm-4 mpc-column\" data-column-id=\"mpc_column-7769f2e0ac9344e\"><div class=\"vc_column-inner\"><div class=\"wpb_wrapper\"><\/div><\/div><\/div><div class=\"wpb_column vc_column_container vc_col-sm-4 mpc-column\" data-column-id=\"mpc_column-5769f2e0ac93508\"><div class=\"vc_column-inner\"><div class=\"wpb_wrapper\"><\/div><\/div><\/div><\/div><\/div>\n<\/div>","protected":false},"excerpt":{"rendered":"R\u00e9servations Apprenez \u00e0 cr\u00e9er, visualiser et envoyer des r\u00e9servations \u00e0 l'aide de la plateforme Prime Freight Online. Les clients peuvent r\u00e9pondre aux r\u00e9servations par courriel ou lorsqu'ils sont connect\u00e9s. Envois Apprenez \u00e0 cr\u00e9er, visualiser et envoyer des alertes d'envoi \u00e0 l'aide de la plateforme Prime Freight Online. Prime","protected":false},"author":1,"featured_media":0,"parent":0,"menu_order":0,"comment_status":"closed","ping_status":"closed","template":"","meta":{"content-type":"","_mbp_gutenberg_autopost":false,"footnotes":""},"class_list":["post-2040","page","type-page","status-publish","hentry"],"_links":{"self":[{"href":"https:\/\/www.primefreight.com\/fr\/wp-json\/wp\/v2\/pages\/2040","targetHints":{"allow":["GET"]}}],"collection":[{"href":"https:\/\/www.primefreight.com\/fr\/wp-json\/wp\/v2\/pages"}],"about":[{"href":"https:\/\/www.primefreight.com\/fr\/wp-json\/wp\/v2\/types\/page"}],"author":[{"embeddable":true,"href":"https:\/\/www.primefreight.com\/fr\/wp-json\/wp\/v2\/users\/1"}],"replies":[{"embeddable":true,"href":"https:\/\/www.primefreight.com\/fr\/wp-json\/wp\/v2\/comments?post=2040"}],"version-history":[{"count":11,"href":"https:\/\/www.primefreight.com\/fr\/wp-json\/wp\/v2\/pages\/2040\/revisions"}],"predecessor-version":[{"id":3570,"href":"https:\/\/www.primefreight.com\/fr\/wp-json\/wp\/v2\/pages\/2040\/revisions\/3570"}],"wp:attachment":[{"href":"https:\/\/www.primefreight.com\/fr\/wp-json\/wp\/v2\/media?parent=2040"}],"curies":[{"name":"wp","href":"https:\/\/api.w.org\/{rel}","templated":true}]}}