{"id":2368,"date":"2020-04-07T14:19:51","date_gmt":"2020-04-07T14:19:51","guid":{"rendered":"https:\/\/www.primefreight.com\/?page_id=2368"},"modified":"2020-12-07T16:46:43","modified_gmt":"2020-12-07T16:46:43","slug":"reserver","status":"publish","type":"page","link":"https:\/\/www.primefreight.com\/fr\/book-now\/","title":{"rendered":"R\u00e9server"},"content":{"rendered":"<div class=\"wpb-content-wrapper\"><div class=\"vc_row wpb_row section vc_row-fluid vc_custom_1586287883167  grid_section mpc-row\" style=\" text-align:center;\"><div class=\"section_inner clearfix\"><div class=\"section_inner_margin clearfix\"><div class=\"wpb_column vc_column_container vc_col-sm-12 mpc-column\" data-column-id=\"mpc_column-6769f62f3fbe7c0\"><div class=\"vc_column-inner\"><div class=\"wpb_wrapper\">\n\t<div class=\"wpb_text_column wpb_content_element\">\n\t\t<div class=\"wpb_wrapper\">\n\t\t\t<h2 style=\"text-align: center;\">Ex\u00e9cuter votre transfert<\/h2>\n\n\t\t<\/div>\n\t<\/div>\n<\/div><\/div><\/div><\/div><\/div><\/div><div class=\"vc_row wpb_row section vc_row-fluid vc_custom_1586287783390  grid_section mpc-row\" style=\" text-align:center;\"><div class=\"section_inner clearfix\"><div class=\"section_inner_margin clearfix\"><div class=\"wpb_column vc_column_container vc_col-sm-2 mpc-column\" data-column-id=\"mpc_column-5969f62f3fbee21\"><div class=\"vc_column-inner\"><div class=\"wpb_wrapper\"><\/div><\/div><\/div><div class=\"wpb_column vc_column_container vc_col-sm-8 mpc-column\" data-column-id=\"mpc_column-8969f62f3fbf008\"><div class=\"vc_column-inner\"><div class=\"wpb_wrapper\"><div class=\"aio-icon-component    style_2\"><a class=\"aio-icon-box-link\" href=\"https:\/\/www.primefreight.com\/fr\/reserver-le-paiement\/\" title=\"R\u00e9server maintenant - Paiement\"><div id=\"Info-box-wrap-9710\" class=\"aio-icon-box square_box-icon\" style=\"border-color:#2818a3;border-style:solid;border-width:1px;background-color:#ffffff;\" data-min-height=\"1px\"><div class=\"aio-icon-square_box\"><div class=\"ult-just-icon-wrapper\"><div class=\"align-icon\" style=\"text-align:center;\">\n<div class=\"aio-icon none\" style=\"color:#2818a3;font-size:48px;display:inline-block;\">\n\t<i class=\"Defaults-credit\"><\/i>\n<\/div><\/div><\/div><\/div><div class=\"aio-icon-header\"><h3 class=\"aio-icon-title ult-responsive\" data-ultimate-target=\"#Info-box-wrap-9710 .aio-icon-title\" data-responsive-json-new='{\"font-size\":\"\",\"line-height\":\"\"}' style=\"\">R\u00e9server et payer maintenant<\/h3><\/div> <!-- header --><div class=\"aio-icon-description ult-responsive\" data-ultimate-target=\"#Info-box-wrap-9710 .aio-icon-description\" data-responsive-json-new='{\"font-size\":\"\",\"line-height\":\"\"}' style=\"\"><span style=\"color: #333333;\">Payez cet envoi en ligne par carte de cr\u00e9dit, virement bancaire, ch\u00e8que \u00e9lectronique ou EFT. Une fois le paiement re\u00e7u, votre envoi sera ex\u00e9cut\u00e9.<\/span><\/div> <!-- description --><\/div> <!-- aio-icon-box --><\/a><\/div> <!-- aio-icon-component --><\/div><\/div><\/div><div class=\"wpb_column vc_column_container vc_col-sm-2 mpc-column\" data-column-id=\"mpc_column-3769f62f3fbf160\"><div class=\"vc_column-inner\"><div class=\"wpb_wrapper\"><\/div><\/div><\/div><\/div><\/div><\/div><div class=\"vc_row wpb_row section vc_row-fluid vc_custom_1586287727654  grid_section mpc-row\" style=\" text-align:center;\"><div class=\"section_inner clearfix\"><div class=\"section_inner_margin clearfix\"><div class=\"wpb_column vc_column_container vc_col-sm-12 mpc-column\" data-column-id=\"mpc_column-5969f62f3fbf65a\"><div class=\"vc_column-inner\"><div class=\"wpb_wrapper\">\n\t<div class=\"wpb_text_column wpb_content_element\">\n\t\t<div class=\"wpb_wrapper\">\n\t\t\t<h5 style=\"text-align: center;\">Ou choisissez parmi les options alternatives ci-dessous :<\/h5>\n\n\t\t<\/div>\n\t<\/div>\n<\/div><\/div><\/div><\/div><\/div><\/div><div class=\"vc_row wpb_row section vc_row-fluid vc_custom_1586269307919  grid_section mpc-row\" style=\" text-align:center;\"><div class=\"section_inner clearfix\"><div class=\"section_inner_margin clearfix\"><div class=\"wpb_column vc_column_container vc_col-sm-4 mpc-column\" data-column-id=\"mpc_column-6669f62f3fbf988\"><div class=\"vc_column-inner\"><div class=\"wpb_wrapper\"><div class=\"aio-icon-component    style_2\"><a class=\"aio-icon-box-link\" href=\"https:\/\/www.primefreight.com\/fr\/sinscrire-2\/\" title=\"S&#039;inscrire\"><div id=\"Info-box-wrap-4672\" class=\"aio-icon-box square_box-icon\" style=\"border-color:#d8d8d8;border-style:solid;border-width:1px;\"><div class=\"aio-icon-square_box\"><div class=\"ult-just-icon-wrapper\"><div class=\"align-icon\" style=\"text-align:center;\">\n<div class=\"aio-icon none\" style=\"color:#333;font-size:32px;display:inline-block;\">\n\t<i class=\"Defaults-time\"><\/i>\n<\/div><\/div><\/div><\/div><div class=\"aio-icon-header\"><h3 class=\"aio-icon-title ult-responsive\" data-ultimate-target=\"#Info-box-wrap-4672 .aio-icon-title\" data-responsive-json-new='{\"font-size\":\"\",\"line-height\":\"\"}' style=\"\">S'inscrire \u00e0 Prime Freight et payer plus tard<\/h3><\/div> <!-- header --><div class=\"aio-icon-description ult-responsive\" data-ultimate-target=\"#Info-box-wrap-4672 .aio-icon-description\" data-responsive-json-new='{\"font-size\":\"\",\"line-height\":\"\"}' style=\"\"><span style=\"color: #333333;\">Cr\u00e9ez un compte Prime Freight. Les entreprises \u00e9ligibles qui effectuent plusieurs exp\u00e9ditions par an peuvent \u00eatre autoris\u00e9es \u00e0 payer jusqu'\u00e0 45 jours apr\u00e8s la livraison. L'inscription est rapide et la v\u00e9rification est effectu\u00e9e dans un d\u00e9lai de 1 \u00e0 2 jours ouvrables.<\/span><\/div> <!-- description --><\/div> <!-- aio-icon-box --><\/a><\/div> <!-- aio-icon-component --><\/div><\/div><\/div><div class=\"wpb_column vc_column_container vc_col-sm-4 mpc-column\" data-column-id=\"mpc_column-6769f62f3fbfaf3\"><div class=\"vc_column-inner\"><div class=\"wpb_wrapper\"><div class=\"aio-icon-component    style_2\"><a class=\"aio-icon-box-link\" href=\"https:\/\/calendly.com\/primefreight\/prime-freight-online-platform\"><div id=\"Info-box-wrap-6234\" class=\"aio-icon-box square_box-icon\" style=\"border-color:#d8d8d8;border-style:solid;border-width:1px;\" data-min-height=\"1px\"><div class=\"aio-icon-square_box\"><div class=\"ult-just-icon-wrapper\"><div class=\"align-icon\" style=\"text-align:center;\">\n<div class=\"aio-icon none\" style=\"color:#333;font-size:32px;display:inline-block;\">\n\t<i class=\"Defaults-phone\"><\/i>\n<\/div><\/div><\/div><\/div><div class=\"aio-icon-header\"><h3 class=\"aio-icon-title ult-responsive\" data-ultimate-target=\"#Info-box-wrap-6234 .aio-icon-title\" data-responsive-json-new='{\"font-size\":\"\",\"line-height\":\"\"}' style=\"\">Planifier un rappel<\/h3><\/div> <!-- header --><div class=\"aio-icon-description ult-responsive\" data-ultimate-target=\"#Info-box-wrap-6234 .aio-icon-description\" data-responsive-json-new='{\"font-size\":\"\",\"line-height\":\"\"}' style=\"\"><span style=\"color: #333333;\">Demandez \u00e0 un membre de notre \u00e9quipe de vous appeler pour vous guider dans la r\u00e9servation de cet envoi, ou appelez-nous au +1 (844) 977-4639.<\/span><\/div> <!-- description --><\/div> <!-- aio-icon-box --><\/a><\/div> <!-- aio-icon-component --><\/div><\/div><\/div><div class=\"wpb_column vc_column_container vc_col-sm-4 mpc-column\" data-column-id=\"mpc_column-769f62f3fbfc4a\"><div class=\"vc_column-inner\"><div class=\"wpb_wrapper\"><div class=\"aio-icon-component    style_2\"><a class=\"aio-icon-box-link\" href=\"https:\/\/www.primefreight.com\/fr\/reserver-par-lintermediaire-dun-agent\/\" title=\"R\u00e9server par l&#039;interm\u00e9diaire d&#039;un agent\"><div id=\"Info-box-wrap-1362\" class=\"aio-icon-box square_box-icon\" style=\"border-color:#d8d8d8;border-style:solid;border-width:1px;\" data-min-height=\"1px\"><div class=\"aio-icon-square_box\"><div class=\"ult-just-icon-wrapper\"><div class=\"align-icon\" style=\"text-align:center;\">\n<div class=\"aio-icon none\" style=\"color:#333;font-size:32px;display:inline-block;\">\n\t<i class=\"Defaults-user\"><\/i>\n<\/div><\/div><\/div><\/div><div class=\"aio-icon-header\"><h3 class=\"aio-icon-title ult-responsive\" data-ultimate-target=\"#Info-box-wrap-1362 .aio-icon-title\" data-responsive-json-new='{\"font-size\":\"\",\"line-height\":\"\"}' style=\"\">R\u00e9servez par l'interm\u00e9diaire de notre agent<\/h3><\/div> <!-- header --><div class=\"aio-icon-description ult-responsive\" data-ultimate-target=\"#Info-box-wrap-1362 .aio-icon-description\" data-responsive-json-new='{\"font-size\":\"\",\"line-height\":\"\"}' style=\"\"><span style=\"color: #333333;\">R\u00e9server directement par l'interm\u00e9diaire de notre repr\u00e9sentant \u00e0 l'\u00e9tranger. Communiquez les coordonn\u00e9es de notre agent \u00e0 votre fournisseur. Une fois qu'il aura effectu\u00e9 la r\u00e9servation, vous recevrez un courriel de confirmation.<\/span><\/div> <!-- description --><\/div> <!-- aio-icon-box --><\/a><\/div> <!-- aio-icon-component --><\/div><\/div><\/div><\/div><\/div><\/div><div class=\"vc_row wpb_row section vc_row-fluid mpc-row\" style=\" text-align:left;\"><div class=\"full_section_inner clearfix\"><div class=\"wpb_column vc_column_container vc_col-sm-12 mpc-column\" data-column-id=\"mpc_column-6169f62f3fc095a\"><div class=\"vc_column-inner\"><div class=\"wpb_wrapper\">\n\t<div class=\"wpb_raw_code wpb_raw_js\">\n\t\t<div class=\"wpb_wrapper\">\n\t\t\t<script src=\"https:\/\/www.primefreight.com\/wp-content\/plugins\/advanced-iframe\/js\/ai_external.js\"><\/script>\n<script>document.domain='primefreight.com';<\/script>\n\t\t<\/div>\n\t<\/div>\n<\/div><\/div><\/div><\/div><\/div>\n<\/div>","protected":false},"excerpt":{"rendered":"Ex\u00e9cutez votre envoi R\u00e9servez et payez maintenant Payez cet envoi en ligne par carte de cr\u00e9dit, virement bancaire, ch\u00e8que \u00e9lectronique ou EFT. Une fois le paiement re\u00e7u, votre envoi sera ex\u00e9cut\u00e9. Vous pouvez \u00e9galement choisir l'une des options ci-dessous : S'inscrire \u00e0 Prime Freight et payer plus tard","protected":false},"author":1,"featured_media":0,"parent":0,"menu_order":0,"comment_status":"closed","ping_status":"closed","template":"","meta":{"content-type":"","_mbp_gutenberg_autopost":false,"footnotes":""},"class_list":["post-2368","page","type-page","status-publish","hentry"],"_links":{"self":[{"href":"https:\/\/www.primefreight.com\/fr\/wp-json\/wp\/v2\/pages\/2368","targetHints":{"allow":["GET"]}}],"collection":[{"href":"https:\/\/www.primefreight.com\/fr\/wp-json\/wp\/v2\/pages"}],"about":[{"href":"https:\/\/www.primefreight.com\/fr\/wp-json\/wp\/v2\/types\/page"}],"author":[{"embeddable":true,"href":"https:\/\/www.primefreight.com\/fr\/wp-json\/wp\/v2\/users\/1"}],"replies":[{"embeddable":true,"href":"https:\/\/www.primefreight.com\/fr\/wp-json\/wp\/v2\/comments?post=2368"}],"version-history":[{"count":35,"href":"https:\/\/www.primefreight.com\/fr\/wp-json\/wp\/v2\/pages\/2368\/revisions"}],"predecessor-version":[{"id":2631,"href":"https:\/\/www.primefreight.com\/fr\/wp-json\/wp\/v2\/pages\/2368\/revisions\/2631"}],"wp:attachment":[{"href":"https:\/\/www.primefreight.com\/fr\/wp-json\/wp\/v2\/media?parent=2368"}],"curies":[{"name":"wp","href":"https:\/\/api.w.org\/{rel}","templated":true}]}}