{"id":2902,"date":"2020-09-16T18:56:54","date_gmt":"2020-09-16T18:56:54","guid":{"rendered":"https:\/\/www.primefreight.com\/?page_id=2902"},"modified":"2020-09-16T18:58:36","modified_gmt":"2020-09-16T18:58:36","slug":"factures","status":"publish","type":"page","link":"https:\/\/www.primefreight.com\/fr\/help-agents\/invoices\/","title":{"rendered":"Factures"},"content":{"rendered":"<p>Ce guide vous aidera \u00e0 t\u00e9l\u00e9charger vos factures, facturables \u00e0 Prime Freight, pour les frais de manutention ou autres co\u00fbts d'exp\u00e9dition. L'envoi de vos factures via le portail garantit des paiements plus rapides et plus pr\u00e9cis, et vous \u00e9vite de nous envoyer les factures par courrier \u00e9lectronique.<\/p>\n<p>&nbsp;<\/p>\n<ol>\n<li>Connectez-vous \u00e0 notre portail sur app.primefreight.com<\/li>\n<li>Cliquez sur le bouton Factures dans la barre de menu principale.<br \/>\n<a href=\"https:\/\/www.primefreight.com\/fr\/agents-dassistance\/factures\/capture-decran-2020-09-16-a-2-50-31-pm\/\" rel=\"attachment wp-att-2903\"><img loading=\"lazy\" decoding=\"async\" class=\"alignnone size-full wp-image-2903\" src=\"https:\/\/www.primefreight.com\/wp-content\/uploads\/2020\/09\/Screen-Shot-2020-09-16-at-2.50.31-PM.png\" alt=\"\" width=\"310\" height=\"152\" srcset=\"https:\/\/www.primefreight.com\/wp-content\/uploads\/2020\/09\/Screen-Shot-2020-09-16-at-2.50.31-PM.png 310w, https:\/\/www.primefreight.com\/wp-content\/uploads\/2020\/09\/Screen-Shot-2020-09-16-at-2.50.31-PM-100x49.png 100w, https:\/\/www.primefreight.com\/wp-content\/uploads\/2020\/09\/Screen-Shot-2020-09-16-at-2.50.31-PM-200x98.png 200w\" sizes=\"auto, (max-width: 310px) 100vw, 310px\" \/><\/a><\/li>\n<li>&nbsp;Cliquez sur \"Nouveau\" en haut de l'\u00e9cran pour cr\u00e9er une nouvelle facture.<br \/>\n<a href=\"https:\/\/www.primefreight.com\/fr\/agents-dassistance\/factures\/capture-decran-2020-09-16-a-2-51-09-pm\/\" rel=\"attachment wp-att-2904\"><img loading=\"lazy\" decoding=\"async\" class=\"alignnone size-full wp-image-2904\" src=\"https:\/\/www.primefreight.com\/wp-content\/uploads\/2020\/09\/Screen-Shot-2020-09-16-at-2.51.09-PM.png\" alt=\"\" width=\"179\" height=\"61\" srcset=\"https:\/\/www.primefreight.com\/wp-content\/uploads\/2020\/09\/Screen-Shot-2020-09-16-at-2.51.09-PM.png 179w, https:\/\/www.primefreight.com\/wp-content\/uploads\/2020\/09\/Screen-Shot-2020-09-16-at-2.51.09-PM-100x34.png 100w\" sizes=\"auto, (max-width: 179px) 100vw, 179px\" \/><\/a><\/li>\n<li>Remplir tous les champs de ce formulaire<br \/>\n<a href=\"https:\/\/www.primefreight.com\/fr\/agents-dassistance\/factures\/capture-decran-2020-09-16-a-2-51-42-pm\/\" rel=\"attachment wp-att-2905\"><img loading=\"lazy\" decoding=\"async\" class=\"alignnone wp-image-2905 size-full\" src=\"https:\/\/www.primefreight.com\/wp-content\/uploads\/2020\/09\/Screen-Shot-2020-09-16-at-2.51.42-PM-e1600282572681.png\" alt=\"\" width=\"555\" height=\"617\" srcset=\"https:\/\/www.primefreight.com\/wp-content\/uploads\/2020\/09\/Screen-Shot-2020-09-16-at-2.51.42-PM-e1600282572681.png 555w, https:\/\/www.primefreight.com\/wp-content\/uploads\/2020\/09\/Screen-Shot-2020-09-16-at-2.51.42-PM-e1600282572681-90x100.png 90w, https:\/\/www.primefreight.com\/wp-content\/uploads\/2020\/09\/Screen-Shot-2020-09-16-at-2.51.42-PM-e1600282572681-180x200.png 180w\" sizes=\"auto, (max-width: 555px) 100vw, 555px\" \/><\/a><br \/>\nCommencez par cliquer sur ajouter un fichier pour joindre le PDF de votre facture. S\u00e9lectionnez ensuite l'entreprise de facturation (l'\u00e9metteur de la facture)\/ Dans le champ conteneurs, recherchez et ajoutez les conteneurs auxquels cette facture se rapporte. Saisissez la devise, votre num\u00e9ro de facture, puis le total de la facture.<\/li>\n<li>Lorsque vous avez termin\u00e9, cliquez sur \"Enregistrer\" en haut \u00e0 droite. Votre facture sera alors trait\u00e9e et un paiement sera \u00e9mis automatiquement.<\/li>\n<\/ol>","protected":false},"excerpt":{"rendered":"<p>Ce guide vous aidera \u00e0 t\u00e9l\u00e9charger vos factures, facturables \u00e0 Prime Freight, pour les frais de manutention ou autres co\u00fbts d'exp\u00e9dition. La soumission de vos factures via le portail garantit des paiements plus rapides et plus pr\u00e9cis, et vous \u00e9vite de nous envoyer les factures par courrier \u00e9lectronique.   Connectez-vous \u00e0 notre<\/p>","protected":false},"author":1,"featured_media":0,"parent":2040,"menu_order":0,"comment_status":"closed","ping_status":"closed","template":"","meta":{"content-type":"","_mbp_gutenberg_autopost":false,"footnotes":""},"class_list":["post-2902","page","type-page","status-publish","hentry"],"_links":{"self":[{"href":"https:\/\/www.primefreight.com\/fr\/wp-json\/wp\/v2\/pages\/2902","targetHints":{"allow":["GET"]}}],"collection":[{"href":"https:\/\/www.primefreight.com\/fr\/wp-json\/wp\/v2\/pages"}],"about":[{"href":"https:\/\/www.primefreight.com\/fr\/wp-json\/wp\/v2\/types\/page"}],"author":[{"embeddable":true,"href":"https:\/\/www.primefreight.com\/fr\/wp-json\/wp\/v2\/users\/1"}],"replies":[{"embeddable":true,"href":"https:\/\/www.primefreight.com\/fr\/wp-json\/wp\/v2\/comments?post=2902"}],"version-history":[{"count":3,"href":"https:\/\/www.primefreight.com\/fr\/wp-json\/wp\/v2\/pages\/2902\/revisions"}],"predecessor-version":[{"id":2908,"href":"https:\/\/www.primefreight.com\/fr\/wp-json\/wp\/v2\/pages\/2902\/revisions\/2908"}],"up":[{"embeddable":true,"href":"https:\/\/www.primefreight.com\/fr\/wp-json\/wp\/v2\/pages\/2040"}],"wp:attachment":[{"href":"https:\/\/www.primefreight.com\/fr\/wp-json\/wp\/v2\/media?parent=2902"}],"curies":[{"name":"wp","href":"https:\/\/api.w.org\/{rel}","templated":true}]}}