{"id":2922,"date":"2020-09-27T01:13:21","date_gmt":"2020-09-27T01:13:21","guid":{"rendered":"https:\/\/www.primefreight.com\/?page_id=2922"},"modified":"2022-04-13T19:46:13","modified_gmt":"2022-04-14T00:46:13","slug":"a-propos-de-nous","status":"publish","type":"page","link":"https:\/\/www.primefreight.com\/fr\/about-us\/","title":{"rendered":"\u00c0 propos de nous"},"content":{"rendered":"<div class=\"wpb-content-wrapper\"><div class=\"vc_row wpb_row section vc_row-fluid mpc-row\" style=\" text-align:left;\"><div class=\"full_section_inner clearfix\"><div class=\"wpb_column vc_column_container vc_col-sm-12 mpc-column\" data-column-id=\"mpc_column-3269f2a949a2687\"><div class=\"vc_column-inner\"><div class=\"wpb_wrapper\">\n\t<div class=\"wpb_text_column wpb_content_element vc_custom_1601169689559\">\n\t\t<div class=\"wpb_wrapper\">\n\t\t\t<h1>Un soutien commercial accessible, simple et global qui permet \u00e0 vos produits d'atteindre leur destination.<\/h1>\n<p>Combinant harmonieusement une technologie de pointe, une infrastructure innovante et des d\u00e9cennies d'exp\u00e9rience depuis 1991, Prime Freight Logistics offre une exp\u00e9rience de transport de fret et d'exp\u00e9dition con\u00e7ue pour d\u00e9passer toutes les attentes.<\/p>\n\n\t\t<\/div>\n\t<\/div>\n\n\t<div class=\"wpb_text_column wpb_content_element vc_custom_1649897170381\">\n\t\t<div class=\"wpb_wrapper\">\n\t\t\t<h1>Qui sommes-nous ?<\/h1>\n<h2>Bienvenue sur le site de Freight Fowarding for the 21<sup>st<\/sup> si\u00e8cle<\/h2>\n<p>Depuis pr\u00e8s de trois d\u00e9cennies, Prime Freight Logistics s'engage \u00e0 aider ses clients en coordonnant tous les aspects de leurs besoins en mati\u00e8re d'exp\u00e9dition, de suivi et de gestion du fret pour leur entreprise.  Sp\u00e9cialis\u00e9e dans le transport de marchandises entre l'Asie et l'Am\u00e9rique du Nord, notre \u00e9quipe de professionnels de l'exp\u00e9dition a aid\u00e9 des dizaines de milliers de clients et de fournisseurs, en leur fournissant une gamme compl\u00e8te de services con\u00e7us pour que leur entreprise fonctionne de mani\u00e8re efficace, efficiente et rentable.  Qu'il s'agisse de transport maritime ou a\u00e9rien, de fret routier ou ferroviaire, de drayage et de cartonnage, de courtage en douane, d'entreposage et bien plus encore, notre \u00e9quipe dispose des outils et des technologies n\u00e9cessaires pour rendre le commerce mondial simple et accessible \u00e0 tous.<\/p>\n<h1><\/h1>\n<h2>Notre vision<\/h2>\n<p>Chez Prime Frieght Logistics, nous pensons que le commerce mondial ne devrait pas avoir de barri\u00e8res - point final.  Nous croyons qu'il faut \u00e9liminer les obstacles qui ralentissent les affaires, tels que les fronti\u00e8res physiques, les politiques ou les limites logistiques.  C'est pourquoi nous avons cr\u00e9\u00e9 un processus efficace et simple qui maximise l'efficacit\u00e9, minimise les limitations et offre des strat\u00e9gies technologiques qui fournissent des analyses de haut niveau, des mises \u00e0 jour de derni\u00e8re minute et des exp\u00e9ditions et r\u00e9ceptions rapides et fiables de produits en provenance de partenaires internationaux.<\/p>\n<h2><\/h2>\n<h2>Avanc\u00e9es innovantes<\/h2>\n<p>Prime Freight Logistics offre une vari\u00e9t\u00e9 d'avanc\u00e9es num\u00e9riques de pointe con\u00e7ues pour vous tenir inform\u00e9, \u00e0 jour et au courant - y compris notre plateforme en ligne exclusive.<\/p>\n<h2><\/h2>\n<h2>Une infrastructure robuste<\/h2>\n<p>Que ce soit par voie terrestre, a\u00e9rienne ou maritime, nous ne nous contentons pas de proposer tous les modes de transport de marchandises : Nous disposons d'une infrastructure fiable et \u00e9prouv\u00e9e qui garantit l'acheminement de vos produits l\u00e0 o\u00f9 ils doivent aller.<\/p>\n<h2><\/h2>\n<h2>Un service \u00e0 la client\u00e8le hors pair<\/h2>\n<p>En plus de son service sup\u00e9rieur, de son attention ph\u00e9nom\u00e9nale aux d\u00e9tails et de ses r\u00e9sultats fiables, Prime Freight Logistics offre le meilleur service \u00e0 la client\u00e8le de l'industrie.  Nos experts en transport sont disponibles pour vous aider, vous et votre entreprise, tous les jours de l'ann\u00e9e, 24 heures sur 24 et 7 jours sur 7.<\/p>\n<h2><\/h2>\n<h2>Engagement en faveur du d\u00e9veloppement durable<\/h2>\n<p>Prime Freight Logistics s'engage \u00e0 r\u00e9duire son empreinte carbone, \u00e0 minimiser son impact sur l'environnement et \u00e0 mettre en place des politiques \u00e9cologiques con\u00e7ues pour promouvoir un avenir vert pour les g\u00e9n\u00e9rations \u00e0 venir.<\/p>\n<h1><\/h1>\n\n\t\t<\/div>\n\t<\/div>\n\n\t<div class=\"wpb_text_column wpb_content_element vc_custom_1601170347861\">\n\t\t<div class=\"wpb_wrapper\">\n\t\t\t<h1>Trois d\u00e9cennies d'expertise et de leadership dans le domaine du transport maritime<\/h1>\n<p>Depuis 1991, nous nous sommes engag\u00e9s \u00e0 aider les entreprises \u00e0 coordonner leurs besoins en mati\u00e8re d'exp\u00e9dition, de suivi et de gestion du fret.  Notre \u00e9quipe de leaders du secteur peut se targuer d'avoir plus de 150 ans d'exp\u00e9rience combin\u00e9e dans le domaine du transport de fret, de l'exp\u00e9dition internationale et de l'expertise pratique de la cha\u00eene d'approvisionnement. Chaque membre de notre \u00e9quipe se consacre \u00e0 rendre le commerce international plus accessible et plus simple pour nos clients.<\/p>\n\n\t\t<\/div>\n\t<\/div>\n\n\t<div class=\"wpb_single_image wpb_content_element vc_align_center\">\n\t\t<div>\n\t\t<div class=\"wpb_wrapper\">\n\t\t\t\n\t\t\t<div class=\"vc_single_image-wrapper\"><img loading=\"lazy\" decoding=\"async\" width=\"1000\" height=\"666\" src=\"https:\/\/www.primefreight.com\/wp-content\/uploads\/2019\/09\/roads-3.jpg\" class=\"vc_single_image-img attachment-full\" alt=\"\" title=\"routes\" srcset=\"https:\/\/www.primefreight.com\/wp-content\/uploads\/2019\/09\/roads-3.jpg 1000w, https:\/\/www.primefreight.com\/wp-content\/uploads\/2019\/09\/roads-3-100x67.jpg 100w, https:\/\/www.primefreight.com\/wp-content\/uploads\/2019\/09\/roads-3-768x511.jpg 768w, https:\/\/www.primefreight.com\/wp-content\/uploads\/2019\/09\/roads-3-700x466.jpg 700w\" sizes=\"auto, (max-width: 1000px) 100vw, 1000px\"><\/div>\n\t\t<\/div> \n\t\t<\/div>\n\t<\/div> \t<div class=\"vc_empty_space\" style=\"height: 100px\"><span class=\"vc_empty_space_inner\">\n\t\t\t<span class=\"empty_space_image\"><\/span>\n\t\t<\/span><\/div>\n\n<\/div><\/div><\/div><\/div><\/div>\n<\/div>","protected":false},"excerpt":{"rendered":"Un soutien commercial accessible, simple et mondial qui permet \u00e0 vos produits d'arriver \u00e0 bon port. Combinant harmonieusement une technologie de pointe, une infrastructure innovante et des d\u00e9cennies d'exp\u00e9rience depuis 1991, Prime Freight Logistics offre une exp\u00e9rience de transport et d'exp\u00e9dition de fret con\u00e7ue pour d\u00e9passer toutes les attentes. Qui sommes-nous ?","protected":false},"author":1,"featured_media":0,"parent":0,"menu_order":0,"comment_status":"closed","ping_status":"closed","template":"","meta":{"content-type":"","_mbp_gutenberg_autopost":false,"footnotes":""},"class_list":["post-2922","page","type-page","status-publish","hentry"],"_links":{"self":[{"href":"https:\/\/www.primefreight.com\/fr\/wp-json\/wp\/v2\/pages\/2922","targetHints":{"allow":["GET"]}}],"collection":[{"href":"https:\/\/www.primefreight.com\/fr\/wp-json\/wp\/v2\/pages"}],"about":[{"href":"https:\/\/www.primefreight.com\/fr\/wp-json\/wp\/v2\/types\/page"}],"author":[{"embeddable":true,"href":"https:\/\/www.primefreight.com\/fr\/wp-json\/wp\/v2\/users\/1"}],"replies":[{"embeddable":true,"href":"https:\/\/www.primefreight.com\/fr\/wp-json\/wp\/v2\/comments?post=2922"}],"version-history":[{"count":9,"href":"https:\/\/www.primefreight.com\/fr\/wp-json\/wp\/v2\/pages\/2922\/revisions"}],"predecessor-version":[{"id":3891,"href":"https:\/\/www.primefreight.com\/fr\/wp-json\/wp\/v2\/pages\/2922\/revisions\/3891"}],"wp:attachment":[{"href":"https:\/\/www.primefreight.com\/fr\/wp-json\/wp\/v2\/media?parent=2922"}],"curies":[{"name":"wp","href":"https:\/\/api.w.org\/{rel}","templated":true}]}}