{"id":477,"date":"2018-11-22T15:20:49","date_gmt":"2018-11-22T15:20:49","guid":{"rendered":"https:\/\/www.primefreight.com\/?page_id=477"},"modified":"2020-04-13T09:12:06","modified_gmt":"2020-04-13T09:12:06","slug":"fret-aerien","status":"publish","type":"page","link":"https:\/\/www.primefreight.com\/fr\/services\/fret-aerien\/","title":{"rendered":"Fret a\u00e9rien"},"content":{"rendered":"<div class=\"wpb-content-wrapper\"><div class=\"vc_row wpb_row section vc_row-fluid vc_custom_1586768517452  grid_section mpc-row\" style=\" text-align:left;\"><div class=\"section_inner clearfix\"><div class=\"section_inner_margin clearfix\"><div class=\"wpb_column vc_column_container vc_col-sm-10 mpc-column\" data-column-id=\"mpc_column-9169d637e425e6c\"><div class=\"vc_column-inner\"><div class=\"wpb_wrapper\">\n\t<div class=\"wpb_text_column wpb_content_element vc_custom_1561645636719\">\n\t\t<div class=\"wpb_wrapper\">\n\t\t\t<h1 style=\"text-align: left;\">Service a\u00e9rien avec transparence et tarifs fiables<\/h1>\n<h3 style=\"text-align: left;\">Prime Freight offre la meilleure exp\u00e9rience en mati\u00e8re de fret a\u00e9rien, en fournissant \u00e0 ses clients une visibilit\u00e9 granulaire et de bout en bout, un service fiable et des solutions de cha\u00eene d'approvisionnement personnalis\u00e9es et bas\u00e9es sur des donn\u00e9es.<\/h3>\n\n\t\t<\/div>\n\t<\/div>\n<\/div><\/div><\/div><div class=\"wpb_column vc_column_container vc_col-sm-2 mpc-column\" data-column-id=\"mpc_column-6169d637e426024\"><div class=\"vc_column-inner\"><div class=\"wpb_wrapper\"><\/div><\/div><\/div><\/div><\/div><\/div><div class=\"vc_row wpb_row section vc_row-fluid vc_custom_1586287154866  grid_section mpc-row\" style=\" text-align:left;\"><div class=\"section_inner clearfix\"><div class=\"section_inner_margin clearfix\"><div class=\"wpb_column vc_column_container vc_col-sm-12 mpc-column\" data-column-id=\"mpc_column-6569d637e427b8e\"><div class=\"vc_column-inner\"><div class=\"wpb_wrapper\"><div class=\"vc_row wpb_row vc_inner vc_row-fluid vc_column-gap-30 vc_row-o-equal-height vc_row-flex mpc-row\"><div class=\"infor-box wpb_column vc_column_container vc_col-sm-4 mpc-column\" data-column-id=\"mpc_column-3069d637e426de5\"><div class=\"vc_column-inner\"><div class=\"wpb_wrapper\">\n\t<div class=\"wpb_single_image wpb_content_element vc_align_center\">\n\t\t<div>\n\t\t<div class=\"wpb_wrapper\">\n\t\t\t\n\t\t\t<div class=\"vc_single_image-wrapper\"><img decoding=\"async\" class=\"vc_single_image-img\" src=\"https:\/\/www.primefreight.com\/wp-content\/uploads\/2019\/06\/Asset-27@2x.png\" width=\"100\" height=\"99\" alt=\"Actif 27@2x\" title=\"Actif 27@2x\" loading=\"lazy\"><\/div>\n\t\t<\/div> \n\t\t<\/div>\n\t<\/div> \n\t<div class=\"wpb_text_column wpb_content_element\">\n\t\t<div class=\"wpb_wrapper\">\n\t\t\t<h2 style=\"text-align: center;\">Transparence et information en temps r\u00e9el<\/h2>\n<p style=\"text-align: center;\">Transparence de bout en bout et informations en temps r\u00e9el. Il est essentiel de livrer votre fret a\u00e9rien \u00e0 temps. Gr\u00e2ce \u00e0 la plateforme technologique et \u00e0 l'int\u00e9gration des donn\u00e9es de Prime Freight, vous b\u00e9n\u00e9ficiez d'une visibilit\u00e9 en temps r\u00e9el, de l'enl\u00e8vement par l'exp\u00e9diteur \u00e0 la livraison sur le dernier kilom\u00e8tre. Gr\u00e2ce \u00e0 des \u00e9quipes internationales d\u00e9di\u00e9es qui surveillent les exp\u00e9ditions a\u00e9riennes 24 heures sur 24 et 7 jours sur 7, nous veillons \u00e0 ce que vos marchandises sensibles au facteur temps arrivent comme pr\u00e9vu \u00e0 leur destination finale.<\/p>\n\n\t\t<\/div>\n\t<\/div>\n<\/div><\/div><\/div><div class=\"infor-box wpb_column vc_column_container vc_col-sm-4 mpc-column\" data-column-id=\"mpc_column-3769d637e427475\"><div class=\"vc_column-inner\"><div class=\"wpb_wrapper\">\n\t<div class=\"wpb_single_image wpb_content_element vc_align_center\">\n\t\t<div>\n\t\t<div class=\"wpb_wrapper\">\n\t\t\t\n\t\t\t<div class=\"vc_single_image-wrapper\"><img decoding=\"async\" class=\"vc_single_image-img\" src=\"https:\/\/www.primefreight.com\/wp-content\/uploads\/2020\/04\/Asset-25@2x.png\" width=\"100\" height=\"100\" alt=\"Actif-25@2x\" title=\"Actif-25@2x\" loading=\"lazy\"><\/div>\n\t\t<\/div> \n\t\t<\/div>\n\t<\/div> \n\t<div class=\"wpb_text_column wpb_content_element\">\n\t\t<div class=\"wpb_wrapper\">\n\t\t\t<h2 style=\"text-align: center;\">Un r\u00e9seau mondial de capacit\u00e9s robuste<\/h2>\n<p style=\"text-align: center;\">Notre r\u00e9seau de BSA et nos contrats avec les principaux transporteurs - en plus du service a\u00e9rien priv\u00e9 exclusif de Prime Freight - signifient que vous recevrez un service coh\u00e9rent, de premi\u00e8re qualit\u00e9 et de premier ordre avec des horaires de levage quotidiens et hebdomadaires multiples et l'acc\u00e8s \u00e0 l'espace pendant les saisons de pointe critiques. Notre logiciel permet \u00e9galement de planifier et de g\u00e9rer intelligemment les capacit\u00e9s, d'optimiser les consolidations et de r\u00e9duire les co\u00fbts.<\/p>\n\n\t\t<\/div>\n\t<\/div>\n<\/div><\/div><\/div><div class=\"infor-box wpb_column vc_column_container vc_col-sm-4 mpc-column\" data-column-id=\"mpc_column-9869d637e427a4c\"><div class=\"vc_column-inner\"><div class=\"wpb_wrapper\">\n\t<div class=\"wpb_single_image wpb_content_element vc_align_center\">\n\t\t<div>\n\t\t<div class=\"wpb_wrapper\">\n\t\t\t\n\t\t\t<div class=\"vc_single_image-wrapper\"><img decoding=\"async\" class=\"vc_single_image-img\" src=\"https:\/\/www.primefreight.com\/wp-content\/uploads\/2020\/04\/Asset-26@2x.png\" width=\"100\" height=\"100\" alt=\"Actif-26@2x\" title=\"Actif-26@2x\" loading=\"lazy\"><\/div>\n\t\t<\/div> \n\t\t<\/div>\n\t<\/div> \n\t<div class=\"wpb_text_column wpb_content_element\">\n\t\t<div class=\"wpb_wrapper\">\n\t\t\t<h2 style=\"text-align: center;\">Am\u00e9liorer l'efficacit\u00e9 des itin\u00e9raires gr\u00e2ce \u00e0 la technologie<\/h2>\n<p style=\"text-align: center;\">Notre technologie exclusive optimise les meilleurs d\u00e9lais pour l'acheminement, la tarification et la livraison, en prenant en charge le cycle complet de la commande \u00e0 l'encaissement. Chaque cha\u00eene d'approvisionnement est unique, c'est pourquoi nous proposons des services express, standard et diff\u00e9r\u00e9s pour r\u00e9pondre \u00e0 votre calendrier de livraison. Notre service est suffisamment souple pour repositionner la capacit\u00e9 en fonction de vos besoins sp\u00e9cifiques \u00e0 tout moment.<\/p>\n\n\t\t<\/div>\n\t<\/div>\n<\/div><\/div><\/div><\/div><\/div><\/div><\/div><\/div><\/div><\/div><div class=\"vc_row wpb_row section vc_row-fluid  grid_section mpc-row\" style=\" text-align:left;\"><div class=\"section_inner clearfix\"><div class=\"section_inner_margin clearfix\"><div class=\"wpb_column vc_column_container vc_col-sm-12 mpc-column\" data-column-id=\"mpc_column-8869d637e42806f\"><div class=\"vc_column-inner\"><div class=\"wpb_wrapper\"><div class=\"separator\" style=\"\"><\/div>\n<\/div><\/div><\/div><\/div><\/div><\/div><div class=\"vc_row wpb_row section vc_row-fluid vc_custom_1586768578660  grid_section mpc-row\" style=\" text-align:left;\"><div class=\"section_inner clearfix\"><div class=\"section_inner_margin clearfix\"><div class=\"wpb_column vc_column_container vc_col-sm-12 mpc-column\" data-column-id=\"mpc_column-8669d637e428dd2\"><div class=\"vc_column-inner\"><div class=\"wpb_wrapper\"><div class=\"vc_row wpb_row vc_inner vc_row-fluid vc_row-o-equal-height vc_row-o-content-middle vc_row-flex mpc-row\"><div class=\"wpb_column vc_column_container vc_col-sm-6 mpc-column\" data-column-id=\"mpc_column-4569d637e428930\"><div class=\"vc_column-inner\"><div class=\"wpb_wrapper\">\n\t<div class=\"wpb_single_image wpb_content_element vc_align_left\">\n\t\t<div>\n\t\t<div class=\"wpb_wrapper\">\n\t\t\t\n\t\t\t<div class=\"vc_single_image-wrapper\"><img loading=\"lazy\" decoding=\"async\" width=\"2133\" height=\"1329\" src=\"https:\/\/www.primefreight.com\/wp-content\/uploads\/2019\/06\/primefreight5d-02-2.png\" class=\"vc_single_image-img attachment-full\" alt=\"\" title=\"primefreight5d-02-2\" srcset=\"https:\/\/www.primefreight.com\/wp-content\/uploads\/2019\/06\/primefreight5d-02-2.png 2133w, https:\/\/www.primefreight.com\/wp-content\/uploads\/2019\/06\/primefreight5d-02-2-100x62.png 100w, https:\/\/www.primefreight.com\/wp-content\/uploads\/2019\/06\/primefreight5d-02-2-768x479.png 768w, https:\/\/www.primefreight.com\/wp-content\/uploads\/2019\/06\/primefreight5d-02-2-1024x638.png 1024w, https:\/\/www.primefreight.com\/wp-content\/uploads\/2019\/06\/primefreight5d-02-2-700x436.png 700w, https:\/\/www.primefreight.com\/wp-content\/uploads\/2019\/06\/primefreight5d-02-2-200x125.png 200w\" sizes=\"auto, (max-width: 2133px) 100vw, 2133px\"><\/div>\n\t\t<\/div> \n\t\t<\/div>\n\t<\/div> <\/div><\/div><\/div><div class=\"wpb_column vc_column_container vc_col-sm-6 mpc-column\" data-column-id=\"mpc_column-6469d637e428cfa\"><div class=\"vc_column-inner\"><div class=\"wpb_wrapper\">\n\t<div class=\"wpb_text_column wpb_content_element\">\n\t\t<div class=\"wpb_wrapper\">\n\t\t\t<h2 style=\"text-align: left;\">La satisfaction est la norme<\/h2>\n\n\t\t<\/div>\n\t<\/div>\n\n\t<div class=\"wpb_text_column wpb_content_element\">\n\t\t<div class=\"wpb_wrapper\">\n\t\t\t<p style=\"text-align: left;\">Nous comprenons la complexit\u00e9 de votre activit\u00e9 et des produits que vous exp\u00e9diez. Transportez vos produits par fret a\u00e9rien avec Prime Freight et notre expertise et nos \u00e9quipes de professionnels vous assureront, ainsi qu'\u00e0 vos clients, la satisfaction d'un travail bien fait.<\/p>\n\n\t\t<\/div>\n\t<\/div>\n<\/div><\/div><\/div><\/div><\/div><\/div><\/div><\/div><\/div><\/div><div class=\"vc_row wpb_row section vc_row-fluid  grid_section mpc-row\" style=\" text-align:left;\"><div class=\"section_inner clearfix\"><div class=\"section_inner_margin clearfix\"><div class=\"wpb_column vc_column_container vc_col-sm-12 mpc-column\" data-column-id=\"mpc_column-7369d637e4291c2\"><div class=\"vc_column-inner\"><div class=\"wpb_wrapper\"><div class=\"separator\" style=\"\"><\/div>\n<\/div><\/div><\/div><\/div><\/div><\/div><div class=\"vc_row wpb_row section vc_row-fluid vc_custom_1586768958306  grid_section mpc-row\" style=\" text-align:left;\"><div class=\"section_inner clearfix\"><div class=\"section_inner_margin clearfix\"><div class=\"wpb_column vc_column_container vc_col-sm-12 mpc-column\" data-column-id=\"mpc_column-2869d637e42a284\"><div class=\"vc_column-inner\"><div class=\"wpb_wrapper\"><div class=\"vc_row wpb_row vc_inner vc_row-fluid vc_row-o-equal-height vc_row-o-content-middle vc_row-flex mpc-row\"><div class=\"wpb_column vc_column_container vc_col-sm-6 vc_hidden-lg vc_hidden-md vc_hidden-sm mpc-column\" data-column-id=\"mpc_column-2469d637e429914\"><div class=\"vc_column-inner\"><div class=\"wpb_wrapper\">\n\t<div class=\"wpb_single_image wpb_content_element vc_align_left\">\n\t\t<div>\n\t\t<div class=\"wpb_wrapper\">\n\t\t\t\n\t\t\t<div class=\"vc_single_image-wrapper\"><img loading=\"lazy\" decoding=\"async\" width=\"2133\" height=\"1329\" src=\"https:\/\/www.primefreight.com\/wp-content\/uploads\/2019\/06\/primefreight5d-03-2.png\" class=\"vc_single_image-img attachment-full\" alt=\"\" title=\"primefreight5d-03-2\" srcset=\"https:\/\/www.primefreight.com\/wp-content\/uploads\/2019\/06\/primefreight5d-03-2.png 2133w, https:\/\/www.primefreight.com\/wp-content\/uploads\/2019\/06\/primefreight5d-03-2-100x62.png 100w, https:\/\/www.primefreight.com\/wp-content\/uploads\/2019\/06\/primefreight5d-03-2-768x479.png 768w, https:\/\/www.primefreight.com\/wp-content\/uploads\/2019\/06\/primefreight5d-03-2-1024x638.png 1024w, https:\/\/www.primefreight.com\/wp-content\/uploads\/2019\/06\/primefreight5d-03-2-700x436.png 700w, https:\/\/www.primefreight.com\/wp-content\/uploads\/2019\/06\/primefreight5d-03-2-200x125.png 200w\" sizes=\"auto, (max-width: 2133px) 100vw, 2133px\"><\/div>\n\t\t<\/div> \n\t\t<\/div>\n\t<\/div> <\/div><\/div><\/div><div class=\"wpb_column vc_column_container vc_col-sm-6 mpc-column\" data-column-id=\"mpc_column-2269d637e429e67\"><div class=\"vc_column-inner\"><div class=\"wpb_wrapper\">\n\t<div class=\"wpb_text_column wpb_content_element\">\n\t\t<div class=\"wpb_wrapper\">\n\t\t\t<h2 style=\"text-align: left;\">Un r\u00e9seau efficace et sans faille pour une plus grande tranquillit\u00e9 d'esprit<\/h2>\n\n\t\t<\/div>\n\t<\/div>\n\n\t<div class=\"wpb_text_column wpb_content_element\">\n\t\t<div class=\"wpb_wrapper\">\n\t\t\t<p style=\"text-align: left;\">Le fret a\u00e9rien offre la connexion la plus rapide et la plus directe entre l'origine et la destination de votre envoi, et l'\u00e9quipe d'experts de Prime Freight assurera une gestion professionnelle tout au long du processus d'exp\u00e9dition. Prime Freight a mis en place un r\u00e9seau international complet de fret a\u00e9rien qui garantit que vos produits arriveront \u00e0 temps et sans erreur. Gr\u00e2ce \u00e0 l'acc\u00e8s \u00e0 des op\u00e9rateurs de transport de passagers, de fret et de charters, notre r\u00e9seau de fret a\u00e9rien s'adapte \u00e0 vos besoins.<\/p>\n\n\t\t<\/div>\n\t<\/div>\n<\/div><\/div><\/div><div class=\"wpb_column vc_column_container vc_col-sm-6 vc_hidden-xs mpc-column\" data-column-id=\"mpc_column-6269d637e42a165\"><div class=\"vc_column-inner\"><div class=\"wpb_wrapper\">\n\t<div class=\"wpb_single_image wpb_content_element vc_align_left\">\n\t\t<div>\n\t\t<div class=\"wpb_wrapper\">\n\t\t\t\n\t\t\t<div class=\"vc_single_image-wrapper\"><img loading=\"lazy\" decoding=\"async\" width=\"2133\" height=\"1329\" src=\"https:\/\/www.primefreight.com\/wp-content\/uploads\/2019\/06\/primefreight5d-03-2.png\" class=\"vc_single_image-img attachment-full\" alt=\"\" title=\"primefreight5d-03-2\" srcset=\"https:\/\/www.primefreight.com\/wp-content\/uploads\/2019\/06\/primefreight5d-03-2.png 2133w, https:\/\/www.primefreight.com\/wp-content\/uploads\/2019\/06\/primefreight5d-03-2-100x62.png 100w, https:\/\/www.primefreight.com\/wp-content\/uploads\/2019\/06\/primefreight5d-03-2-768x479.png 768w, https:\/\/www.primefreight.com\/wp-content\/uploads\/2019\/06\/primefreight5d-03-2-1024x638.png 1024w, https:\/\/www.primefreight.com\/wp-content\/uploads\/2019\/06\/primefreight5d-03-2-700x436.png 700w, https:\/\/www.primefreight.com\/wp-content\/uploads\/2019\/06\/primefreight5d-03-2-200x125.png 200w\" sizes=\"auto, (max-width: 2133px) 100vw, 2133px\"><\/div>\n\t\t<\/div> \n\t\t<\/div>\n\t<\/div> <\/div><\/div><\/div><\/div><\/div><\/div><\/div><\/div><\/div><\/div><div class=\"vc_row wpb_row section vc_row-fluid  grid_section mpc-row\" style=\" text-align:left;\"><div class=\"section_inner clearfix\"><div class=\"section_inner_margin clearfix\"><div class=\"wpb_column vc_column_container vc_col-sm-12 mpc-column\" data-column-id=\"mpc_column-2569d637e42a6aa\"><div class=\"vc_column-inner\"><div class=\"wpb_wrapper\"><div class=\"separator\" style=\"\"><\/div>\n<\/div><\/div><\/div><\/div><\/div><\/div><div class=\"vc_row wpb_row section vc_row-fluid vc_custom_1560352513426  grid_section mpc-row\" style=\" text-align:left;\"><div class=\"section_inner clearfix\"><div class=\"section_inner_margin clearfix\"><div class=\"wpb_column vc_column_container vc_col-sm-12 mpc-column\" data-column-id=\"mpc_column-7669d637e42acf7\"><div class=\"vc_column-inner\"><div class=\"wpb_wrapper\">\n\t<div class=\"wpb_text_column wpb_content_element\">\n\t\t<div class=\"wpb_wrapper\">\n\t\t\t<h2>Des exp\u00e9ditions adapt\u00e9es \u00e0 votre entreprise. Quel que soit le service que vous choisissez, vous b\u00e9n\u00e9ficierez toujours de la m\u00eame commodit\u00e9, de la m\u00eame visibilit\u00e9 et de la m\u00eame flexibilit\u00e9 gr\u00e2ce aux services de Prime Freight.<\/h2>\n\n\t\t<\/div>\n\t<\/div>\n<\/div><\/div><\/div><\/div><\/div><\/div><div class=\"vc_row wpb_row section vc_row-fluid vc_custom_1586769123620  grid_section mpc-row\" style=\" text-align:left;\"><div class=\"section_inner clearfix\"><div class=\"section_inner_margin clearfix\"><div class=\"wpb_column vc_column_container vc_col-sm-12 mpc-column\" data-column-id=\"mpc_column-6369d637e42c327\"><div class=\"vc_column-inner\"><div class=\"wpb_wrapper\"><div class=\"vc_row wpb_row vc_inner vc_row-fluid vc_column-gap-30 vc_row-o-equal-height vc_row-flex mpc-row\"><div class=\"infor-box wpb_column vc_column_container vc_col-sm-4 mpc-column\" data-column-id=\"mpc_column-5469d637e42b616\"><div class=\"vc_column-inner\"><div class=\"wpb_wrapper\">\n\t<div class=\"wpb_single_image wpb_content_element vc_align_center\">\n\t\t<div>\n\t\t<div class=\"wpb_wrapper\">\n\t\t\t\n\t\t\t<div class=\"vc_single_image-wrapper\"><img decoding=\"async\" class=\"vc_single_image-img\" src=\"https:\/\/www.primefreight.com\/wp-content\/uploads\/2020\/03\/icon-1-new-100x100.png\" width=\"100\" height=\"100\" alt=\"ic\u00f4ne-1-nouveau\" title=\"ic\u00f4ne-1-nouveau\" loading=\"lazy\"><\/div>\n\t\t<\/div> \n\t\t<\/div>\n\t<\/div> \n\t<div class=\"wpb_text_column wpb_content_element\">\n\t\t<div class=\"wpb_wrapper\">\n\t\t\t<h2 style=\"text-align: center;\">Une \u00e9quipe d\u00e9vou\u00e9e qui conna\u00eet votre entreprise<\/h2>\n<p style=\"text-align: center;\">Prime Freight est une \u00e9quipe de sp\u00e9cialistes de l'industrie engag\u00e9s qui ont une connaissance approfondie du march\u00e9. Avec nous, vous b\u00e9n\u00e9ficiez d'un repr\u00e9sentant unique qui synchronise tout. Un meilleur service au juste prix.<\/p>\n\n\t\t<\/div>\n\t<\/div>\n<\/div><\/div><\/div><div class=\"infor-box wpb_column vc_column_container vc_col-sm-4 mpc-column\" data-column-id=\"mpc_column-5169d637e42bd15\"><div class=\"vc_column-inner\"><div class=\"wpb_wrapper\">\n\t<div class=\"wpb_single_image wpb_content_element vc_align_center\">\n\t\t<div>\n\t\t<div class=\"wpb_wrapper\">\n\t\t\t\n\t\t\t<div class=\"vc_single_image-wrapper\"><img decoding=\"async\" class=\"vc_single_image-img\" src=\"https:\/\/www.primefreight.com\/wp-content\/uploads\/2020\/03\/icon-3-new-100x100.png\" width=\"100\" height=\"100\" alt=\"ic\u00f4ne-3-nouveau\" title=\"ic\u00f4ne-3-nouveau\" loading=\"lazy\"><\/div>\n\t\t<\/div> \n\t\t<\/div>\n\t<\/div> \n\t<div class=\"wpb_text_column wpb_content_element\">\n\t\t<div class=\"wpb_wrapper\">\n\t\t\t<h2 style=\"text-align: center;\">Un service personnalis\u00e9 avec une attention proactive<\/h2>\n<p style=\"text-align: center;\">Nous offrons un service plus personnalis\u00e9. Vos d\u00e9fis uniques sont notre priorit\u00e9. Les probl\u00e8mes sont signal\u00e9s de mani\u00e8re proactive avant qu'ils ne s'aggravent.<\/p>\n\n\t\t<\/div>\n\t<\/div>\n<\/div><\/div><\/div><div class=\"infor-box wpb_column vc_column_container vc_col-sm-4 mpc-column\" data-column-id=\"mpc_column-5869d637e42c1f1\"><div class=\"vc_column-inner\"><div class=\"wpb_wrapper\">\n\t<div class=\"wpb_single_image wpb_content_element vc_align_center\">\n\t\t<div>\n\t\t<div class=\"wpb_wrapper\">\n\t\t\t\n\t\t\t<div class=\"vc_single_image-wrapper\"><img decoding=\"async\" class=\"vc_single_image-img\" src=\"https:\/\/www.primefreight.com\/wp-content\/uploads\/2020\/03\/icon-2-new-100x100.png\" width=\"100\" height=\"100\" alt=\"ic\u00f4ne-2-nouveau\" title=\"ic\u00f4ne-2-nouveau\" loading=\"lazy\"><\/div>\n\t\t<\/div> \n\t\t<\/div>\n\t<\/div> \n\t<div class=\"wpb_text_column wpb_content_element\">\n\t\t<div class=\"wpb_wrapper\">\n\t\t\t<h2 style=\"text-align: center;\">Une consolidation qui permet d'\u00e9conomiser du temps et de l'argent<\/h2>\n<p style=\"text-align: center;\">Consolidez votre fret avec Prime Freight pour b\u00e9n\u00e9ficier de tarifs inf\u00e9rieurs \u00e0 ceux des chargements de conteneurs. Vous b\u00e9n\u00e9ficiez du meilleur service parce que nous pouvons trouver les meilleures solutions. Les bons transporteurs. Les temps de transit les plus rapides.<\/p>\n\n\t\t<\/div>\n\t<\/div>\n<\/div><\/div><\/div><\/div><\/div><\/div><\/div><\/div><\/div><\/div><div class=\"vc_row wpb_row section vc_row-fluid vc_custom_1586769112694  grid_section mpc-row\" style=\" text-align:center;\"><div class=\"section_inner clearfix\"><div class=\"section_inner_margin clearfix\"><div class=\"wpb_column vc_column_container vc_col-sm-12 mpc-column\" data-column-id=\"mpc_column-3469d637e42d706\"><div class=\"vc_column-inner\"><div class=\"wpb_wrapper\"><style type=\"text\/css\" data-type=\"vc_shortcodes-custom-css\">.vc_custom_1560353941262{padding-top: 80px !important;padding-bottom: 80px !important;}<\/style>\n\t<div class=\"wpb_text_column wpb_content_element\">\n\t\t<div class=\"wpb_wrapper\">\n\t\t\t<div class=\"wpb-content-wrapper\"><div class=\"vc_row wpb_row section vc_row-fluid vc_custom_1560353941262  grid_section mpc-row\" style=\" text-align:center;\"><div class=\"section_inner clearfix\"><div class=\"section_inner_margin clearfix\"><div class=\"wpb_column vc_column_container vc_col-sm-12 mpc-column\" data-column-id=\"mpc_column-5069d637e42cf05\"><div class=\"vc_column-inner\"><div class=\"wpb_wrapper\">\n\t<div class=\"wpb_text_column wpb_content_element\">\n\t\t<div class=\"wpb_wrapper\">\n\t\t\t<h2 style=\"text-align: center;\">Inscrivez-vous pour d\u00e9couvrir la diff\u00e9rence Prime Freight<\/h2>\n\n\t\t<\/div>\n\t<\/div>\n<a href=\"\/fr\/sinscrire-2\/\" target=\"_self\" class=\"qbutton  large white\" style=\"\">S'inscrire<i class=\"fa fa-arrow-circle-right\" style=\"\"><\/i><\/a><\/div><\/div><\/div><\/div><\/div><\/div><div class=\"vc_row wpb_row section vc_row-fluid mpc-row\" style=\" text-align:left;\"><div class=\"full_section_inner clearfix\"><\/div><\/div>\n<\/div><style type=\"text\/css\" data-type=\"rcb-_wpb_shortcodes_custom_css-2225\">.vc_custom_1560353941262{padding-top: 80px !important;padding-bottom: 80px !important;}<\/style>\n\n\t\t<\/div>\n\t<\/div>\n<\/div><\/div><\/div><\/div><\/div><\/div>\n<\/div>","protected":false},"excerpt":{"rendered":"Service a\u00e9rien avec transparence et tarifs fiables Prime Freight offre la meilleure exp\u00e9rience de fret a\u00e9rien de sa cat\u00e9gorie, en fournissant \u00e0 ses clients une visibilit\u00e9 granulaire et de bout en bout, un service fiable et des solutions de cha\u00eene d'approvisionnement personnalis\u00e9es et bas\u00e9es sur des donn\u00e9es. Transparence et information en temps r\u00e9el Transparence de bout en bout et information en temps r\u00e9el. Il est essentiel de livrer votre fret a\u00e9rien","protected":false},"author":1,"featured_media":0,"parent":461,"menu_order":0,"comment_status":"closed","ping_status":"closed","template":"full_width.php","meta":{"content-type":"","_mbp_gutenberg_autopost":false,"footnotes":""},"class_list":["post-477","page","type-page","status-publish","hentry"],"_links":{"self":[{"href":"https:\/\/www.primefreight.com\/fr\/wp-json\/wp\/v2\/pages\/477","targetHints":{"allow":["GET"]}}],"collection":[{"href":"https:\/\/www.primefreight.com\/fr\/wp-json\/wp\/v2\/pages"}],"about":[{"href":"https:\/\/www.primefreight.com\/fr\/wp-json\/wp\/v2\/types\/page"}],"author":[{"embeddable":true,"href":"https:\/\/www.primefreight.com\/fr\/wp-json\/wp\/v2\/users\/1"}],"replies":[{"embeddable":true,"href":"https:\/\/www.primefreight.com\/fr\/wp-json\/wp\/v2\/comments?post=477"}],"version-history":[{"count":49,"href":"https:\/\/www.primefreight.com\/fr\/wp-json\/wp\/v2\/pages\/477\/revisions"}],"predecessor-version":[{"id":2476,"href":"https:\/\/www.primefreight.com\/fr\/wp-json\/wp\/v2\/pages\/477\/revisions\/2476"}],"up":[{"embeddable":true,"href":"https:\/\/www.primefreight.com\/fr\/wp-json\/wp\/v2\/pages\/461"}],"wp:attachment":[{"href":"https:\/\/www.primefreight.com\/fr\/wp-json\/wp\/v2\/media?parent=477"}],"curies":[{"name":"wp","href":"https:\/\/api.w.org\/{rel}","templated":true}]}}