{"id":967,"date":"2018-12-06T05:50:23","date_gmt":"2018-12-06T05:50:23","guid":{"rendered":"https:\/\/www.primefreight.com\/?page_id=967"},"modified":"2022-09-14T10:10:25","modified_gmt":"2022-09-14T15:10:25","slug":"avant-nouveau","status":"publish","type":"page","link":"https:\/\/www.primefreight.com\/fr\/avant-nouveau\/","title":{"rendered":"Avant Nouveau"},"content":{"rendered":"<div class=\"wpb-content-wrapper\"><div class=\"vc_row wpb_row section vc_row-fluid  grid_section mpc-row\" style=\" text-align:left;\"><div class=\"section_inner clearfix\"><div class=\"section_inner_margin clearfix\"><div class=\"wpb_column vc_column_container vc_col-sm-12 mpc-column\" data-column-id=\"mpc_column-4369e75bef18f3d\"><div class=\"vc_column-inner\"><div class=\"wpb_wrapper\"><div class=\"vc_row wpb_row vc_inner vc_row-fluid vc_custom_1573784919840 vc_row-o-content-middle vc_row-flex mpc-row\"><div class=\"wpb_column vc_column_container vc_col-sm-8 mpc-column\" data-column-id=\"mpc_column-669e75bef176e4\"><div class=\"vc_column-inner\"><div class=\"wpb_wrapper\">\n\t<div class=\"wpb_text_column wpb_content_element\">\n\t\t<div class=\"wpb_wrapper\">\n\t\t\t<h1>La soci\u00e9t\u00e9 d'exp\u00e9dition pour les \u00e9quipes logistiques modernes<\/h1>\n\n\t\t<\/div>\n\t<\/div>\n\n\t<div class=\"wpb_text_column wpb_content_element vc_custom_1567561052128 small_font_bottom\">\n\t\t<div class=\"wpb_wrapper\">\n\t\t\t<h3>Pour les plus grandes marques mondiales, Prime Freight transporte du fret dans le monde entier par voie a\u00e9rienne, maritime, ferroviaire et routi\u00e8re. Nous combinons un logiciel performant et des experts d\u00e9vou\u00e9s pour vous donner la responsabilit\u00e9, la tranquillit\u00e9 d'esprit et le contr\u00f4le de votre cha\u00eene d'approvisionnement.<\/h3>\n\n\t\t<\/div>\n\t<\/div>\n<\/div><\/div><\/div><div class=\"wpb_column vc_column_container vc_col-sm-4 mpc-column\" id=\"gform4\" data-column-id=\"mpc_column-3169e75bef18975\"><div class=\"vc_column-inner\"><div class=\"wpb_wrapper\"><script type=\"text\/javascript\">\n\/* <![CDATA[ *\/\nvar gform;gform||(document.addEventListener(\"gform_main_scripts_loaded\",function(){gform.scriptsLoaded=!0}),document.addEventListener(\"gform\/theme\/scripts_loaded\",function(){gform.themeScriptsLoaded=!0}),window.addEventListener(\"DOMContentLoaded\",function(){gform.domLoaded=!0}),gform={domLoaded:!1,scriptsLoaded:!1,themeScriptsLoaded:!1,isFormEditor:()=>\"function\"==typeof InitializeEditor,callIfLoaded:function(o){return!(!gform.domLoaded||!gform.scriptsLoaded||!gform.themeScriptsLoaded&&!gform.isFormEditor()||(gform.isFormEditor()&&console.warn(\"The use of gform.initializeOnLoaded() is deprecated in the form editor context and will be removed in Gravity Forms 3.1.\"),o(),0))},initializeOnLoaded:function(o){gform.callIfLoaded(o)||(document.addEventListener(\"gform_main_scripts_loaded\",()=>{gform.scriptsLoaded=!0,gform.callIfLoaded(o)}),document.addEventListener(\"gform\/theme\/scripts_loaded\",()=>{gform.themeScriptsLoaded=!0,gform.callIfLoaded(o)}),window.addEventListener(\"DOMContentLoaded\",()=>{gform.domLoaded=!0,gform.callIfLoaded(o)}))},hooks:{action:{},filter:{}},addAction:function(o,r,e,t){gform.addHook(\"action\",o,r,e,t)},addFilter:function(o,r,e,t){gform.addHook(\"filter\",o,r,e,t)},doAction:function(o){gform.doHook(\"action\",o,arguments)},applyFilters:function(o){return gform.doHook(\"filter\",o,arguments)},removeAction:function(o,r){gform.removeHook(\"action\",o,r)},removeFilter:function(o,r,e){gform.removeHook(\"filter\",o,r,e)},addHook:function(o,r,e,t,n){null==gform.hooks[o][r]&&(gform.hooks[o][r]=[]);var d=gform.hooks[o][r];null==n&&(n=r+\"_\"+d.length),gform.hooks[o][r].push({tag:n,callable:e,priority:t=null==t?10:t})},doHook:function(r,o,e){var t;if(e=Array.prototype.slice.call(e,1),null!=gform.hooks[r][o]&&((o=gform.hooks[r][o]).sort(function(o,r){return o.priority-r.priority}),o.forEach(function(o){\"function\"!=typeof(t=o.callable)&&(t=window[t]),\"action\"==r?t.apply(null,e):e[0]=t.apply(null,e)})),\"filter\"==r)return e[0]},removeHook:function(o,r,t,n){var e;null!=gform.hooks[o][r]&&(e=(e=gform.hooks[o][r]).filter(function(o,r,e){return!!(null!=n&&n!=o.tag||null!=t&&t!=o.priority)}),gform.hooks[o][r]=e)}});\n\/* ]]> *\/\n<\/script>\n\n                <div class=\"gf_browser_gecko gform_wrapper gform_legacy_markup_wrapper gform-theme--no-framework\" data-form-theme=\"legacy\" data-form-index=\"0\" id=\"gform_wrapper_4\"><form method=\"post\" enctype=\"multipart\/form-data\" id=\"gform_4\" action=\"\/fr\/wp-json\/wp\/v2\/pages\/967\" data-formid=\"4\" novalidate data-trp-original-action=\"\/fr\/wp-json\/wp\/v2\/pages\/967\">\n                        <div class=\"gform-body gform_body\"><ul id=\"gform_fields_4\" class=\"gform_fields top_label form_sublabel_below description_below validation_below\"><li id=\"field_4_1\" class=\"gfield gfield--type-radio gfield--type-choice gf_list_inline field_sublabel_below gfield--no-description field_description_below field_validation_below gfield_visibility_visible\"><label class=\"gfield_label gform-field-label\">Exp\u00e9ditions annuelles de fret<\/label><div class=\"ginput_container ginput_container_radio\"><ul class=\"gfield_radio\" id=\"input_4_1\">\n\t\t\t<li class=\"gchoice gchoice_4_1_0\">\n\t\t\t\t<input name=\"input_1\" type=\"radio\" value=\"1-20\" id=\"choice_4_1_0\">\n\t\t\t\t<label for=\"choice_4_1_0\" id=\"label_4_1_0\" class=\"gform-field-label gform-field-label--type-inline\">1-20<\/label>\n\t\t\t<\/li>\n\t\t\t<li class=\"gchoice gchoice_4_1_1\">\n\t\t\t\t<input name=\"input_1\" type=\"radio\" value=\"21-75\" id=\"choice_4_1_1\">\n\t\t\t\t<label for=\"choice_4_1_1\" id=\"label_4_1_1\" class=\"gform-field-label gform-field-label--type-inline\">21-75<\/label>\n\t\t\t<\/li>\n\t\t\t<li class=\"gchoice gchoice_4_1_2\">\n\t\t\t\t<input name=\"input_1\" type=\"radio\" value=\"76-400\" id=\"choice_4_1_2\">\n\t\t\t\t<label for=\"choice_4_1_2\" id=\"label_4_1_2\" class=\"gform-field-label gform-field-label--type-inline\">76-400<\/label>\n\t\t\t<\/li>\n\t\t\t<li class=\"gchoice gchoice_4_1_3\">\n\t\t\t\t<input name=\"input_1\" type=\"radio\" value=\"400+\" id=\"choice_4_1_3\">\n\t\t\t\t<label for=\"choice_4_1_3\" id=\"label_4_1_3\" class=\"gform-field-label gform-field-label--type-inline\">400+<\/label>\n\t\t\t<\/li><\/ul><\/div><\/li><li id=\"field_4_2\" class=\"gfield gfield--type-email field_sublabel_below gfield--no-description field_description_below field_validation_below gfield_visibility_visible\"><label class=\"gfield_label gform-field-label\" for=\"input_4_2\">Courriel<\/label><div class=\"ginput_container ginput_container_email\">\n                            <input name=\"input_2\" id=\"input_4_2\" type=\"email\" value=\"\" class=\"medium\" aria-invalid=\"false\">\n                        <\/div><\/li><\/ul><\/div>\n        <div class=\"gform-footer gform_footer top_label\"> <input type=\"submit\" id=\"gform_submit_button_4\" class=\"gform_button button\" onclick=\"gform.submission.handleButtonClick(this);\" data-submission-type=\"submit\" value=\"Commencer\"> \n            <input type=\"hidden\" class=\"gform_hidden\" name=\"gform_submission_method\" data-js=\"gform_submission_method_4\" value=\"postback\">\n            <input type=\"hidden\" class=\"gform_hidden\" name=\"gform_theme\" data-js=\"gform_theme_4\" id=\"gform_theme_4\" value=\"legacy\">\n            <input type=\"hidden\" class=\"gform_hidden\" name=\"gform_style_settings\" data-js=\"gform_style_settings_4\" id=\"gform_style_settings_4\" value=\"[]\">\n            <input type=\"hidden\" class=\"gform_hidden\" name=\"is_submit_4\" value=\"1\">\n            <input type=\"hidden\" class=\"gform_hidden\" name=\"gform_submit\" value=\"4\">\n            \n            <input type=\"hidden\" class=\"gform_hidden\" name=\"gform_currency\" data-currency=\"USD\" value=\"eauc8vJUtVuy2mV6cW+uJ9f\/8lAd8E8qviwx6eqDx6Uf2Bdlj3me3h07LLr9LkU3spNQjCaEvm7vX+A9cjJHlRQlzWOYIBwTV5TlBrVE6qdN0\/s=\">\n            <input type=\"hidden\" class=\"gform_hidden\" name=\"gform_unique_id\" value=\"\">\n            <input type=\"hidden\" class=\"gform_hidden\" name=\"state_4\" value=\"WyJbXSIsImY2NzRiYWY3MzllZjgzMmM0MTIzMzZlODJmMmM4ZDU1Il0=\">\n            <input type=\"hidden\" autocomplete=\"off\" class=\"gform_hidden\" name=\"gform_target_page_number_4\" id=\"gform_target_page_number_4\" value=\"0\">\n            <input type=\"hidden\" autocomplete=\"off\" class=\"gform_hidden\" name=\"gform_source_page_number_4\" id=\"gform_source_page_number_4\" value=\"1\">\n            <input type=\"hidden\" name=\"gform_field_values\" value=\"\">\n            \n        <\/div>\n                        <input type=\"hidden\" name=\"trp-form-language\" value=\"fr\"\/><\/form>\n                        <\/div><script type=\"text\/javascript\">\n\/* <![CDATA[ *\/\n gform.initializeOnLoaded( function() {gformInitSpinner( 4, 'https:\/\/www.primefreight.com\/wp-content\/plugins\/gravityforms\/images\/spinner.svg', true );jQuery('#gform_ajax_frame_4').on('load',function(){var contents = jQuery(this).contents().find('*').html();var is_postback = contents.indexOf('GF_AJAX_POSTBACK') >= 0;if(!is_postback){return;}var form_content = jQuery(this).contents().find('#gform_wrapper_4');var is_confirmation = jQuery(this).contents().find('#gform_confirmation_wrapper_4').length > 0;var is_redirect = contents.indexOf('gformRedirect(){') >= 0;var is_form = form_content.length > 0 && ! is_redirect && ! is_confirmation;var mt = parseInt(jQuery('html').css('margin-top'), 10) + parseInt(jQuery('body').css('margin-top'), 10) + 100;if(is_form){jQuery('#gform_wrapper_4').html(form_content.html());if(form_content.hasClass('gform_validation_error')){jQuery('#gform_wrapper_4').addClass('gform_validation_error');} else {jQuery('#gform_wrapper_4').removeClass('gform_validation_error');}setTimeout( function() { \/* delay the scroll by 50 milliseconds to fix a bug in chrome *\/  }, 50 );if(window['gformInitDatepicker']) {gformInitDatepicker();}if(window['gformInitPriceFields']) {gformInitPriceFields();}var current_page = jQuery('#gform_source_page_number_4').val();gformInitSpinner( 4, 'https:\/\/www.primefreight.com\/wp-content\/plugins\/gravityforms\/images\/spinner.svg', true );jQuery(document).trigger('gform_page_loaded', [4, current_page]);window['gf_submitting_4'] = false;}else if(!is_redirect){var confirmation_content = jQuery(this).contents().find('.GF_AJAX_POSTBACK').html();if(!confirmation_content){confirmation_content = contents;}jQuery('#gform_wrapper_4').replaceWith(confirmation_content);jQuery(document).trigger('gform_confirmation_loaded', [4]);window['gf_submitting_4'] = false;wp.a11y.speak(jQuery('#gform_confirmation_message_4').text());}else{jQuery('#gform_4').append(contents);if(window['gformRedirect']) {gformRedirect();}}jQuery(document).trigger(\"gform_pre_post_render\", [{ formId: \"4\", currentPage: \"current_page\", abort: function() { this.preventDefault(); } }]);        if (event && event.defaultPrevented) {                return;        }        const gformWrapperDiv = document.getElementById( \"gform_wrapper_4\" );        if ( gformWrapperDiv ) {            const visibilitySpan = document.createElement( \"span\" );            visibilitySpan.id = \"gform_visibility_test_4\";            gformWrapperDiv.insertAdjacentElement( \"afterend\", visibilitySpan );        }        const visibilityTestDiv = document.getElementById( \"gform_visibility_test_4\" );        let postRenderFired = false;        function triggerPostRender() {            if ( postRenderFired ) {                return;            }            postRenderFired = true;            gform.core.triggerPostRenderEvents( 4, current_page );            if ( visibilityTestDiv ) {                visibilityTestDiv.parentNode.removeChild( visibilityTestDiv );            }        }        function debounce( func, wait, immediate ) {            var timeout;            return function() {                var context = this, args = arguments;                var later = function() {                    timeout = null;                    if ( !immediate ) func.apply( context, args );                };                var callNow = immediate && !timeout;                clearTimeout( timeout );                timeout = setTimeout( later, wait );                if ( callNow ) func.apply( context, args );            };        }        const debouncedTriggerPostRender = debounce( function() {            triggerPostRender();        }, 200 );        if ( visibilityTestDiv && visibilityTestDiv.offsetParent === null ) {            const observer = new MutationObserver( ( mutations ) => {                mutations.forEach( ( mutation ) => {                    if ( mutation.type === 'attributes' && visibilityTestDiv.offsetParent !== null ) {                        debouncedTriggerPostRender();                        observer.disconnect();                    }                });            });            observer.observe( document.body, {                attributes: true,                childList: false,                subtree: true,                attributeFilter: [ 'style', 'class' ],            });        } else {            triggerPostRender();        }    } );} ); \n\/* ]]> *\/\n<\/script>\n<\/div><\/div><\/div><\/div>\n\t<div class=\"wpb_single_image wpb_content_element vc_align_center\">\n\t\t<div>\n\t\t<div class=\"wpb_wrapper\">\n\t\t\t\n\t\t\t<div class=\"vc_single_image-wrapper\"><img loading=\"lazy\" decoding=\"async\" width=\"1000\" height=\"666\" src=\"https:\/\/www.primefreight.com\/wp-content\/uploads\/2019\/09\/roads-3.jpg\" class=\"vc_single_image-img attachment-full\" alt=\"\" title=\"routes\" srcset=\"https:\/\/www.primefreight.com\/wp-content\/uploads\/2019\/09\/roads-3.jpg 1000w, https:\/\/www.primefreight.com\/wp-content\/uploads\/2019\/09\/roads-3-100x67.jpg 100w, https:\/\/www.primefreight.com\/wp-content\/uploads\/2019\/09\/roads-3-768x511.jpg 768w, https:\/\/www.primefreight.com\/wp-content\/uploads\/2019\/09\/roads-3-700x466.jpg 700w\" sizes=\"auto, (max-width: 1000px) 100vw, 1000px\"><\/div>\n\t\t<\/div> \n\t\t<\/div>\n\t<\/div> <\/div><\/div><\/div><\/div><\/div><\/div><div class=\"vc_row wpb_row section vc_row-fluid mpc-row\" style=\" text-align:left;\"><div class=\"full_section_inner clearfix\"><div class=\"wpb_column vc_column_container vc_col-sm-12 mpc-column\" data-column-id=\"mpc_column-7269e75bef1968a\"><div class=\"vc_column-inner\"><div class=\"wpb_wrapper\">\n\t<div class=\"wpb_text_column wpb_content_element\">\n\t\t<div class=\"wpb_wrapper\">\n\t\t\t\n\t\t<\/div>\n\t<\/div>\n<\/div><\/div><\/div><\/div><\/div><div class=\"vc_row wpb_row section vc_row-fluid vc_custom_1568301840357  grid_section mpc-row\" style=\" text-align:left;\"><div class=\"section_inner clearfix\"><div class=\"section_inner_margin clearfix\"><div class=\"wpb_column vc_column_container vc_col-sm-12 mpc-column\" data-column-id=\"mpc_column-7669e75bef19f62\"><div class=\"vc_column-inner\"><div class=\"wpb_wrapper\">\n\t<div class=\"wpb_raw_code wpb_raw_html wpb_content_element\">\n\t\t<div class=\"wpb_wrapper\">\n\t\t\t<iframe id=\"advanced_iframe\" title=\"advance_iframe\" name=\"advanced_iframe\" src=\"https:\/\/ratesearch.primefreight.com\/landing-page\/?type=api-fcl\" width=\"100%\" height=\"600\" frameborder=\"0\" allowtransparency=\"true\" loading=\"lazy\" style=\"width: 100%; height: 600px;\" referrerpolicy=\"unsafe-url\"><\/iframe>\n\n\t\t<\/div>\n\t<\/div>\n<\/div><\/div><\/div><\/div><\/div><\/div><div class=\"vc_row wpb_row section vc_row-fluid vc_custom_1544200219785 mpc-row\" style=\" text-align:left;\"><div class=\"full_section_inner clearfix\"><div class=\"wpb_column vc_column_container vc_col-sm-12 mpc-column\" data-column-id=\"mpc_column-2969e75bef1a386\"><div class=\"vc_column-inner\"><div class=\"wpb_wrapper\"><div class=\"separator\" style=\"\"><\/div>\n\t<div class=\"vc_empty_space\" style=\"height: 55px\"><span class=\"vc_empty_space_inner\">\n\t\t\t<span class=\"empty_space_image\"><\/span>\n\t\t<\/span><\/div>\n\n<\/div><\/div><\/div><\/div><\/div><div class=\"vc_row wpb_row section vc_row-fluid vc_custom_1560282455977  grid_section mpc-row\" style=\" text-align:left;\"><div class=\"section_inner clearfix\"><div class=\"section_inner_margin clearfix\"><div class=\"wpb_column vc_column_container vc_col-sm-12 mpc-column\" data-column-id=\"mpc_column-7169e75bef1a736\"><div class=\"vc_column-inner\"><div class=\"wpb_wrapper\">\n\t<div class=\"wpb_text_column wpb_content_element vc_custom_1560282047931\">\n\t\t<div class=\"wpb_wrapper\">\n\t\t\t<h2 style=\"text-align: center;\">Partie de la cha\u00eene d'approvisionnement pour<\/h2>\n\n\t\t<\/div>\n\t<\/div>\n\n\t<div class=\"wpb_text_column wpb_content_element\">\n\t\t<div class=\"wpb_wrapper\">\n\t\t\t<p>[show-logos orderby=&rsquo;none&rsquo; category=&rsquo;0&prime; activeurl=&rsquo;new&rsquo; style=&rsquo;normal&rsquo; style=&rsquo;hgrayscale&rsquo; interface=&rsquo;hcarousel&rsquo; tooltip=&rsquo;false&rsquo; description=&rsquo;false&rsquo; limit=&rsquo;0&prime; padding=&rsquo;25&rsquo; filter=&rsquo;false&rsquo; carousel=&rsquo;true,4000,false,false,500,10,true,false,true,1,0,1&prime;]<\/p>\n\n\t\t<\/div>\n\t<\/div>\n<\/div><\/div><\/div><\/div><\/div><\/div><div class=\"vc_row wpb_row section vc_row-fluid vc_custom_1567994153058  grid_section mpc-row\" style=\" text-align:left;\"><div class=\"section_inner clearfix\"><div class=\"section_inner_margin clearfix\"><div class=\"wpb_column vc_column_container vc_col-sm-12 mpc-column\" data-column-id=\"mpc_column-6069e75bef1aab6\"><div class=\"vc_column-inner\"><div class=\"wpb_wrapper\">\t<div class=\"vc_empty_space\" style=\"height: 55px\"><span class=\"vc_empty_space_inner\">\n\t\t\t<span class=\"empty_space_image\"><\/span>\n\t\t<\/span><\/div>\n\n<div class=\"separator\" style=\"\"><\/div>\n\t<div class=\"vc_empty_space\" style=\"height: 55px\"><span class=\"vc_empty_space_inner\">\n\t\t\t<span class=\"empty_space_image\"><\/span>\n\t\t<\/span><\/div>\n\n<\/div><\/div><\/div><\/div><\/div><\/div><div class=\"vc_row wpb_row section vc_row-fluid  grid_section mpc-row\" style=\" text-align:left;\"><div class=\"section_inner clearfix\"><div class=\"section_inner_margin clearfix\"><div class=\"wpb_column vc_column_container vc_col-sm-12 vc_col-lg-12 vc_hidden-lg vc_col-md-12 vc_hidden-md vc_hidden-sm vc_col-xs-12 mpc-column\" data-column-id=\"mpc_column-4669e75bef1b0fb\"><div class=\"vc_column-inner\"><div class=\"wpb_wrapper\">\t<div class=\"vc_empty_space\" style=\"height: 20px\"><span class=\"vc_empty_space_inner\">\n\t\t\t<span class=\"empty_space_image\"><\/span>\n\t\t<\/span><\/div>\n\n\n\t<div class=\"wpb_single_image wpb_content_element force-right vc_custom_1567994290823 vc_align_right\">\n\t\t<div>\n\t\t<div class=\"wpb_wrapper\">\n\t\t\t\n\t\t\t<div class=\"vc_single_image-wrapper\"><img loading=\"lazy\" decoding=\"async\" width=\"1617\" height=\"837\" src=\"https:\/\/www.primefreight.com\/wp-content\/uploads\/2019\/02\/screen-1.png\" class=\"vc_single_image-img attachment-full\" alt=\"\" title=\"\u00e9cran\" srcset=\"https:\/\/www.primefreight.com\/wp-content\/uploads\/2019\/02\/screen-1.png 1617w, https:\/\/www.primefreight.com\/wp-content\/uploads\/2019\/02\/screen-1-100x52.png 100w, https:\/\/www.primefreight.com\/wp-content\/uploads\/2019\/02\/screen-1-768x398.png 768w, https:\/\/www.primefreight.com\/wp-content\/uploads\/2019\/02\/screen-1-1024x530.png 1024w, https:\/\/www.primefreight.com\/wp-content\/uploads\/2019\/02\/screen-1-700x362.png 700w\" sizes=\"auto, (max-width: 1617px) 100vw, 1617px\"><\/div>\n\t\t<\/div> \n\t\t<\/div>\n\t<\/div> \n\t<div class=\"wpb_text_column wpb_content_element\">\n\t\t<div class=\"wpb_wrapper\">\n\t\t\t<h2 class=\"_1gwo6q5\">Une seule plateforme pour tout g\u00e9rer<\/h2>\n<p><span class=\"copy\">Avec Prime Freight, vous pouvez tout faire, de la r\u00e9servation des exp\u00e9ditions et de l'envoi de messages aux fournisseurs, au rapprochement des factures et \u00e0 l'analyse des rapports, le tout en un seul endroit. Cela signifie moins de temps de recherche perdu en courriels et en manipulations de feuilles de calcul, plus de temps pour se concentrer sur ce qui est important.<\/span><\/p>\n\n\t\t<\/div>\n\t<\/div>\n\t<div class=\"vc_empty_space\" style=\"height: 20px\"><span class=\"vc_empty_space_inner\">\n\t\t\t<span class=\"empty_space_image\"><\/span>\n\t\t<\/span><\/div>\n\n<a href=\"https:\/\/www.primefreight.com\/fr\/services\/plateforme-en-ligne-prime-freight\/\" target=\"_self\" class=\"qbutton  white\" style=\"\">Voir toutes les caract\u00e9ristiques<i class=\"fa fa-arrow-right\" style=\"\"><\/i><\/a><\/div><\/div><\/div><div class=\"wpb_column vc_column_container vc_col-sm-12 vc_col-lg-12 vc_col-md-12 vc_col-xs-12 vc_hidden-xs mpc-column\" data-column-id=\"mpc_column-1669e75bef1b93b\"><div class=\"vc_column-inner\"><div class=\"wpb_wrapper\"><div class=\"vc_row wpb_row vc_inner vc_row-fluid mpc-row\"><div class=\"wpb_column vc_column_container vc_col-sm-6 mpc-column\" data-column-id=\"mpc_column-5769e75bef1b5eb\"><div class=\"vc_column-inner\"><div class=\"wpb_wrapper\">\n\t<div class=\"wpb_text_column wpb_content_element\">\n\t\t<div class=\"wpb_wrapper\">\n\t\t\t<h2 class=\"_1gwo6q5\">Une seule plateforme pour tout g\u00e9rer<\/h2>\n<p><span class=\"copy\">Avec Prime Freight, vous pouvez tout faire, de la r\u00e9servation des exp\u00e9ditions et de l'envoi de messages aux fournisseurs, au rapprochement des factures et \u00e0 l'analyse des rapports, le tout en un seul endroit. Cela signifie moins de temps de recherche perdu en courriels et en manipulations de feuilles de calcul, plus de temps pour se concentrer sur ce qui est important.<\/span><\/p>\n\n\t\t<\/div>\n\t<\/div>\n\t<div class=\"vc_empty_space\" style=\"height: 20px\"><span class=\"vc_empty_space_inner\">\n\t\t\t<span class=\"empty_space_image\"><\/span>\n\t\t<\/span><\/div>\n\n<a href=\"https:\/\/www.primefreight.com\/fr\/services\/plateforme-en-ligne-prime-freight\/\" target=\"_self\" class=\"qbutton  white\" style=\"\">Voir toutes les caract\u00e9ristiques<i class=\"fa fa-arrow-right\" style=\"\"><\/i><\/a><\/div><\/div><\/div><div class=\"wpb_column vc_column_container vc_col-sm-6 mpc-column\" data-column-id=\"mpc_column-7669e75bef1b849\"><div class=\"vc_column-inner\"><div class=\"wpb_wrapper\">\n\t<div class=\"wpb_single_image wpb_content_element force-right vc_align_right\">\n\t\t<div>\n\t\t<div class=\"wpb_wrapper\">\n\t\t\t\n\t\t\t<div class=\"vc_single_image-wrapper\"><img loading=\"lazy\" decoding=\"async\" width=\"1617\" height=\"837\" src=\"https:\/\/www.primefreight.com\/wp-content\/uploads\/2019\/02\/screen-1.png\" class=\"vc_single_image-img attachment-full\" alt=\"\" title=\"\u00e9cran\" srcset=\"https:\/\/www.primefreight.com\/wp-content\/uploads\/2019\/02\/screen-1.png 1617w, https:\/\/www.primefreight.com\/wp-content\/uploads\/2019\/02\/screen-1-100x52.png 100w, https:\/\/www.primefreight.com\/wp-content\/uploads\/2019\/02\/screen-1-768x398.png 768w, https:\/\/www.primefreight.com\/wp-content\/uploads\/2019\/02\/screen-1-1024x530.png 1024w, https:\/\/www.primefreight.com\/wp-content\/uploads\/2019\/02\/screen-1-700x362.png 700w\" sizes=\"auto, (max-width: 1617px) 100vw, 1617px\"><\/div>\n\t\t<\/div> \n\t\t<\/div>\n\t<\/div> <\/div><\/div><\/div><\/div><\/div><\/div><\/div><\/div><\/div><\/div><div class=\"vc_row wpb_row section vc_row-fluid vc_custom_1568313863491  grid_section mpc-row\" style=\" text-align:left;\"><div class=\"section_inner clearfix\"><div class=\"section_inner_margin clearfix\"><div class=\"wpb_column vc_column_container vc_col-sm-12 mpc-column\" data-column-id=\"mpc_column-8769e75bef1bcf9\"><div class=\"vc_column-inner\"><div class=\"wpb_wrapper\"><div class=\"separator\" style=\"\"><\/div>\n<\/div><\/div><\/div><\/div><\/div><\/div><div class=\"vc_row wpb_row section vc_row-fluid bgrow vc_custom_1568326296921  grid_section mpc-row\" style=\" text-align:center;\"><div class=\"section_inner clearfix\"><div class=\"section_inner_margin clearfix\"><div class=\"wpb_column vc_column_container vc_col-sm-12 mpc-column\" data-column-id=\"mpc_column-4869e75bef1c28f\"><div class=\"vc_column-inner\"><div class=\"wpb_wrapper\">\n\t<div class=\"wpb_text_column wpb_content_element\">\n\t\t<div class=\"wpb_wrapper\">\n\t\t\t<h2 class=\"_pcla6k\" style=\"text-align: center;\"><span style=\"color: #000000;\">Vous voulez en savoir plus ?<\/span><\/h2>\n\n\t\t<\/div>\n\t<\/div>\n\t<div class=\"vc_empty_space\" style=\"height: 20px\"><span class=\"vc_empty_space_inner\">\n\t\t\t<span class=\"empty_space_image\"><\/span>\n\t\t<\/span><\/div>\n\n\n\t<div class=\"wpb_text_column wpb_content_element\">\n\t\t<div class=\"wpb_wrapper\">\n\t\t\t<h3 style=\"text-align: center;\">Cr\u00e9ez votre compte gratuit<\/h3>\n\n\t\t<\/div>\n\t<\/div>\n<a href=\"https:\/\/www.primefreight.com\/fr\/sinscrire-2\/\" target=\"_self\" class=\"qbutton  large center\" style=\"\">Commencer<i class=\"fa fa-arrow-right\" style=\"\"><\/i><\/a>\t<div class=\"vc_empty_space\" style=\"height: 32px\"><span class=\"vc_empty_space_inner\">\n\t\t\t<span class=\"empty_space_image\"><\/span>\n\t\t<\/span><\/div>\n\n\n\t<div class=\"wpb_text_column wpb_content_element\">\n\t\t<div class=\"wpb_wrapper\">\n\t\t\t<h3 class=\"_fn094y\" style=\"text-align: center;\">Recevez les mises \u00e0 jour hebdomadaires du march\u00e9<\/h3>\n\n\t\t<\/div>\n\t<\/div>\n<a href=\"https:\/\/www.primefreight.com\/fr\/souscrire\/\" target=\"_self\" class=\"qbutton  large center\" style=\"\">S'abonner<i class=\"fa fa-envelope-square\" style=\"\"><\/i><\/a><\/div><\/div><\/div><\/div><\/div><\/div><!-- Row Backgrounds --><\/p>\n<\/div>","protected":false},"excerpt":{"rendered":"The forwarding company for modern logistics teams For the world&rsquo;s leading brands, Prime Freight moves freight worldwide by air, sea, rail, and truck. We combine strong software and dedicated experts to give you responsibility, tranquility of mind and control over your supply chain. Annual Freight","protected":false},"author":1,"featured_media":0,"parent":0,"menu_order":0,"comment_status":"closed","ping_status":"closed","template":"","meta":{"content-type":"","_mbp_gutenberg_autopost":false,"footnotes":""},"class_list":["post-967","page","type-page","status-publish","hentry"],"_links":{"self":[{"href":"https:\/\/www.primefreight.com\/fr\/wp-json\/wp\/v2\/pages\/967","targetHints":{"allow":["GET"]}}],"collection":[{"href":"https:\/\/www.primefreight.com\/fr\/wp-json\/wp\/v2\/pages"}],"about":[{"href":"https:\/\/www.primefreight.com\/fr\/wp-json\/wp\/v2\/types\/page"}],"author":[{"embeddable":true,"href":"https:\/\/www.primefreight.com\/fr\/wp-json\/wp\/v2\/users\/1"}],"replies":[{"embeddable":true,"href":"https:\/\/www.primefreight.com\/fr\/wp-json\/wp\/v2\/comments?post=967"}],"version-history":[{"count":89,"href":"https:\/\/www.primefreight.com\/fr\/wp-json\/wp\/v2\/pages\/967\/revisions"}],"predecessor-version":[{"id":4273,"href":"https:\/\/www.primefreight.com\/fr\/wp-json\/wp\/v2\/pages\/967\/revisions\/4273"}],"wp:attachment":[{"href":"https:\/\/www.primefreight.com\/fr\/wp-json\/wp\/v2\/media?parent=967"}],"curies":[{"name":"wp","href":"https:\/\/api.w.org\/{rel}","templated":true}]}}